{"id":215,"date":"2018-02-19T15:47:19","date_gmt":"2018-02-19T14:47:19","guid":{"rendered":"http:\/\/ecole.ac-nice.fr\/val-siagne\/rebuffel\/?page_id=215"},"modified":"2018-04-27T14:24:15","modified_gmt":"2018-04-27T12:24:15","slug":"la-classe-de-ce1-ce2","status":"publish","type":"page","link":"https:\/\/ecole.ac-nice.fr\/val-siagne\/rebuffel\/la-classe-de-ce1-ce2\/","title":{"rendered":"Classe de CE1\/CE2 &#8211; Mme Beauger"},"content":{"rendered":"<p>Situ\u00e9e au deuxi\u00e8me \u00e9tage, cette belle classe vous offre une magnifique vue sur les montagnes.<\/p>\n","protected":false},"excerpt":{"rendered":"<p>Situ\u00e9e au deuxi\u00e8me \u00e9tage, cette belle classe vous offre une magnifique vue sur les montagnes.<\/p>\n","protected":false},"author":50,"featured_media":0,"parent":0,"menu_order":0,"comment_status":"closed","ping_status":"closed","template":"","meta":{"footnotes":""},"class_list":["post-215","page","type-page","status-publish","hentry"],"_links":{"self":[{"href":"https:\/\/ecole.ac-nice.fr\/val-siagne\/rebuffel\/wp-json\/wp\/v2\/pages\/215","targetHints":{"allow":["GET"]}}],"collection":[{"href":"https:\/\/ecole.ac-nice.fr\/val-siagne\/rebuffel\/wp-json\/wp\/v2\/pages"}],"about":[{"href":"https:\/\/ecole.ac-nice.fr\/val-siagne\/rebuffel\/wp-json\/wp\/v2\/types\/page"}],"author":[{"embeddable":true,"href":"https:\/\/ecole.ac-nice.fr\/val-siagne\/rebuffel\/wp-json\/wp\/v2\/users\/50"}],"replies":[{"embeddable":true,"href":"https:\/\/ecole.ac-nice.fr\/val-siagne\/rebuffel\/wp-json\/wp\/v2\/comments?post=215"}],"version-history":[{"count":2,"href":"https:\/\/ecole.ac-nice.fr\/val-siagne\/rebuffel\/wp-json\/wp\/v2\/pages\/215\/revisions"}],"predecessor-version":[{"id":258,"href":"https:\/\/ecole.ac-nice.fr\/val-siagne\/rebuffel\/wp-json\/wp\/v2\/pages\/215\/revisions\/258"}],"wp:attachment":[{"href":"https:\/\/ecole.ac-nice.fr\/val-siagne\/rebuffel\/wp-json\/wp\/v2\/media?parent=215"}],"curies":[{"name":"wp","href":"https:\/\/api.w.org\/{rel}","templated":true}]}}