{"id":208,"date":"2018-02-19T15:45:19","date_gmt":"2018-02-19T14:45:19","guid":{"rendered":"http:\/\/ecole.ac-nice.fr\/val-siagne\/rebuffel\/?page_id=208"},"modified":"2018-04-27T15:57:41","modified_gmt":"2018-04-27T13:57:41","slug":"la-classe-de-cm1-cm2","status":"publish","type":"page","link":"https:\/\/ecole.ac-nice.fr\/val-siagne\/rebuffel\/la-classe-de-cm1-cm2\/","title":{"rendered":"Classe de CM1 CM2 &#8211; Mme Sehet et Mme Leautier"},"content":{"rendered":"<p>Deux enseignantes : Mme Leautier les lundi et jeudi et Mme Sehet les mardi, mercredi et vendredi<\/p>\n<p>25 \u00e9l\u00e8ves : 18 CM2 et 7 CM1<\/p>\n<p>&nbsp;<\/p>\n<p>Pour recevoir les livrets des \u00e9l\u00e8ves, pensez \u00e0 nous envoyer votre adresse mail \u00e0 <span style=\"color: #000080\"><a style=\"color: #000080\" href=\"mailto:ecole.0061537N@ac-nice.fr\">ecole.0061537N@ac-nice.fr<\/a><\/span><\/p>\n<p>&nbsp;<\/p>\n","protected":false},"excerpt":{"rendered":"<p>Deux enseignantes : Mme Leautier les lundi et jeudi et Mme Sehet les mardi, mercredi et vendredi 25 \u00e9l\u00e8ves : 18 CM2 et 7 CM1 &nbsp; Pour recevoir les livrets des \u00e9l\u00e8ves, pensez \u00e0 nous envoyer votre adresse mail \u00e0 ecole.0061537N@ac-nice.fr &nbsp;<\/p>\n","protected":false},"author":56,"featured_media":0,"parent":0,"menu_order":0,"comment_status":"closed","ping_status":"closed","template":"","meta":{"footnotes":""},"class_list":["post-208","page","type-page","status-publish","hentry"],"_links":{"self":[{"href":"https:\/\/ecole.ac-nice.fr\/val-siagne\/rebuffel\/wp-json\/wp\/v2\/pages\/208","targetHints":{"allow":["GET"]}}],"collection":[{"href":"https:\/\/ecole.ac-nice.fr\/val-siagne\/rebuffel\/wp-json\/wp\/v2\/pages"}],"about":[{"href":"https:\/\/ecole.ac-nice.fr\/val-siagne\/rebuffel\/wp-json\/wp\/v2\/types\/page"}],"author":[{"embeddable":true,"href":"https:\/\/ecole.ac-nice.fr\/val-siagne\/rebuffel\/wp-json\/wp\/v2\/users\/56"}],"replies":[{"embeddable":true,"href":"https:\/\/ecole.ac-nice.fr\/val-siagne\/rebuffel\/wp-json\/wp\/v2\/comments?post=208"}],"version-history":[{"count":4,"href":"https:\/\/ecole.ac-nice.fr\/val-siagne\/rebuffel\/wp-json\/wp\/v2\/pages\/208\/revisions"}],"predecessor-version":[{"id":289,"href":"https:\/\/ecole.ac-nice.fr\/val-siagne\/rebuffel\/wp-json\/wp\/v2\/pages\/208\/revisions\/289"}],"wp:attachment":[{"href":"https:\/\/ecole.ac-nice.fr\/val-siagne\/rebuffel\/wp-json\/wp\/v2\/media?parent=208"}],"curies":[{"name":"wp","href":"https:\/\/api.w.org\/{rel}","templated":true}]}}