{"id":953,"date":"2021-10-16T10:59:53","date_gmt":"2021-10-16T08:59:53","guid":{"rendered":"https:\/\/ecole.ac-nice.fr\/val-siagne\/ecole3collines\/?page_id=953"},"modified":"2021-10-20T10:54:33","modified_gmt":"2021-10-20T08:54:33","slug":"la-grande-lessive","status":"publish","type":"page","link":"https:\/\/ecole.ac-nice.fr\/val-siagne\/ecole3collines\/la-grande-lessive\/","title":{"rendered":"La grande lessive"},"content":{"rendered":"<p><img loading=\"lazy\" decoding=\"async\" class=\"alignnone size-medium wp-image-968\" src=\"http:\/\/ecole.ac-nice.fr\/val-siagne\/ecole3collines\/wp-content\/uploads\/sites\/5\/2021\/10\/Capture-decran-2021-10-20-a-10.47.52-215x300.png\" alt=\"\" width=\"215\" height=\"300\" srcset=\"https:\/\/ecole.ac-nice.fr\/val-siagne\/ecole3collines\/wp-content\/uploads\/sites\/5\/2021\/10\/Capture-decran-2021-10-20-a-10.47.52-215x300.png 215w, https:\/\/ecole.ac-nice.fr\/val-siagne\/ecole3collines\/wp-content\/uploads\/sites\/5\/2021\/10\/Capture-decran-2021-10-20-a-10.47.52.png 540w\" sizes=\"auto, (max-width: 215px) 100vw, 215px\" \/><\/p>\n<p><span style=\"color: #99cc00;font-family: helvetica, arial, sans-serif\"><strong><span style=\"font-size: 18pt;color: #000000\">Ce jeudi 14 octobre<\/span>, <\/strong><\/span><\/p>\n<p><span style=\"color: #99cc00;font-family: helvetica, arial, sans-serif\"><strong>des <span style=\"color: #ff6600\">oiseaux<\/span> de toutes <span style=\"color: #ff00ff\">plumes<\/span> ont \u00e9t\u00e9 accroch\u00e9s \u00e0 des fils pour c\u00e9l\u00e9brer <span style=\"color: #333399\">la grande lessive<\/span>, c&rsquo;\u00e9tait gai, color\u00e9 .<\/strong><\/span><\/p>\n<p><span style=\"color: #99cc00;font-family: helvetica, arial, sans-serif\"><strong><span style=\"color: #339966\"> BRAVO <\/span>\u00a0aux \u00e9l\u00e8ves pour cette belle participation !<\/strong><\/span><\/p>\n","protected":false},"excerpt":{"rendered":"<p>Ce jeudi 14 octobre, des oiseaux de toutes plumes ont \u00e9t\u00e9 accroch\u00e9s \u00e0 des fils pour c\u00e9l\u00e9brer la grande lessive, c&rsquo;\u00e9tait gai, color\u00e9 . BRAVO \u00a0aux \u00e9l\u00e8ves pour cette belle participation !<\/p>\n","protected":false},"author":174,"featured_media":0,"parent":0,"menu_order":0,"comment_status":"closed","ping_status":"closed","template":"","meta":{"footnotes":""},"class_list":["post-953","page","type-page","status-publish","hentry"],"_links":{"self":[{"href":"https:\/\/ecole.ac-nice.fr\/val-siagne\/ecole3collines\/wp-json\/wp\/v2\/pages\/953","targetHints":{"allow":["GET"]}}],"collection":[{"href":"https:\/\/ecole.ac-nice.fr\/val-siagne\/ecole3collines\/wp-json\/wp\/v2\/pages"}],"about":[{"href":"https:\/\/ecole.ac-nice.fr\/val-siagne\/ecole3collines\/wp-json\/wp\/v2\/types\/page"}],"author":[{"embeddable":true,"href":"https:\/\/ecole.ac-nice.fr\/val-siagne\/ecole3collines\/wp-json\/wp\/v2\/users\/174"}],"replies":[{"embeddable":true,"href":"https:\/\/ecole.ac-nice.fr\/val-siagne\/ecole3collines\/wp-json\/wp\/v2\/comments?post=953"}],"version-history":[{"count":4,"href":"https:\/\/ecole.ac-nice.fr\/val-siagne\/ecole3collines\/wp-json\/wp\/v2\/pages\/953\/revisions"}],"predecessor-version":[{"id":971,"href":"https:\/\/ecole.ac-nice.fr\/val-siagne\/ecole3collines\/wp-json\/wp\/v2\/pages\/953\/revisions\/971"}],"wp:attachment":[{"href":"https:\/\/ecole.ac-nice.fr\/val-siagne\/ecole3collines\/wp-json\/wp\/v2\/media?parent=953"}],"curies":[{"name":"wp","href":"https:\/\/api.w.org\/{rel}","templated":true}]}}