{"id":700,"date":"2019-12-13T16:01:41","date_gmt":"2019-12-13T15:01:41","guid":{"rendered":"http:\/\/ecole.ac-nice.fr\/val-siagne\/ecole3collines\/?page_id=700"},"modified":"2021-10-16T11:10:57","modified_gmt":"2021-10-16T09:10:57","slug":"les-regles-a-lecole-des-trois-collines","status":"publish","type":"page","link":"https:\/\/ecole.ac-nice.fr\/val-siagne\/ecole3collines\/les-regles-a-lecole-des-trois-collines\/","title":{"rendered":"Les r\u00e8gles, par les enfants"},"content":{"rendered":"<p>Les enfants de l&rsquo;\u00e9l\u00e9mentaire ont travaill\u00e9 \u00e0 l&rsquo;\u00e9laboration de r\u00e8gles communes. Vous pouvez les consulter en cliquant sur les liens ci-dessous<\/p>\n<p style=\"text-align: center\"><a href=\"http:\/\/ecole.ac-nice.fr\/val-siagne\/ecole3collines\/wp-content\/uploads\/sites\/5\/2019\/12\/relation-avec-les-autres.pdf\" target=\"_blank\" rel=\"noopener noreferrer\">Les relations avec les autres<\/a><\/p>\n<p style=\"text-align: center\"><a href=\"http:\/\/ecole.ac-nice.fr\/val-siagne\/ecole3collines\/wp-content\/uploads\/sites\/5\/2019\/12\/respect-lieu-et-mat\u00e9riel.pdf\" target=\"_blank\" rel=\"noopener noreferrer\">Le respect des lieux et du mat\u00e9riel<\/a><\/p>\n<p>Chaque enfant dispose d&rsquo;un permis de 15 points \u00e0 chaque retour de vacances. Le non respect des r\u00e8gles entra\u00eene la perte d&rsquo;un ou plusieurs points ainsi que la demande d&rsquo;une r\u00e9paration et\/ou une punition.<\/p>\n<p>Les enfants ont eux-m\u00eames propos\u00e9s les r\u00e9parations et punitions cit\u00e9es.<\/p>\n<p>Nous esp\u00e9rons ainsi favoriser un climat scolaire de plus en plus serein.<\/p>\n","protected":false},"excerpt":{"rendered":"<p>Les enfants de l&rsquo;\u00e9l\u00e9mentaire ont travaill\u00e9 \u00e0 l&rsquo;\u00e9laboration de r\u00e8gles communes. Vous pouvez les consulter en cliquant sur les liens ci-dessous Les relations avec les autres Le respect des lieux et du mat\u00e9riel Chaque enfant dispose d&rsquo;un permis de 15 points \u00e0 chaque retour de vacances. Le non respect des r\u00e8gles entra\u00eene la perte d&rsquo;un &hellip; <a href=\"https:\/\/ecole.ac-nice.fr\/val-siagne\/ecole3collines\/les-regles-a-lecole-des-trois-collines\/\" class=\"more-link\">Continuer la lecture de <span class=\"screen-reader-text\">Les r\u00e8gles, par les enfants<\/span>  <span class=\"meta-nav\">&rarr;<\/span><\/a><\/p>\n","protected":false},"author":18,"featured_media":0,"parent":0,"menu_order":0,"comment_status":"closed","ping_status":"closed","template":"","meta":{"footnotes":""},"class_list":["post-700","page","type-page","status-publish","hentry"],"_links":{"self":[{"href":"https:\/\/ecole.ac-nice.fr\/val-siagne\/ecole3collines\/wp-json\/wp\/v2\/pages\/700","targetHints":{"allow":["GET"]}}],"collection":[{"href":"https:\/\/ecole.ac-nice.fr\/val-siagne\/ecole3collines\/wp-json\/wp\/v2\/pages"}],"about":[{"href":"https:\/\/ecole.ac-nice.fr\/val-siagne\/ecole3collines\/wp-json\/wp\/v2\/types\/page"}],"author":[{"embeddable":true,"href":"https:\/\/ecole.ac-nice.fr\/val-siagne\/ecole3collines\/wp-json\/wp\/v2\/users\/18"}],"replies":[{"embeddable":true,"href":"https:\/\/ecole.ac-nice.fr\/val-siagne\/ecole3collines\/wp-json\/wp\/v2\/comments?post=700"}],"version-history":[{"count":7,"href":"https:\/\/ecole.ac-nice.fr\/val-siagne\/ecole3collines\/wp-json\/wp\/v2\/pages\/700\/revisions"}],"predecessor-version":[{"id":966,"href":"https:\/\/ecole.ac-nice.fr\/val-siagne\/ecole3collines\/wp-json\/wp\/v2\/pages\/700\/revisions\/966"}],"wp:attachment":[{"href":"https:\/\/ecole.ac-nice.fr\/val-siagne\/ecole3collines\/wp-json\/wp\/v2\/media?parent=700"}],"curies":[{"name":"wp","href":"https:\/\/api.w.org\/{rel}","templated":true}]}}