{"id":53,"date":"2017-03-28T12:02:00","date_gmt":"2017-03-28T10:02:00","guid":{"rendered":"http:\/\/ecole.ac-nice.fr\/val-siagne\/ecole-2\/?page_id=53"},"modified":"2017-03-28T12:02:00","modified_gmt":"2017-03-28T10:02:00","slug":"la-classe","status":"publish","type":"page","link":"https:\/\/ecole.ac-nice.fr\/val-siagne\/ecole3collines\/presentation-de-lecole\/la-classe\/","title":{"rendered":"La classe"},"content":{"rendered":"<p>A l&rsquo;\u00e9cole Maternelle, en plus de la socialisation, les enfants commencent \u00e0 se scolariser, notamment \u00e0 travers des jeux, dans divers lieux dont la classe<\/p>\n<p><img loading=\"lazy\" decoding=\"async\" class=\"alignnone size-medium wp-image-81\" src=\"http:\/\/ecole.ac-nice.fr\/val-siagne\/rebuffelmat\/wp-content\/uploads\/sites\/3\/2017\/03\/classe-300x225.jpg\" alt=\"\" width=\"300\" height=\"225\" \/><\/p>\n<p><a href=\"http:\/\/ecole.ac-nice.fr\/val-siagne\/rebuffelmat\/presentation-de-lecole\/\">Retour : pr\u00e9sentation de l&rsquo;\u00e9cole<\/a><\/p>\n","protected":false},"excerpt":{"rendered":"<p>A l&rsquo;\u00e9cole Maternelle, en plus de la socialisation, les enfants commencent \u00e0 se scolariser, notamment \u00e0 travers des jeux, dans divers lieux dont la classe Retour : pr\u00e9sentation de l&rsquo;\u00e9cole<\/p>\n","protected":false},"author":2,"featured_media":0,"parent":49,"menu_order":2,"comment_status":"closed","ping_status":"closed","template":"","meta":{"footnotes":""},"class_list":["post-53","page","type-page","status-publish","hentry"],"_links":{"self":[{"href":"https:\/\/ecole.ac-nice.fr\/val-siagne\/ecole3collines\/wp-json\/wp\/v2\/pages\/53","targetHints":{"allow":["GET"]}}],"collection":[{"href":"https:\/\/ecole.ac-nice.fr\/val-siagne\/ecole3collines\/wp-json\/wp\/v2\/pages"}],"about":[{"href":"https:\/\/ecole.ac-nice.fr\/val-siagne\/ecole3collines\/wp-json\/wp\/v2\/types\/page"}],"author":[{"embeddable":true,"href":"https:\/\/ecole.ac-nice.fr\/val-siagne\/ecole3collines\/wp-json\/wp\/v2\/users\/2"}],"replies":[{"embeddable":true,"href":"https:\/\/ecole.ac-nice.fr\/val-siagne\/ecole3collines\/wp-json\/wp\/v2\/comments?post=53"}],"version-history":[{"count":1,"href":"https:\/\/ecole.ac-nice.fr\/val-siagne\/ecole3collines\/wp-json\/wp\/v2\/pages\/53\/revisions"}],"predecessor-version":[{"id":54,"href":"https:\/\/ecole.ac-nice.fr\/val-siagne\/ecole3collines\/wp-json\/wp\/v2\/pages\/53\/revisions\/54"}],"up":[{"embeddable":true,"href":"https:\/\/ecole.ac-nice.fr\/val-siagne\/ecole3collines\/wp-json\/wp\/v2\/pages\/49"}],"wp:attachment":[{"href":"https:\/\/ecole.ac-nice.fr\/val-siagne\/ecole3collines\/wp-json\/wp\/v2\/media?parent=53"}],"curies":[{"name":"wp","href":"https:\/\/api.w.org\/{rel}","templated":true}]}}