{"id":1050,"date":"2022-12-02T15:30:20","date_gmt":"2022-12-02T14:30:20","guid":{"rendered":"https:\/\/ecole.ac-nice.fr\/val-siagne\/ecole3collines\/?page_id=1050"},"modified":"2022-12-02T15:30:26","modified_gmt":"2022-12-02T14:30:26","slug":"noel-a-lecole","status":"publish","type":"page","link":"https:\/\/ecole.ac-nice.fr\/val-siagne\/ecole3collines\/noel-a-lecole\/","title":{"rendered":"No\u00ebl \u00e0 l&rsquo;\u00e9cole"},"content":{"rendered":"<p>Des affiches cr\u00e9\u00e9es par les classes de maternelle, d\u2019\u00e9l\u00e9mentaire et le p\u00e9riscolaire.<\/p>\n<p>&nbsp;<\/p>\n<p><img loading=\"lazy\" decoding=\"async\" class=\"alignnone wp-image-1057\" src=\"http:\/\/ecole.ac-nice.fr\/val-siagne\/ecole3collines\/wp-content\/uploads\/sites\/5\/2022\/12\/317415769_5916947878339070_139169864424217020_n-210x300.jpg\" alt=\"\" width=\"298\" height=\"426\" srcset=\"https:\/\/ecole.ac-nice.fr\/val-siagne\/ecole3collines\/wp-content\/uploads\/sites\/5\/2022\/12\/317415769_5916947878339070_139169864424217020_n-210x300.jpg 210w, https:\/\/ecole.ac-nice.fr\/val-siagne\/ecole3collines\/wp-content\/uploads\/sites\/5\/2022\/12\/317415769_5916947878339070_139169864424217020_n-718x1024.jpg 718w, https:\/\/ecole.ac-nice.fr\/val-siagne\/ecole3collines\/wp-content\/uploads\/sites\/5\/2022\/12\/317415769_5916947878339070_139169864424217020_n-768x1095.jpg 768w, https:\/\/ecole.ac-nice.fr\/val-siagne\/ecole3collines\/wp-content\/uploads\/sites\/5\/2022\/12\/317415769_5916947878339070_139169864424217020_n-1078x1536.jpg 1078w, https:\/\/ecole.ac-nice.fr\/val-siagne\/ecole3collines\/wp-content\/uploads\/sites\/5\/2022\/12\/317415769_5916947878339070_139169864424217020_n-1437x2048.jpg 1437w, https:\/\/ecole.ac-nice.fr\/val-siagne\/ecole3collines\/wp-content\/uploads\/sites\/5\/2022\/12\/317415769_5916947878339070_139169864424217020_n-scaled.jpg 1796w\" sizes=\"auto, (max-width: 298px) 100vw, 298px\" \/><img loading=\"lazy\" decoding=\"async\" class=\"alignnone size-medium wp-image-1058\" src=\"http:\/\/ecole.ac-nice.fr\/val-siagne\/ecole3collines\/wp-content\/uploads\/sites\/5\/2022\/12\/317018635_538448994501229_2341694158199116641_n-300x281.jpg\" alt=\"\" width=\"300\" height=\"281\" srcset=\"https:\/\/ecole.ac-nice.fr\/val-siagne\/ecole3collines\/wp-content\/uploads\/sites\/5\/2022\/12\/317018635_538448994501229_2341694158199116641_n-300x281.jpg 300w, https:\/\/ecole.ac-nice.fr\/val-siagne\/ecole3collines\/wp-content\/uploads\/sites\/5\/2022\/12\/317018635_538448994501229_2341694158199116641_n-1024x960.jpg 1024w, https:\/\/ecole.ac-nice.fr\/val-siagne\/ecole3collines\/wp-content\/uploads\/sites\/5\/2022\/12\/317018635_538448994501229_2341694158199116641_n-768x720.jpg 768w, https:\/\/ecole.ac-nice.fr\/val-siagne\/ecole3collines\/wp-content\/uploads\/sites\/5\/2022\/12\/317018635_538448994501229_2341694158199116641_n-1536x1440.jpg 1536w, https:\/\/ecole.ac-nice.fr\/val-siagne\/ecole3collines\/wp-content\/uploads\/sites\/5\/2022\/12\/317018635_538448994501229_2341694158199116641_n-2048x1921.jpg 2048w\" sizes=\"auto, (max-width: 300px) 100vw, 300px\" \/><\/p>\n<p>&nbsp;<\/p>\n<p>Des d\u00e9corations install\u00e9es par l&rsquo;association de parents d\u2019\u00e9l\u00e8ves.<\/p>\n<p><img loading=\"lazy\" decoding=\"async\" class=\"alignnone wp-image-1052\" src=\"http:\/\/ecole.ac-nice.fr\/val-siagne\/ecole3collines\/wp-content\/uploads\/sites\/5\/2022\/12\/317090548_635217201723595_8680633099513318114_n-169x300.jpg\" alt=\"\" width=\"196\" height=\"348\" srcset=\"https:\/\/ecole.ac-nice.fr\/val-siagne\/ecole3collines\/wp-content\/uploads\/sites\/5\/2022\/12\/317090548_635217201723595_8680633099513318114_n-169x300.jpg 169w, https:\/\/ecole.ac-nice.fr\/val-siagne\/ecole3collines\/wp-content\/uploads\/sites\/5\/2022\/12\/317090548_635217201723595_8680633099513318114_n-576x1024.jpg 576w, https:\/\/ecole.ac-nice.fr\/val-siagne\/ecole3collines\/wp-content\/uploads\/sites\/5\/2022\/12\/317090548_635217201723595_8680633099513318114_n-768x1366.jpg 768w, https:\/\/ecole.ac-nice.fr\/val-siagne\/ecole3collines\/wp-content\/uploads\/sites\/5\/2022\/12\/317090548_635217201723595_8680633099513318114_n-864x1536.jpg 864w, https:\/\/ecole.ac-nice.fr\/val-siagne\/ecole3collines\/wp-content\/uploads\/sites\/5\/2022\/12\/317090548_635217201723595_8680633099513318114_n-1152x2048.jpg 1152w, https:\/\/ecole.ac-nice.fr\/val-siagne\/ecole3collines\/wp-content\/uploads\/sites\/5\/2022\/12\/317090548_635217201723595_8680633099513318114_n-scaled.jpg 1440w\" sizes=\"auto, (max-width: 196px) 100vw, 196px\" \/><\/p>\n<p><img loading=\"lazy\" decoding=\"async\" class=\"alignnone wp-image-1056\" src=\"http:\/\/ecole.ac-nice.fr\/val-siagne\/ecole3collines\/wp-content\/uploads\/sites\/5\/2022\/12\/316785594_708747687341613_8385471610139648713_n-267x300.jpg\" alt=\"\" width=\"189\" height=\"212\" srcset=\"https:\/\/ecole.ac-nice.fr\/val-siagne\/ecole3collines\/wp-content\/uploads\/sites\/5\/2022\/12\/316785594_708747687341613_8385471610139648713_n-267x300.jpg 267w, https:\/\/ecole.ac-nice.fr\/val-siagne\/ecole3collines\/wp-content\/uploads\/sites\/5\/2022\/12\/316785594_708747687341613_8385471610139648713_n-910x1024.jpg 910w, https:\/\/ecole.ac-nice.fr\/val-siagne\/ecole3collines\/wp-content\/uploads\/sites\/5\/2022\/12\/316785594_708747687341613_8385471610139648713_n-768x865.jpg 768w, https:\/\/ecole.ac-nice.fr\/val-siagne\/ecole3collines\/wp-content\/uploads\/sites\/5\/2022\/12\/316785594_708747687341613_8385471610139648713_n-1365x1536.jpg 1365w, https:\/\/ecole.ac-nice.fr\/val-siagne\/ecole3collines\/wp-content\/uploads\/sites\/5\/2022\/12\/316785594_708747687341613_8385471610139648713_n-1819x2048.jpg 1819w\" sizes=\"auto, (max-width: 189px) 100vw, 189px\" \/><\/p>\n<p><img loading=\"lazy\" decoding=\"async\" class=\"alignnone wp-image-1055\" src=\"http:\/\/ecole.ac-nice.fr\/val-siagne\/ecole3collines\/wp-content\/uploads\/sites\/5\/2022\/12\/316834450_598189622064490_3345716814324879082_n-300x300.jpg\" alt=\"\" width=\"192\" height=\"192\" srcset=\"https:\/\/ecole.ac-nice.fr\/val-siagne\/ecole3collines\/wp-content\/uploads\/sites\/5\/2022\/12\/316834450_598189622064490_3345716814324879082_n-300x300.jpg 300w, https:\/\/ecole.ac-nice.fr\/val-siagne\/ecole3collines\/wp-content\/uploads\/sites\/5\/2022\/12\/316834450_598189622064490_3345716814324879082_n-1022x1024.jpg 1022w, https:\/\/ecole.ac-nice.fr\/val-siagne\/ecole3collines\/wp-content\/uploads\/sites\/5\/2022\/12\/316834450_598189622064490_3345716814324879082_n-150x150.jpg 150w, https:\/\/ecole.ac-nice.fr\/val-siagne\/ecole3collines\/wp-content\/uploads\/sites\/5\/2022\/12\/316834450_598189622064490_3345716814324879082_n-768x769.jpg 768w, https:\/\/ecole.ac-nice.fr\/val-siagne\/ecole3collines\/wp-content\/uploads\/sites\/5\/2022\/12\/316834450_598189622064490_3345716814324879082_n-1533x1536.jpg 1533w, https:\/\/ecole.ac-nice.fr\/val-siagne\/ecole3collines\/wp-content\/uploads\/sites\/5\/2022\/12\/316834450_598189622064490_3345716814324879082_n-2044x2048.jpg 2044w\" sizes=\"auto, (max-width: 192px) 100vw, 192px\" \/><\/p>\n","protected":false},"excerpt":{"rendered":"<p>Des affiches cr\u00e9\u00e9es par les classes de maternelle, d\u2019\u00e9l\u00e9mentaire et le p\u00e9riscolaire. &nbsp; &nbsp; Des d\u00e9corations install\u00e9es par l&rsquo;association de parents d\u2019\u00e9l\u00e8ves.<\/p>\n","protected":false},"author":174,"featured_media":0,"parent":0,"menu_order":0,"comment_status":"closed","ping_status":"closed","template":"","meta":{"footnotes":""},"class_list":["post-1050","page","type-page","status-publish","hentry"],"_links":{"self":[{"href":"https:\/\/ecole.ac-nice.fr\/val-siagne\/ecole3collines\/wp-json\/wp\/v2\/pages\/1050","targetHints":{"allow":["GET"]}}],"collection":[{"href":"https:\/\/ecole.ac-nice.fr\/val-siagne\/ecole3collines\/wp-json\/wp\/v2\/pages"}],"about":[{"href":"https:\/\/ecole.ac-nice.fr\/val-siagne\/ecole3collines\/wp-json\/wp\/v2\/types\/page"}],"author":[{"embeddable":true,"href":"https:\/\/ecole.ac-nice.fr\/val-siagne\/ecole3collines\/wp-json\/wp\/v2\/users\/174"}],"replies":[{"embeddable":true,"href":"https:\/\/ecole.ac-nice.fr\/val-siagne\/ecole3collines\/wp-json\/wp\/v2\/comments?post=1050"}],"version-history":[{"count":1,"href":"https:\/\/ecole.ac-nice.fr\/val-siagne\/ecole3collines\/wp-json\/wp\/v2\/pages\/1050\/revisions"}],"predecessor-version":[{"id":1062,"href":"https:\/\/ecole.ac-nice.fr\/val-siagne\/ecole3collines\/wp-json\/wp\/v2\/pages\/1050\/revisions\/1062"}],"wp:attachment":[{"href":"https:\/\/ecole.ac-nice.fr\/val-siagne\/ecole3collines\/wp-json\/wp\/v2\/media?parent=1050"}],"curies":[{"name":"wp","href":"https:\/\/api.w.org\/{rel}","templated":true}]}}