{"id":70,"date":"2017-03-27T21:38:37","date_gmt":"2017-03-27T19:38:37","guid":{"rendered":"http:\/\/ecole.ac-nice.fr\/val-siagne\/ecole-2\/?page_id=70"},"modified":"2017-07-06T08:03:42","modified_gmt":"2017-07-06T06:03:42","slug":"presentation-de-lecole","status":"publish","type":"page","link":"https:\/\/ecole.ac-nice.fr\/val-siagne\/Roquette_village\/presentation-de-lecole\/","title":{"rendered":"Pr\u00e9sentation de l&rsquo;\u00e9cole"},"content":{"rendered":"<p>L&rsquo;\u00e9cole du village est constitu\u00e9e de 7 classes:<\/p>\n<p>2 classes maternelles<\/p>\n<p>5 classes \u00e9l\u00e9mentaires<\/p>\n","protected":false},"excerpt":{"rendered":"<p>L&rsquo;\u00e9cole du village est constitu\u00e9e de 7 classes: 2 classes maternelles 5 classes \u00e9l\u00e9mentaires<\/p>\n","protected":false},"author":2,"featured_media":189,"parent":0,"menu_order":0,"comment_status":"closed","ping_status":"closed","template":"","meta":{"footnotes":""},"class_list":["post-70","page","type-page","status-publish","has-post-thumbnail","hentry"],"_links":{"self":[{"href":"https:\/\/ecole.ac-nice.fr\/val-siagne\/Roquette_village\/wp-json\/wp\/v2\/pages\/70","targetHints":{"allow":["GET"]}}],"collection":[{"href":"https:\/\/ecole.ac-nice.fr\/val-siagne\/Roquette_village\/wp-json\/wp\/v2\/pages"}],"about":[{"href":"https:\/\/ecole.ac-nice.fr\/val-siagne\/Roquette_village\/wp-json\/wp\/v2\/types\/page"}],"author":[{"embeddable":true,"href":"https:\/\/ecole.ac-nice.fr\/val-siagne\/Roquette_village\/wp-json\/wp\/v2\/users\/2"}],"replies":[{"embeddable":true,"href":"https:\/\/ecole.ac-nice.fr\/val-siagne\/Roquette_village\/wp-json\/wp\/v2\/comments?post=70"}],"version-history":[{"count":8,"href":"https:\/\/ecole.ac-nice.fr\/val-siagne\/Roquette_village\/wp-json\/wp\/v2\/pages\/70\/revisions"}],"predecessor-version":[{"id":196,"href":"https:\/\/ecole.ac-nice.fr\/val-siagne\/Roquette_village\/wp-json\/wp\/v2\/pages\/70\/revisions\/196"}],"wp:featuredmedia":[{"embeddable":true,"href":"https:\/\/ecole.ac-nice.fr\/val-siagne\/Roquette_village\/wp-json\/wp\/v2\/media\/189"}],"wp:attachment":[{"href":"https:\/\/ecole.ac-nice.fr\/val-siagne\/Roquette_village\/wp-json\/wp\/v2\/media?parent=70"}],"curies":[{"name":"wp","href":"https:\/\/api.w.org\/{rel}","templated":true}]}}