{"id":68,"date":"2017-03-27T21:35:32","date_gmt":"2017-03-27T19:35:32","guid":{"rendered":"http:\/\/ecole.ac-nice.fr\/val-siagne\/ecole-2\/?page_id=68"},"modified":"2017-03-27T21:35:32","modified_gmt":"2017-03-27T19:35:32","slug":"informations-administratives","status":"publish","type":"page","link":"https:\/\/ecole.ac-nice.fr\/val-siagne\/Roquette_village\/informations-administratives\/","title":{"rendered":"Informations administratives"},"content":{"rendered":"<p>Dans cette rubrique, vous trouverez :<\/p>\n<ul>\n<li><a href=\"http:\/\/ecole.ac-nice.fr\/val-siagne\/ecole-2\/adresse-et-contacts\/\">l&rsquo;adresse, le plan d&rsquo;acc\u00e8s et les contacts par rapport \u00e0 l&rsquo;\u00e9cole<\/a><\/li>\n<li><a href=\"http:\/\/ecole.ac-nice.fr\/val-siagne\/ecole-2\/reglement-de-lecole\/\">le r\u00e8glement interne de l&rsquo;\u00e9cole<\/a><\/li>\n<li><a href=\"http:\/\/ecole.ac-nice.fr\/val-siagne\/ecole-2\/vacances-scolaires\/\">les calendriers des vacances scolaires<\/a><\/li>\n<\/ul>\n","protected":false},"excerpt":{"rendered":"<p>Dans cette rubrique, vous trouverez : l&rsquo;adresse, le plan d&rsquo;acc\u00e8s et les contacts par rapport \u00e0 l&rsquo;\u00e9cole le r\u00e8glement interne de l&rsquo;\u00e9cole les calendriers des vacances scolaires<\/p>\n","protected":false},"author":2,"featured_media":0,"parent":0,"menu_order":0,"comment_status":"closed","ping_status":"closed","template":"","meta":{"footnotes":""},"class_list":["post-68","page","type-page","status-publish","hentry"],"_links":{"self":[{"href":"https:\/\/ecole.ac-nice.fr\/val-siagne\/Roquette_village\/wp-json\/wp\/v2\/pages\/68","targetHints":{"allow":["GET"]}}],"collection":[{"href":"https:\/\/ecole.ac-nice.fr\/val-siagne\/Roquette_village\/wp-json\/wp\/v2\/pages"}],"about":[{"href":"https:\/\/ecole.ac-nice.fr\/val-siagne\/Roquette_village\/wp-json\/wp\/v2\/types\/page"}],"author":[{"embeddable":true,"href":"https:\/\/ecole.ac-nice.fr\/val-siagne\/Roquette_village\/wp-json\/wp\/v2\/users\/2"}],"replies":[{"embeddable":true,"href":"https:\/\/ecole.ac-nice.fr\/val-siagne\/Roquette_village\/wp-json\/wp\/v2\/comments?post=68"}],"version-history":[{"count":1,"href":"https:\/\/ecole.ac-nice.fr\/val-siagne\/Roquette_village\/wp-json\/wp\/v2\/pages\/68\/revisions"}],"predecessor-version":[{"id":69,"href":"https:\/\/ecole.ac-nice.fr\/val-siagne\/Roquette_village\/wp-json\/wp\/v2\/pages\/68\/revisions\/69"}],"wp:attachment":[{"href":"https:\/\/ecole.ac-nice.fr\/val-siagne\/Roquette_village\/wp-json\/wp\/v2\/media?parent=68"}],"curies":[{"name":"wp","href":"https:\/\/api.w.org\/{rel}","templated":true}]}}