{"id":64,"date":"2017-03-27T21:26:05","date_gmt":"2017-03-27T19:26:05","guid":{"rendered":"http:\/\/ecole.ac-nice.fr\/val-siagne\/ecole-2\/?page_id=64"},"modified":"2018-02-19T11:20:43","modified_gmt":"2018-02-19T10:20:43","slug":"reglement-de-lecole","status":"publish","type":"page","link":"https:\/\/ecole.ac-nice.fr\/val-siagne\/Roquette_village\/informations-administratives\/reglement-de-lecole\/","title":{"rendered":"R\u00e8glement de l&rsquo;\u00e9cole"},"content":{"rendered":"<p>En cliquant sur le lien suivant, vous acc\u00e8derez au r\u00e8glement de l&rsquo;\u00e9cole<\/p>\n<p><a href=\"http:\/\/ecole.ac-nice.fr\/val-siagne\/Roquette_village\/wp-content\/uploads\/sites\/4\/2018\/02\/Reglement_departemental06-1.pdf\" target=\"_blank\" rel=\"noopener\">Lien vers le r\u00e8glement<\/a><\/p>\n","protected":false},"excerpt":{"rendered":"<p>En cliquant sur le lien suivant, vous acc\u00e8derez au r\u00e8glement de l&rsquo;\u00e9cole Lien vers le r\u00e8glement<\/p>\n","protected":false},"author":2,"featured_media":0,"parent":68,"menu_order":2,"comment_status":"closed","ping_status":"closed","template":"","meta":{"footnotes":""},"class_list":["post-64","page","type-page","status-publish","hentry"],"_links":{"self":[{"href":"https:\/\/ecole.ac-nice.fr\/val-siagne\/Roquette_village\/wp-json\/wp\/v2\/pages\/64","targetHints":{"allow":["GET"]}}],"collection":[{"href":"https:\/\/ecole.ac-nice.fr\/val-siagne\/Roquette_village\/wp-json\/wp\/v2\/pages"}],"about":[{"href":"https:\/\/ecole.ac-nice.fr\/val-siagne\/Roquette_village\/wp-json\/wp\/v2\/types\/page"}],"author":[{"embeddable":true,"href":"https:\/\/ecole.ac-nice.fr\/val-siagne\/Roquette_village\/wp-json\/wp\/v2\/users\/2"}],"replies":[{"embeddable":true,"href":"https:\/\/ecole.ac-nice.fr\/val-siagne\/Roquette_village\/wp-json\/wp\/v2\/comments?post=64"}],"version-history":[{"count":3,"href":"https:\/\/ecole.ac-nice.fr\/val-siagne\/Roquette_village\/wp-json\/wp\/v2\/pages\/64\/revisions"}],"predecessor-version":[{"id":221,"href":"https:\/\/ecole.ac-nice.fr\/val-siagne\/Roquette_village\/wp-json\/wp\/v2\/pages\/64\/revisions\/221"}],"up":[{"embeddable":true,"href":"https:\/\/ecole.ac-nice.fr\/val-siagne\/Roquette_village\/wp-json\/wp\/v2\/pages\/68"}],"wp:attachment":[{"href":"https:\/\/ecole.ac-nice.fr\/val-siagne\/Roquette_village\/wp-json\/wp\/v2\/media?parent=64"}],"curies":[{"name":"wp","href":"https:\/\/api.w.org\/{rel}","templated":true}]}}