{"id":16,"date":"2017-03-26T19:54:57","date_gmt":"2017-03-26T17:54:57","guid":{"rendered":"http:\/\/ecole.ac-nice.fr\/val-siagne\/ecole-2\/?page_id=16"},"modified":"2018-02-19T10:57:04","modified_gmt":"2018-02-19T09:57:04","slug":"adresse-et-contacts","status":"publish","type":"page","link":"https:\/\/ecole.ac-nice.fr\/val-siagne\/Roquette_village\/informations-administratives\/adresse-et-contacts\/","title":{"rendered":"Adresse et contacts"},"content":{"rendered":"<p style=\"text-align: center\"><span style=\"color: #ff6600;font-family: tahoma,arial,helvetica,sans-serif;font-size: 24pt\">Ecole Primaire du Village<\/span><br \/>\n<span style=\"color: #ff6600;font-family: tahoma,arial,helvetica,sans-serif;font-size: 24pt\"> 381 Boulevard du 8 mai<\/span><br \/>\n<span style=\"color: #ff6600;font-family: tahoma,arial,helvetica,sans-serif;font-size: 24pt\"> 06 550 La Roquette sur Siagne<\/span><\/p>\n<p style=\"text-align: center\"><span style=\"color: #008080\">Num\u00e9ro de t\u00e9l\u00e9phone \u00e9cole\u00a0: 04 92 19 23 48<\/span><\/p>\n<p style=\"text-align: center\"><span style=\"color: #008080\">Adresse mail : ecole.0060515C@ac-nice.fr<\/span><\/p>\n<p style=\"text-align: center\"><span style=\"color: #008080\"><strong>Pour contacter l&rsquo;\u00e9cole, veuillez privil\u00e9gier la communication par mail, MERCI!<\/strong><\/span><\/p>\n<h1 style=\"text-align: center\"><span style=\"font-size: 14pt\">L&rsquo;\u00e9cole Primaire du Village est ouverte de 7h30 \u00e0 18h30.<\/span><\/h1>\n<p><span style=\"color: #008080\">Nos horaires scolaires<\/span><\/p>\n<div style=\"text-align: center\"><span style=\"color: #008080\"><strong>lundi, mardi, jeudi et vendredi <\/strong><\/span><\/div>\n<div style=\"text-align: center\"><span style=\"color: #008080\"><strong>de 8h20 \u00e0 12h00 et de 13h20 \u00e0 15h15.<\/strong><\/span><\/div>\n<div style=\"text-align: center\"><span style=\"color: #008080\"><strong>mercredi : 8h30 \u00a0&#8211; 11h30<\/strong><\/span><\/div>\n<h3 style=\"text-align: center\"><span style=\"color: #808000\">Horaires des TAP : 15h15 \u00a0&#8211; \u00a016h15<\/span><\/h3>\n<h3 style=\"text-align: center\"><span style=\"color: #808000\">\u00a0lundi, mardi et jeudi<\/span><\/h3>\n<p>&nbsp;<\/p>\n<div style=\"text-align: center\"><span style=\"color: #800000\">Horaires garderie : 7h30 \u00a0&#8211; \u00a08h20 \u00a0et \u00a0jusqu&rsquo;\u00e0 18h30 \u00a0 tous les jours sauf mercredi<\/span><\/div>\n<div style=\"text-align: center\"><span style=\"color: #800000\">\u00a0 \u00a0 \u00a0 \u00a0 \u00a0 \u00a0 \u00a0 \u00a0 \u00a0 \u00a0 \u00a0 \u00a0 \u00a0 \u00a0 \u00a0 \u00a0 \u00a0 \u00a0mercredi : garderie de 11h30 \u00e0 12h30;<\/span><\/div>\n<div>\n<p>&nbsp;<\/p>\n<p style=\"text-align: center\">\n<\/div>\n<p><span style=\"color: #ff00ff;font-size: 24pt\">\u00a0<\/span><\/p>\n<div><\/div>\n<div style=\"text-align: center\"><span style=\"color: #008080\"><strong>\u00a0<\/strong><\/span><\/div>\n<p>&nbsp;<\/p>\n","protected":false},"excerpt":{"rendered":"<p>Ecole Primaire du Village 381 Boulevard du 8 mai 06 550 La Roquette sur Siagne Num\u00e9ro de t\u00e9l\u00e9phone \u00e9cole\u00a0: 04 92 19 23 48 Adresse mail : ecole.0060515C@ac-nice.fr Pour contacter l&rsquo;\u00e9cole, veuillez privil\u00e9gier la communication par mail, MERCI! L&rsquo;\u00e9cole Primaire du Village est ouverte de 7h30 \u00e0 18h30. Nos horaires scolaires lundi, mardi, jeudi et &hellip; <a href=\"https:\/\/ecole.ac-nice.fr\/val-siagne\/Roquette_village\/informations-administratives\/adresse-et-contacts\/\" class=\"more-link\">Continuer la lecture de <span class=\"screen-reader-text\">Adresse et contacts<\/span>  <span class=\"meta-nav\">&rarr;<\/span><\/a><\/p>\n","protected":false},"author":2,"featured_media":189,"parent":68,"menu_order":1,"comment_status":"closed","ping_status":"closed","template":"","meta":{"footnotes":""},"class_list":["post-16","page","type-page","status-publish","has-post-thumbnail","hentry"],"_links":{"self":[{"href":"https:\/\/ecole.ac-nice.fr\/val-siagne\/Roquette_village\/wp-json\/wp\/v2\/pages\/16","targetHints":{"allow":["GET"]}}],"collection":[{"href":"https:\/\/ecole.ac-nice.fr\/val-siagne\/Roquette_village\/wp-json\/wp\/v2\/pages"}],"about":[{"href":"https:\/\/ecole.ac-nice.fr\/val-siagne\/Roquette_village\/wp-json\/wp\/v2\/types\/page"}],"author":[{"embeddable":true,"href":"https:\/\/ecole.ac-nice.fr\/val-siagne\/Roquette_village\/wp-json\/wp\/v2\/users\/2"}],"replies":[{"embeddable":true,"href":"https:\/\/ecole.ac-nice.fr\/val-siagne\/Roquette_village\/wp-json\/wp\/v2\/comments?post=16"}],"version-history":[{"count":7,"href":"https:\/\/ecole.ac-nice.fr\/val-siagne\/Roquette_village\/wp-json\/wp\/v2\/pages\/16\/revisions"}],"predecessor-version":[{"id":217,"href":"https:\/\/ecole.ac-nice.fr\/val-siagne\/Roquette_village\/wp-json\/wp\/v2\/pages\/16\/revisions\/217"}],"up":[{"embeddable":true,"href":"https:\/\/ecole.ac-nice.fr\/val-siagne\/Roquette_village\/wp-json\/wp\/v2\/pages\/68"}],"wp:featuredmedia":[{"embeddable":true,"href":"https:\/\/ecole.ac-nice.fr\/val-siagne\/Roquette_village\/wp-json\/wp\/v2\/media\/189"}],"wp:attachment":[{"href":"https:\/\/ecole.ac-nice.fr\/val-siagne\/Roquette_village\/wp-json\/wp\/v2\/media?parent=16"}],"curies":[{"name":"wp","href":"https:\/\/api.w.org\/{rel}","templated":true}]}}