{"id":283,"date":"2017-04-26T14:40:38","date_gmt":"2017-04-26T12:40:38","guid":{"rendered":"http:\/\/www.ac-nice.fr\/academie\/ringo\/\/ringo\/?page_id=2"},"modified":"2021-10-15T16:24:20","modified_gmt":"2021-10-15T14:24:20","slug":"contact","status":"publish","type":"page","link":"https:\/\/ecole.ac-nice.fr\/toulon1\/eevalbertrand\/contact\/","title":{"rendered":"Contact"},"content":{"rendered":"<p><strong>\u00c9cole \u00e9l\u00e9mentaire Valbertrand<\/strong><\/p>\n<p>458 Rue Charles Gantelme &#8211; 83200 Toulon<\/p>\n<p>T\u00e9l.: 04.94.24.59.72<\/p>\n<p>portable : 07.60.47.43.12<\/p>\n<p>M\u00e9l : <a href=\"mailto:ecole.0830318V@ac-nice.fr\">ecole.0830318V@ac-nice.fr<\/a><\/p>\n<p><a href=\"http:\/\/www.education.gouv.fr\/pid24326\/formulaire-envoyer-par-courriel.html?code=0830318V\" target=\"_blank\" rel=\"noopener noreferrer\">Contactez l&rsquo;\u00e9cole par formulaire<\/a><\/p>\n<p><a href=\"http:\/\/www.education.gouv.fr\/annuaire\/83-var\/toulon\/etab\/ecole-elementaire-publique-valbertrand.html\" target=\"_blank\" rel=\"noopener noreferrer\">Retrouvez la fiche de l&rsquo;\u00e9cole sur l&rsquo;annuaire national<\/a><\/p>\n<p><a href=\"http:\/\/geolocalisation.onisep.fr\/monecole\/83-var\/toulon\/etab\/ecole-elementaire-publique-valbertrand.html\" target=\"_blank\" rel=\"noopener noreferrer\">Localisez l&rsquo;\u00e9cole<\/a><\/p>\n<hr \/>\n<p>&nbsp;<\/p>\n","protected":false},"excerpt":{"rendered":"<p>\u00c9cole \u00e9l\u00e9mentaire Valbertrand 458 Rue Charles Gantelme &#8211; 83200 Toulon T\u00e9l.: 04.94.24.59.72 portable : 07.60.47.43.12 M\u00e9l : ecole.0830318V@ac-nice.fr Contactez l&rsquo;\u00e9cole par formulaire Retrouvez la fiche de l&rsquo;\u00e9cole sur l&rsquo;annuaire national Localisez l&rsquo;\u00e9cole &nbsp;<\/p>\n","protected":false},"author":2,"featured_media":0,"parent":0,"menu_order":0,"comment_status":"closed","ping_status":"open","template":"","meta":{"footnotes":""},"class_list":["post-283","page","type-page","status-publish","hentry"],"_links":{"self":[{"href":"https:\/\/ecole.ac-nice.fr\/toulon1\/eevalbertrand\/wp-json\/wp\/v2\/pages\/283","targetHints":{"allow":["GET"]}}],"collection":[{"href":"https:\/\/ecole.ac-nice.fr\/toulon1\/eevalbertrand\/wp-json\/wp\/v2\/pages"}],"about":[{"href":"https:\/\/ecole.ac-nice.fr\/toulon1\/eevalbertrand\/wp-json\/wp\/v2\/types\/page"}],"author":[{"embeddable":true,"href":"https:\/\/ecole.ac-nice.fr\/toulon1\/eevalbertrand\/wp-json\/wp\/v2\/users\/2"}],"replies":[{"embeddable":true,"href":"https:\/\/ecole.ac-nice.fr\/toulon1\/eevalbertrand\/wp-json\/wp\/v2\/comments?post=283"}],"version-history":[{"count":4,"href":"https:\/\/ecole.ac-nice.fr\/toulon1\/eevalbertrand\/wp-json\/wp\/v2\/pages\/283\/revisions"}],"predecessor-version":[{"id":9838,"href":"https:\/\/ecole.ac-nice.fr\/toulon1\/eevalbertrand\/wp-json\/wp\/v2\/pages\/283\/revisions\/9838"}],"wp:attachment":[{"href":"https:\/\/ecole.ac-nice.fr\/toulon1\/eevalbertrand\/wp-json\/wp\/v2\/media?parent=283"}],"curies":[{"name":"wp","href":"https:\/\/api.w.org\/{rel}","templated":true}]}}