{"id":141,"date":"2017-06-02T20:10:53","date_gmt":"2017-06-02T18:10:53","guid":{"rendered":"https:\/\/mediaca.ac-nice.fr\/ringo\/?page_id=141"},"modified":"2021-10-15T16:23:41","modified_gmt":"2021-10-15T14:23:41","slug":"accueil","status":"publish","type":"page","link":"https:\/\/ecole.ac-nice.fr\/toulon1\/eevalbertrand\/accueil\/","title":{"rendered":"Accueil"},"content":{"rendered":"<p>L&rsquo;\u00e9cole \u00e9l\u00e9mentaire Valbertrand se situe dans la ville de Toulon, circonscription de\u00a0 Toulon 1 dirig\u00e9e par Madame l&rsquo;Inspectrice de l\u2019\u00c9ducation nationale Mich\u00e8le Bernard.<\/p>\n<p>L\u2019\u00e9cole accueille 223 \u00e9l\u00e8ves en 2021 r\u00e9partis dans 9 classes \u00e9l\u00e9mentaires .<\/p>\n<ul>\n<li>2 classes de CP<\/li>\n<li>2 classe de CE1<\/li>\n<li>1 classe de CE1\/CE2<\/li>\n<li>1 classe de CE2<\/li>\n<li>1 classe de CM1<\/li>\n<li>1 classe de CM1\/CM2<\/li>\n<li>1 classe de CM2<\/li>\n<li>1 regroupement ULIS<\/li>\n<\/ul>\n<p>L&rsquo;\u00e9cole comporte \u00e9galement un r\u00e9seau d&rsquo;aides sp\u00e9cialis\u00e9es aux \u00e9l\u00e8ves en difficult\u00e9 compos\u00e9 d&rsquo;un psychologue scolaire et de deux enseignants sp\u00e9cialis\u00e9s<\/p>\n<h2>Horaires<\/h2>\n<p>de 8h30 \u00e0 11h30 (matin) et de 13h30 \u00e0 16h30 (l&rsquo;apr\u00e8s-midi)<\/p>\n<p>Les jours de d\u00e9charge de la directrice sont : mardi et vendredi toute la journ\u00e9e<\/p>\n<h2>Coordonn\u00e9es<\/h2>\n<p>\u00c9cole : 04.94.24.59.72 (t\u00e9l\u00e9phone)<\/p>\n<p>portable de l&rsquo;\u00e9cole : 07.60.47.43.12 (en cas d&rsquo;urgence et de panne du poste de direction)<\/p>\n<p>Inspection de l\u2019\u00c9ducation Nationale de Toulon 1 :\u00a0 04.94.41.90.94 (t\u00e9l\u00e9phone)<\/p>\n","protected":false},"excerpt":{"rendered":"<p>L&rsquo;\u00e9cole \u00e9l\u00e9mentaire Valbertrand se situe dans la ville de Toulon, circonscription de\u00a0 Toulon 1 dirig\u00e9e par Madame l&rsquo;Inspectrice de l\u2019\u00c9ducation nationale Mich\u00e8le Bernard. L\u2019\u00e9cole accueille 223 \u00e9l\u00e8ves en 2021 r\u00e9partis dans 9 classes \u00e9l\u00e9mentaires . 2 classes de CP 2 classe de CE1 1 classe de CE1\/CE2 1 classe de CE2 1 classe de CM1 &hellip; <a href=\"https:\/\/ecole.ac-nice.fr\/toulon1\/eevalbertrand\/accueil\/\" class=\"more-link\">Continuer la lecture de <span class=\"screen-reader-text\">Accueil<\/span> <span class=\"meta-nav\">&rarr;<\/span><\/a><\/p>\n","protected":false},"author":4,"featured_media":0,"parent":0,"menu_order":0,"comment_status":"closed","ping_status":"closed","template":"","meta":{"footnotes":""},"class_list":["post-141","page","type-page","status-publish","hentry"],"_links":{"self":[{"href":"https:\/\/ecole.ac-nice.fr\/toulon1\/eevalbertrand\/wp-json\/wp\/v2\/pages\/141","targetHints":{"allow":["GET"]}}],"collection":[{"href":"https:\/\/ecole.ac-nice.fr\/toulon1\/eevalbertrand\/wp-json\/wp\/v2\/pages"}],"about":[{"href":"https:\/\/ecole.ac-nice.fr\/toulon1\/eevalbertrand\/wp-json\/wp\/v2\/types\/page"}],"author":[{"embeddable":true,"href":"https:\/\/ecole.ac-nice.fr\/toulon1\/eevalbertrand\/wp-json\/wp\/v2\/users\/4"}],"replies":[{"embeddable":true,"href":"https:\/\/ecole.ac-nice.fr\/toulon1\/eevalbertrand\/wp-json\/wp\/v2\/comments?post=141"}],"version-history":[{"count":7,"href":"https:\/\/ecole.ac-nice.fr\/toulon1\/eevalbertrand\/wp-json\/wp\/v2\/pages\/141\/revisions"}],"predecessor-version":[{"id":9837,"href":"https:\/\/ecole.ac-nice.fr\/toulon1\/eevalbertrand\/wp-json\/wp\/v2\/pages\/141\/revisions\/9837"}],"wp:attachment":[{"href":"https:\/\/ecole.ac-nice.fr\/toulon1\/eevalbertrand\/wp-json\/wp\/v2\/media?parent=141"}],"curies":[{"name":"wp","href":"https:\/\/api.w.org\/{rel}","templated":true}]}}