{"id":114,"date":"2017-05-31T01:46:40","date_gmt":"2017-05-30T23:46:40","guid":{"rendered":"http:\/\/www.ac-nice.fr\/academie\/ringo\/\/ringo\/?page_id=114"},"modified":"2020-12-17T09:54:05","modified_gmt":"2020-12-17T08:54:05","slug":"mentions-legales-credits","status":"publish","type":"page","link":"https:\/\/ecole.ac-nice.fr\/toulon1\/eepu-filippi\/mentions-legales-credits\/","title":{"rendered":"Mentions l\u00e9gales &#8211; cr\u00e9dits"},"content":{"rendered":"\r\n<h3 class=\"wp-block-heading\"><strong>Informations \u00e9ditoriales<\/strong><\/h3>\r\n<p>Rectorat de l\u2019acad\u00e9mie de Nice 53 avenue Cap de Croix 06181 Nice cedex 2 T\u00e9l\u00e9phone : 04 93 53 70 70 Direction de la publication : Richard LAGANIER, recteur de l\u2019acad\u00e9mie de Nice Responsable de la publication : <span style=\"color: #0000ff;\"><em>Michel Gentilini, directeur de l&rsquo;EEPU Filippi\u2026<\/em><\/span> Webmestre : Michel Gentilini \u00a0<\/p>\r\n<h3>Prestataire de service<\/h3>\r\n<p>Direction des Syst\u00e8mes d&rsquo;Information (DSI) Rectorat de l\u2019acad\u00e9mie de Nice 53 avenue Cap de Croix 06181 Nice cedex 2 \u00a0<\/p>\r\n<h3><strong>Droits d&rsquo;auteur et droits de reproduction du contenu mis en ligne<\/strong><\/h3>\r\n<p>Depuis la publication de l\u2019ordonnance n\u00b0\u00a02005-650 du 6 juin 2005 relative \u00e0 la libert\u00e9 d\u2019acc\u00e8s aux documents administratifs et \u00e0 la r\u00e9utilisation des informations publiques, ces informations peuvent \u00eatre r\u00e9utilis\u00e9es \u00e0 d\u2019autres fins que celles pour lesquelles elles ont \u00e9t\u00e9 produites, et particuli\u00e8rement les informations faisant l\u2019objet d\u2019une diffusion publique. Les documents publics ou officiels ne sont couverts par aucun droit d\u2019auteur et peuvent donc \u00eatre reproduits librement. Le graphisme, l\u2019iconographie ainsi que le contenu \u00e9ditorial (tels que les articles, les images, les photographies, les logos, les chartes graphiques, sans que cette liste ne soit exhaustive) demeurent la propri\u00e9t\u00e9 de l\u2019acad\u00e9mie de Nice ou des propri\u00e9taires dont l\u2019acad\u00e9mie a re\u00e7u l\u2019autorisation de repr\u00e9sentation, et, \u00e0 ce titre, font l\u2019objet des protections pr\u00e9vues par le Code de la propri\u00e9t\u00e9 intellectuelle. Les pr\u00e9sentes conditions d\u2019utilisation n\u2019emportent aucune cession d\u2019aucune sorte de droits de propri\u00e9t\u00e9 intellectuelle sur ces \u00e9l\u00e9ments, toute repr\u00e9sentation totale ou partielle sans l\u2019autorisation expresse de l\u2019\u00e9diteur du site, est interdite.<\/p>\r\n<h3><strong>Cr\u00e9dits photographiques et vid\u00e9os<\/strong><\/h3>\r\n<p>Sauf mention contraire, l\u2019acad\u00e9mie de Nice est titulaire des droits relatifs \u00e0 la propri\u00e9t\u00e9 intellectuelle des photographies et vid\u00e9os figurant sur l&rsquo;ensemble du site.<\/p>\r\n<h3><strong>Liens hypertextes pointant vers le site de<a href=\"http:\/\/ecole.ac-nice.fr\/toulon1\/eepu-filippi\"><span style=\"color: #0000ff;\"><em> l\u2019\u00e9cole Filippi<\/em><\/span><\/a><\/strong><\/h3>\r\n<p>La mise en place de liens hypertextes pointant vers les pages du site, est autoris\u00e9e , sous r\u00e9serve de mentionner la source qui pointera gr\u00e2ce \u00e0 un lien hypertexte directement sur le contenu vis\u00e9. Pour les sites Internet, la reproduction, apr\u00e8s autorisation, d\u2019un contenu doit mentionner tr\u00e8s clairement l\u2019origine du document sous forme d\u2019une adresse internet\u00a0: <span style=\"color: #0000ff;\"><strong><em>EEPU Filippi<\/em><\/strong><\/span> Il conviendra en outre d\u2019ajouter en bas de chaque page, la mention \u00ab\u00a0Droits r\u00e9serv\u00e9s\u00a0\u00bb. La mise en place de liens pointant directement sur le document souhait\u00e9 devra \u00eatre privil\u00e9gi\u00e9e par rapport \u00e0 la reproduction de contenus. Les sites qui font le choix de pointer vers <span style=\"color: #0000ff;\"><strong><em>EEPU Filippi<\/em><\/strong> <\/span>engagent leur responsabilit\u00e9 d\u00e8s lors qu\u2019ils porteraient atteinte \u00e0 l\u2019image du site public.<\/p>\r\n<h3><strong>Liens hypertextes pointant vers des sites externes<\/strong><\/h3>\r\n<p>Le site <span style=\"color: #0000ff;\"><em>EEPU Filippi<\/em><\/span> propose de nombreux liens vers d&rsquo;autres sites, essentiellement des sites officiels (institutions, organismes publics, etc.) mais aussi vers des sites, fran\u00e7ais ou \u00e9trangers, d&rsquo;associations, d&rsquo;organismes professionnels du secteur \u00e9ducatif ou d&rsquo;entreprises partenaires sur des op\u00e9rations ponctuelles. Il est pr\u00e9cis\u00e9 vers quel site nous vous proposons d&rsquo;aller. Ces pages, dont les adresses sont r\u00e9guli\u00e8rement v\u00e9rifi\u00e9es, ne font pas partie du site de l\u2019acad\u00e9mie : elles n&rsquo;engagent pas la responsabilit\u00e9 de la r\u00e9daction du site qui ne peut \u00eatre tenue pour responsable des contenus vers lesquels ces liens pointent. Ils ne visent qu&rsquo;\u00e0 permettre \u00e0 l&rsquo;internaute d&rsquo;acc\u00e9der plus facilement \u00e0 d&rsquo;autres ressources documentaires sur le sujet consult\u00e9.<\/p>\r\n<h3><strong>Accessibilit\u00e9 du site<\/strong><\/h3>\r\n<p>Un soin tout particulier est pris pour rendre ce site internet le plus accessible possible, et tout particuli\u00e8rement aux personnes ayant un handicap visuel. Les pages sont mises progressivement en conformit\u00e9 avec les recommandations du r\u00e9f\u00e9rentiel commun des crit\u00e8res d&rsquo;accessibilit\u00e9 des services Internet de l&rsquo;administration fran\u00e7aise pour respecter la loi n\u00b02005-102 du 11 f\u00e9vrier 2005 pour l&rsquo;\u00e9galit\u00e9 des droits et des chances, la participation et la citoyennet\u00e9 des personnes handicap\u00e9es<\/p>\r\n<h3>\u00a0<\/h3>\r\n<h3>Donn\u00e9es personnelles et cookies<\/h3>\r\n<h4><strong>\u00a0<\/strong><strong>Protection et traitement de donn\u00e9es \u00e0 caract\u00e8re personnel<\/strong><\/h4>\r\n<p>Le site\u00a0 <span style=\"color: #0000ff;\"><em>EEPU Filippi<\/em><\/span> \u00a0constitue un traitement de donn\u00e9es \u00e0 caract\u00e8re personnel mis en \u0153uvre le directeur acad\u00e9mique des Services de l\u2019\u00c9ducation nationale du d\u00e9partement du var par d\u00e9l\u00e9gation \u00a0pour l\u2019ex\u00e9cution d\u2019une mission d\u2019int\u00e9r\u00eat public au sens du e) de l\u2019article 6 du r\u00e8glement g\u00e9n\u00e9ral (UE) 2016\/679 du Parlement europ\u00e9en et du Conseil du 27 avril 2016 sur la protection des donn\u00e9es (RGPD). L&rsquo;\u00e9quipe du site <span style=\"color: #0000ff;\"><em>EEPU Filippi<\/em> \u00a0<\/span>est tr\u00e8s attentive \u00e0 la protection des donn\u00e9es \u00e0 caract\u00e8re personnel et\u00a0 s&rsquo;engage \u00e0 ce que la collecte et le traitement de vos donn\u00e9es, effectu\u00e9s \u00e0 partir de ce site, soient conformes\u00a0:<\/p>\r\n<ul>\r\n<li>\u00e0 la <a href=\"https:\/\/www.cnil.fr\/fr\/loi-78-17-du-6-janvier-1978-modifiee\">loi n\u00b0 78-17 du 6 janvier 1978 modifi\u00e9e, relative \u00e0 l&rsquo;informatique, aux fichiers et aux libert\u00e9s<\/a><\/li>\r\n<li>au \u00ab\u00a0<a href=\"https:\/\/www.cnil.fr\/fr\/reglement-europeen-protection-donnees\">R\u00e8glement g\u00e9n\u00e9ral sur la protection des donn\u00e9es<\/a>\u00a0\u00bb (RGPD)<\/li>\r\n<\/ul>\r\n<p>Les donn\u00e9es statistiques recueillies sont utilis\u00e9es pour nous permettre d\u2019enrichir le parcours des internautes, fournir une meilleure information et ainsi participer \u00e0 l&rsquo;am\u00e9lioration de notre mission de service public. Les agents habilit\u00e9s de la direction des syst\u00e8mes d\u2019information et du service communication de l\u2019acad\u00e9mie, dans le cadre de leurs attributions et dans la limite de leurs besoins, sont destinataires des informations et donn\u00e9es \u00e0 caract\u00e8re personnel contenues dans le traitement. Les internautes ont quant \u00e0 eux acc\u00e8s \u00e0 l\u2019ensemble des donn\u00e9es \u00e0 caract\u00e8re personnel qui peuvent \u00eatre publi\u00e9es sur le nom <span style=\"color: #0000ff;\"><em>EEPU Filippi<\/em> \u00a0<\/span> Chaque service en ligne auquel donne acc\u00e8s le site <span style=\"color: #0000ff;\"><em>EEPU Filippi<\/em><\/span> \u00a0comporte lui-m\u00eame un volet relatif \u00e0 la protection des donn\u00e9es personnelles auquel les personnes concern\u00e9es peuvent se r\u00e9f\u00e9rer.<\/p>\r\n<h4>A propos des cookies<\/h4>\r\n<p>Un cookie (ou \u00ab\u00a0traceur\u00a0\u00bb) est un fichier texte d\u00e9pos\u00e9 sur votre ordinateur lors de la visite d&rsquo;un site. Il permet de conserver des donn\u00e9es utilisateur afin de faciliter votre navigation et de vous offrir certaines fonctionnalit\u00e9s. Les cookies et les adresses IP des internautes, collect\u00e9s \u00e0 des fins statistiques, sont conserv\u00e9s pendant treize mois, puis sont supprim\u00e9es. Sur <span style=\"color: #0000ff;\"><em>EEPU Filippi<\/em><\/span> \u00a0, nous utilisons des cookies afin de mesurer la fr\u00e9quentation du site ainsi que vous pour proposer des vid\u00e9os, des boutons de partage des contenus, des remont\u00e9es de contenus issus de plateformes sociales et des contenus interactifs. Il convient de distinguer les cookies que nous \u00e9mettons sur <span style=\"color: #0000ff;\"><em>EEPU Filippi<\/em> <\/span>\u00a0pour le bon fonctionnement du site de ceux \u00e9mis par des tiers. En cas de refus des cookies n\u00e9cessaires au bon fonctionnement du site, ou de l&rsquo;effacement de ceux-ci, nous vous informons que vous ne pourrez plus b\u00e9n\u00e9ficier d&rsquo;un certain nombre de fonctionnalit\u00e9s qui sont n\u00e9anmoins n\u00e9cessaires pour naviguer dans certains espaces de ce site web. Nous d\u00e9clinerons toute responsabilit\u00e9 quant \u00e0 ce fonctionnement d\u00e9grad\u00e9. Des cookies peuvent \u00eatre \u00e9mis sur le site<span style=\"color: #0000ff;\"> <em>EEPU Filippi<\/em><\/span> \u00a0via des applications de tiers. C&rsquo;est le cas par exemple pour les cookies de r\u00e9seaux sociaux. En effet, certaines fonctionnalit\u00e9s propos\u00e9es sur le site (lecteurs vid\u00e9os, contenus interactifs, affichage de contenus issus de plateformes sociales, etc.) font appel \u00e0 des services de tiers. Ces fonctionnalit\u00e9s d\u00e9posent des cookies permettant aux tiers d\u2019identifier les sites que vous consultez et les contenus auxquels vous vous int\u00e9ressez. Nous vous informons que nous n&rsquo;exer\u00e7ons pas de contr\u00f4le sur l&rsquo;utilisation par les tiers des informations recueillies mais vous invitons \u00e0 consulter les politiques de protection de la vie priv\u00e9e de ces tiers. <em>Prendre connaissance des finalit\u00e9s et modalit\u00e9s de traitement de vos donn\u00e9es par les tiers, vos droits et les modalit\u00e9s d\u2019exercice de ces derniers\u00a0:<\/em><\/p>\r\n<ul>\r\n<li><strong>Contenus interactifs<\/strong>\u00a0: <a href=\"https:\/\/www.google.fr\/intl\/fr\/policies\/privacy\/\">YouTube<\/a>, <a href=\"http:\/\/www.dailymotion.com\/legal\/privacy\">Dailymotion<\/a>, <a href=\"https:\/\/www.wibbitz.com\/privacy-policy\/\">Wibbitz<\/a>, <a href=\"https:\/\/policies.google.com\/privacy?hl=fr\">Google Maps<\/a>, <a href=\"https:\/\/wiki.osmfoundation.org\/wiki\/Privacy_Policy\">OpenStreetMap<\/a>, <a href=\"https:\/\/www.thinglink.com\/terms\">Thinglink<\/a>, <a href=\"https:\/\/knightlab.northwestern.edu\/\">Timeline JS<\/a>, <a href=\"https:\/\/knightlab.northwestern.edu\/\">JuxtaposeJS<\/a>, <a href=\"https:\/\/stackla.com\/privacy-policy\/\">Stackla<\/a>, <a href=\"https:\/\/openagenda.zendesk.com\/hc\/fr\/articles\/360003182014\">Openagenda<\/a>, <a href=\"https:\/\/www.adyoulike.com\/privacy_policy.php\">Adyoulike<\/a>, <a href=\"https:\/\/infogram.com\/fr\/privacy\">Infogram<\/a><\/li>\r\n<li><strong>R\u00e9seaux sociaux<\/strong>\u00a0: <a href=\"https:\/\/www.facebook.com\/help\/cookies\/\">Facebook<\/a>, <a href=\"https:\/\/support.twitter.com\/articles\/20170514\">Twitter<\/a>, <a href=\"https:\/\/help.instagram.com\/1896641480634370\">Instagram<\/a>, <a href=\"https:\/\/policies.oath.com\/ie\/fr\/oath\/privacy\/products\/flickr\/index.html\">Flickr<\/a><\/li>\r\n<\/ul>\r\n<p><strong>Sur le site <span style=\"color: #0000ff;\"><em>EEPU Filippi<\/em> <\/span><\/strong>\u00a0<strong>vous avez la possibilit\u00e9 de choisir \u00e0 tout moment d&rsquo;activer ou de d\u00e9sactiver les cookies suivants\u00a0:<\/strong><\/p>\r\n<ul>\r\n<li><strong>Boutons de partage<\/strong>\u00a0: le site <span style=\"color: #0000ff;\"><em>EEPU Filippi<\/em><\/span> \u00a0vous permet de partager facilement des contenus du site aupr\u00e8s de vos contacts et sur les r\u00e9seaux sociaux (Facebook, Twitter, etc.).<\/li>\r\n<\/ul>\r\n<p><em>G\u00e9rer mes cookies sur le site <\/em><span style=\"color: #0000ff;\"><em>EEPU Filippi<\/em> \u00a0<\/span> <strong>Au niveau de votre navigateur internet, vous avez \u00e9galement la possibilit\u00e9 de choisir \u00e0 tout moment de d\u00e9sactiver tout ou partie des cookies g\u00e9n\u00e9r\u00e9s lors de votre consultation du site <span style=\"color: #0000ff;\"><em>EEPU Filippi<\/em><\/span><\/strong> \u00a0, m\u00eame ceux n\u00e9cessaires au fonctionnement du site (vous ne pourrez alors plus disposer de toutes le fonctionnalit\u00e9s du site). Voici les proc\u00e9dures \u00e0 suivre pour g\u00e9rer les cookies au niveau de votre navigateur\u00a0:<\/p>\r\n<ul>\r\n<li><a href=\"https:\/\/support.mozilla.org\/fr\/kb\/activer-desactiver-cookies-preferences?redirectlocale=fr&amp;redirectslug=activer-desactiver-cookies\">Firefox<\/a><\/li>\r\n<li><a href=\"https:\/\/support.google.com\/chrome\/answer\/95647?hl=fr\">Chrome<\/a><\/li>\r\n<li><a href=\"https:\/\/support.microsoft.com\/en-us\/help\/17442\/windows-internet-explorer-delete-manage-cookies#ie=ie-9\">Explorer<\/a><\/li>\r\n<li><a href=\"https:\/\/support.apple.com\/kb\/PH17191?locale=en_US&amp;viewlocale=fr_FR\">Safari<\/a><\/li>\r\n<li><a href=\"https:\/\/www.opera.com\/help\/tutorials\/security\/privacy\/\">Opera<\/a><\/li>\r\n<\/ul>\r\n<h3>Exercer vos droits<\/h3>\r\n<p>Vous pouvez acc\u00e9der aux donn\u00e9es vous concernant et exercer vos droits d\u2019acc\u00e8s, de rectification, de\u00a0limitation, d\u2019opposition que vous tenez des articles 15, 16, 18 et 21 du RGPD, par courriel aupr\u00e8s de <span style=\"color: #0000ff;\"><em><a href=\"http:\/\/ecole.ac-nice.fr\/toulon1\/eepu-filippi\/contact\">contact du site<\/a>.<\/em><\/span> De la m\u00eame mani\u00e8re, vous pouvez exercer les droits pr\u00e9vus \u00e0 l\u2019article 106 \u00a0de la loi n\u00b0 78-17 du 6 janvier 1978 relative \u00e0 l\u2019informatique, aux fichiers et aux libert\u00e9s. Pour toute question sur le traitement de vos donn\u00e9es dans ce dispositif, vous pouvez contacter le d\u00e9l\u00e9gu\u00e9 \u00e0 la protection des donn\u00e9es (DPD) via le<a href=\"http:\/\/www2.ac-nice.fr\/pid33443\/page.html#RGPD\"> formulaire \u00ab\u00a0Contacter le d\u00e9l\u00e9gu\u00e9 \u00e0 la protection des donn\u00e9es (DPD)\u00a0\u00bb<\/a> ou par courrier\u00a0: Rectorat de l\u2019Acad\u00e9mie de Nice \u00c0 l&rsquo;attention du d\u00e9l\u00e9gu\u00e9 \u00e0 la protection des donn\u00e9es (DPD) 53 avenue Cap de Croix &#8211; 06181 Nice cedex 2 Si vous estimez, apr\u00e8s nous avoir contact\u00e9s, que vos droits ne sont pas respect\u00e9s ou que ce dispositif n\u2019est pas conforme aux r\u00e8gles de protection des donn\u00e9es, vous pouvez adresser une r\u00e9clamation aupr\u00e8s de la Commission nationale de l\u2019informatique et des libert\u00e9s (CNIL) via leur <a href=\"https:\/\/www.cnil.fr\/fr\/vous-souhaitez-contacter-la-cnil\">espace de contact<\/a>.<\/p>","protected":false},"excerpt":{"rendered":"<p>Informations \u00e9ditoriales Rectorat de l\u2019acad\u00e9mie de Nice 53 avenue Cap de Croix 06181 Nice cedex 2 T\u00e9l\u00e9phone : 04 93 53 70 70 Direction de la publication : Richard LAGANIER, recteur de l\u2019acad\u00e9mie de Nice Responsable de la publication : Michel Gentilini, directeur de l&rsquo;EEPU Filippi\u2026 Webmestre : Michel Gentilini \u00a0 Prestataire de service Direction &hellip; <a href=\"https:\/\/ecole.ac-nice.fr\/toulon1\/eepu-filippi\/mentions-legales-credits\/\" class=\"more-link\">Continuer la lecture de <span class=\"screen-reader-text\">Mentions l\u00e9gales &#8211; cr\u00e9dits<\/span> <span class=\"meta-nav\">&rarr;<\/span><\/a><\/p>\n","protected":false},"author":4,"featured_media":0,"parent":0,"menu_order":0,"comment_status":"closed","ping_status":"closed","template":"","meta":{"footnotes":""},"class_list":["post-114","page","type-page","status-publish","hentry"],"_links":{"self":[{"href":"https:\/\/ecole.ac-nice.fr\/toulon1\/eepu-filippi\/wp-json\/wp\/v2\/pages\/114","targetHints":{"allow":["GET"]}}],"collection":[{"href":"https:\/\/ecole.ac-nice.fr\/toulon1\/eepu-filippi\/wp-json\/wp\/v2\/pages"}],"about":[{"href":"https:\/\/ecole.ac-nice.fr\/toulon1\/eepu-filippi\/wp-json\/wp\/v2\/types\/page"}],"author":[{"embeddable":true,"href":"https:\/\/ecole.ac-nice.fr\/toulon1\/eepu-filippi\/wp-json\/wp\/v2\/users\/4"}],"replies":[{"embeddable":true,"href":"https:\/\/ecole.ac-nice.fr\/toulon1\/eepu-filippi\/wp-json\/wp\/v2\/comments?post=114"}],"version-history":[{"count":4,"href":"https:\/\/ecole.ac-nice.fr\/toulon1\/eepu-filippi\/wp-json\/wp\/v2\/pages\/114\/revisions"}],"predecessor-version":[{"id":561,"href":"https:\/\/ecole.ac-nice.fr\/toulon1\/eepu-filippi\/wp-json\/wp\/v2\/pages\/114\/revisions\/561"}],"wp:attachment":[{"href":"https:\/\/ecole.ac-nice.fr\/toulon1\/eepu-filippi\/wp-json\/wp\/v2\/media?parent=114"}],"curies":[{"name":"wp","href":"https:\/\/api.w.org\/{rel}","templated":true}]}}