{"id":77,"date":"2017-06-16T08:27:09","date_gmt":"2017-06-16T06:27:09","guid":{"rendered":"http:\/\/ecole.ac-nice.fr\/nice5\/?page_id=77"},"modified":"2025-06-13T14:17:32","modified_gmt":"2025-06-13T12:17:32","slug":"lequipe","status":"publish","type":"page","link":"https:\/\/ecole.ac-nice.fr\/nice5\/lequipe\/","title":{"rendered":"L&rsquo;\u00e9quipe"},"content":{"rendered":"<div class=\"bord\">\n<div id=\"E0tbl6\" class=\"tbl FB6 tblover\">\n<div class=\"box\">\n<div class=\"bord\" style=\"text-align: center;\">\n<p style=\"text-align: center;\"><span style=\"color: #000080; font-family: georgia,palatino,serif;\"><strong>Inspectrice de l\u2019\u00c9ducation Nationale <\/strong><strong>: Madame Karine Beauvais-Ricci<\/strong><\/span><\/p>\n<\/div>\n<div style=\"text-align: center;\"><strong><span style=\"color: #000080;\">Circonscription de Nice 5<\/span><\/strong><\/div>\n<div class=\"bord\" style=\"text-align: center;\">266 Avenue de la Californie<\/div>\n<div class=\"bord\" style=\"text-align: center;\">06200 Nice<br \/>\n4\u00e8me \u00e9tage<\/div>\n<div class=\"bord\" style=\"text-align: center;\">\n<p style=\"text-align: center;\"><strong><span style=\"color: #000080;\">Secr\u00e9taire de circonscription : Saloua Belhaj-Sayhi<\/span> <\/strong><\/p>\n<p style=\"text-align: center;\"><a href=\"mailto:ien-06.nice5@ac-nice.fr\">ien-06.nice5@ac-nice.fr<\/a><br \/>\nT\u00e9l : 04 92 07 54 03<\/p>\n<p style=\"text-align: center;\"><span style=\"color: #000080;\"><strong>Conseill\u00e8re P\u00e9dagogique de Circonscription G\u00e9n\u00e9raliste : <\/strong><strong>E. Guinnebert<br \/>\n<\/strong><\/span><\/p>\n<p style=\"text-align: center;\"><a href=\"mailto:CPCG.Nice-5@ac-nice.fr\">CPCG.Nice-5@ac-nice.fr<\/a><br \/>\nt\u00e9l : 04 92 07 54 02<\/p>\n<p style=\"text-align: center;\"><strong><span style=\"color: #000080;\">Conseiller P\u00e9dagogique de Circonscription &#8211; E.P.S. : J. Pousset<\/span><\/strong><br \/>\n<a href=\"mailto:CPEPS.Nice-5@ac-nice.fr\">CPEPS.Nice-5@ac-nice.fr<\/a><\/p>\n<p style=\"text-align: center;\">t\u00e9l : 04 92 07 54 02<\/p>\n<p style=\"text-align: center;\"><span style=\"color: #000080;\"><strong>Conseiller P\u00e9dagogique de Circonscription \u00e0 Valence Num\u00e9rique &#8211; APC : N. De la Rua<\/strong><\/span><br \/>\n<a href=\"mailto:cpc-val-num.nice5@ac-nice.fr\">cpc-val-num.nice5@ac-nice.fr<\/a><br \/>\nt\u00e9l : 04 92 07 54 02<\/p>\n<\/div>\n<\/div>\n<\/div>\n<\/div>\n","protected":false},"excerpt":{"rendered":"<p>Inspectrice de l\u2019\u00c9ducation Nationale : Madame Karine Beauvais-Ricci Circonscription de Nice 5 266 Avenue de la Californie 06200 Nice 4\u00e8me \u00e9tage Secr\u00e9taire [&hellip;]<\/p>\n","protected":false},"author":6,"featured_media":0,"parent":0,"menu_order":0,"comment_status":"closed","ping_status":"closed","template":"","meta":{"footnotes":""},"class_list":["post-77","page","type-page","status-publish","hentry"],"_links":{"self":[{"href":"https:\/\/ecole.ac-nice.fr\/nice5\/wp-json\/wp\/v2\/pages\/77","targetHints":{"allow":["GET"]}}],"collection":[{"href":"https:\/\/ecole.ac-nice.fr\/nice5\/wp-json\/wp\/v2\/pages"}],"about":[{"href":"https:\/\/ecole.ac-nice.fr\/nice5\/wp-json\/wp\/v2\/types\/page"}],"author":[{"embeddable":true,"href":"https:\/\/ecole.ac-nice.fr\/nice5\/wp-json\/wp\/v2\/users\/6"}],"replies":[{"embeddable":true,"href":"https:\/\/ecole.ac-nice.fr\/nice5\/wp-json\/wp\/v2\/comments?post=77"}],"version-history":[{"count":30,"href":"https:\/\/ecole.ac-nice.fr\/nice5\/wp-json\/wp\/v2\/pages\/77\/revisions"}],"predecessor-version":[{"id":1124,"href":"https:\/\/ecole.ac-nice.fr\/nice5\/wp-json\/wp\/v2\/pages\/77\/revisions\/1124"}],"wp:attachment":[{"href":"https:\/\/ecole.ac-nice.fr\/nice5\/wp-json\/wp\/v2\/media?parent=77"}],"curies":[{"name":"wp","href":"https:\/\/api.w.org\/{rel}","templated":true}]}}