{"id":2,"date":"2016-12-14T09:52:57","date_gmt":"2016-12-14T08:52:57","guid":{"rendered":"http:\/\/ecole.ac-nice.fr\/nice5\/?page_id=2"},"modified":"2025-06-13T14:20:14","modified_gmt":"2025-06-13T12:20:14","slug":"page1-2","status":"publish","type":"page","link":"https:\/\/ecole.ac-nice.fr\/nice5\/","title":{"rendered":""},"content":{"rendered":"<p>Quelques liens qui peuvent vous \u00eatre utiles :<\/p>\n<p><a href=\"https:\/\/digipad.app\/p\/283039\/dc59fa2d684f9\">-Acc\u00e8s Digipad\u00a0 directeurs Nice 5\u00a0<\/a><\/p>\n<p><a href=\"https:\/\/digipad.app\/p\/290210\/70cd587221988\">-Acc\u00e8s Digipad enseignants Nice 5<\/a><\/p>\n<p><a href=\"https:\/\/digipad.app\/p\/275633\/5405043466fc8\">-Acc\u00e8s Digipad formateur Nice 5<\/a><\/p>\n<p>&#8211;<a href=\"http:\/\/ecole.ac-nice.fr\/nice5\/wp-content\/uploads\/2023\/01\/Adaptation-de-la-posture-Vigipirate-Hiver-2022-Printemps-2023.pdf\">Plan Vigipirate au niveau \u00ab\u00a0SECURITE RENFORCEE RISQUE ATTENTAT\u00a0\u00bb courrier de Madame Moreau du 4 janvier 2023 pour la rectrice<\/a><\/p>\n<p><a href=\"http:\/\/ecole.ac-nice.fr\/nice5\/wp-content\/uploads\/2023\/01\/Procedure-menaces-attentats.pdf\">-Proc\u00e9dure en cas de menaces attentats<\/a><\/p>\n<p><a href=\"https:\/\/www.gouvernement.fr\/risques\/comprendre-le-plan-vigipirate\">-Infographie Plan Vigipirate au niveau \u00ab SECURITE RENFORCEE RISQUE <\/a><a href=\"https:\/\/www.gouvernement.fr\/risques\/comprendre-le-plan-vigipirate\">\u00a0ATTENTAT\u00bb<\/a> dans l&rsquo;article<\/p>\n<p><a href=\"https:\/\/ecole.ac-nice.fr\/nice5\/?p=1063&amp;preview=true\">-D\u00e9ploiement du Livret de Parcours Inclusif<\/a><\/p>\n<p>&#8211;<a href=\"http:\/\/ecole.ac-nice.fr\/nice5\/wp-content\/uploads\/2023\/01\/Reglement-departemental_CDEN-23-juin-2020.pdf\">R\u00e8glement d\u00e9partemental en vigueur pour l&rsquo;aide \u00e0 la r\u00e9daction des r\u00e8glements int\u00e9rieurs d&rsquo;\u00e9coles<\/a><\/p>\n<p>&nbsp;<\/p>\n<p>&nbsp;<\/p>\n<p>&nbsp;<\/p>\n<p>&nbsp;<\/p>\n","protected":false},"excerpt":{"rendered":"<p>Quelques liens qui peuvent vous \u00eatre utiles : -Acc\u00e8s Digipad\u00a0 directeurs Nice 5\u00a0 -Acc\u00e8s Digipad enseignants Nice 5 -Acc\u00e8s Digipad formateur Nice [&hellip;]<\/p>\n","protected":false},"author":1,"featured_media":679,"parent":0,"menu_order":0,"comment_status":"closed","ping_status":"closed","template":"","meta":{"footnotes":""},"class_list":["post-2","page","type-page","status-publish","has-post-thumbnail","hentry"],"_links":{"self":[{"href":"https:\/\/ecole.ac-nice.fr\/nice5\/wp-json\/wp\/v2\/pages\/2","targetHints":{"allow":["GET"]}}],"collection":[{"href":"https:\/\/ecole.ac-nice.fr\/nice5\/wp-json\/wp\/v2\/pages"}],"about":[{"href":"https:\/\/ecole.ac-nice.fr\/nice5\/wp-json\/wp\/v2\/types\/page"}],"author":[{"embeddable":true,"href":"https:\/\/ecole.ac-nice.fr\/nice5\/wp-json\/wp\/v2\/users\/1"}],"replies":[{"embeddable":true,"href":"https:\/\/ecole.ac-nice.fr\/nice5\/wp-json\/wp\/v2\/comments?post=2"}],"version-history":[{"count":101,"href":"https:\/\/ecole.ac-nice.fr\/nice5\/wp-json\/wp\/v2\/pages\/2\/revisions"}],"predecessor-version":[{"id":1125,"href":"https:\/\/ecole.ac-nice.fr\/nice5\/wp-json\/wp\/v2\/pages\/2\/revisions\/1125"}],"wp:featuredmedia":[{"embeddable":true,"href":"https:\/\/ecole.ac-nice.fr\/nice5\/wp-json\/wp\/v2\/media\/679"}],"wp:attachment":[{"href":"https:\/\/ecole.ac-nice.fr\/nice5\/wp-json\/wp\/v2\/media?parent=2"}],"curies":[{"name":"wp","href":"https:\/\/api.w.org\/{rel}","templated":true}]}}