{"id":1032,"date":"2022-10-17T14:53:27","date_gmt":"2022-10-17T12:53:27","guid":{"rendered":"https:\/\/ecole.ac-nice.fr\/nice5\/?page_id=1032"},"modified":"2022-10-17T14:53:27","modified_gmt":"2022-10-17T12:53:27","slug":"psychologues-nice-5","status":"publish","type":"page","link":"https:\/\/ecole.ac-nice.fr\/nice5\/psychologues-nice-5\/","title":{"rendered":"Psychologues Nice 5"},"content":{"rendered":"<table style=\"height: 624px;width: 90.7779%;border-color: #fcfcfc\" width=\"90.7779%\">\n<tbody>\n<tr style=\"background-color: #f3cef5\">\n<td style=\"height: 24px\" width=\"349\">LA BORNALA<\/td>\n<td style=\"height: 24px;text-align: center\" rowspan=\"9\" width=\"368\">MME LUPI-MICOL Laetitia<br \/>\n\u00c9cole FUONT CAUDA 2<br \/>\n78 avenue Saint Lambert 06100 Nice<br \/>\n<a href=\"mailto:laetitia.lupi@ac-nice.fr\"><b>laetitia.lupi@ac-nice.fr<\/b><\/a><br \/>\n04 92 09 70 98<\/td>\n<\/tr>\n<tr style=\"background-color: #f3cef5\">\n<td style=\"height: 24px\" width=\"349\">LA BORNALA Mat<\/td>\n<\/tr>\n<tr style=\"background-color: #f3cef5\">\n<td style=\"height: 24px\" width=\"349\">CHALET DES ROSES<\/td>\n<\/tr>\n<tr style=\"background-color: #f3cef5\">\n<td style=\"height: 24px\" width=\"349\">CHALET DES ROSES Mat<\/td>\n<\/tr>\n<tr style=\"background-color: #f3cef5\">\n<td style=\"height: 24px\" width=\"349\">FUONT\u00a0 Mat<\/td>\n<\/tr>\n<tr style=\"background-color: #f3cef5\">\n<td style=\"height: 24px\" width=\"349\">FUONT CAUDA 1<\/td>\n<\/tr>\n<tr style=\"background-color: #f3cef5\">\n<td style=\"height: 24px\" width=\"349\">FUONT CAUDA 2<\/td>\n<\/tr>\n<tr style=\"background-color: #f3cef5\">\n<td style=\"height: 24px\" width=\"349\">MADELEINE SUPERIEURE<\/td>\n<\/tr>\n<tr style=\"background-color: #f3cef5\">\n<td style=\"height: 24px\" width=\"349\">LES GENETS<\/td>\n<\/tr>\n<tr style=\"background-color: #c1e5f5\">\n<td style=\"height: 24px\" width=\"349\">LAS PLANAS Mat<\/td>\n<td style=\"height: 24px;text-align: center\" rowspan=\"9\">M CHAZELAS Laurent<br \/>\n\u00c9cole Les Oliviers \u00e9l\u00e9mentaire<br \/>\n06100 Nice<br \/>\n<a href=\"mailto:laurent.chazelas@ac-nice.fr\"><b>laurent.chazelas@ac-nice.fr<\/b><\/a><br \/>\n04 92 07 85 46<\/td>\n<\/tr>\n<tr style=\"background-color: #c1e5f5\">\n<td style=\"height: 24px\" width=\"349\">LAS PLANAS &#8211; KNECHT<\/td>\n<\/tr>\n<tr style=\"background-color: #c1e5f5\">\n<td style=\"height: 24px\" width=\"349\">OLIVIERS Mat<\/td>\n<\/tr>\n<tr style=\"background-color: #c1e5f5\">\n<td style=\"height: 24px\" width=\"349\">OLIVIERS<\/td>\n<\/tr>\n<tr style=\"background-color: #c1e5f5\">\n<td style=\"height: 24px\" width=\"349\">RAY GORBELLA Mat<\/td>\n<\/tr>\n<tr style=\"background-color: #c1e5f5\">\n<td style=\"height: 24px\" width=\"349\">RAY GORBELLA<\/td>\n<\/tr>\n<tr style=\"background-color: #c1e5f5\">\n<td style=\"height: 24px\" width=\"349\">RANCHER ROSALINDE<\/td>\n<\/tr>\n<tr style=\"background-color: #c1e5f5\">\n<td style=\"height: 24px\" width=\"349\">RANCHER ROSALINDE 1<\/td>\n<\/tr>\n<tr style=\"background-color: #c1e5f5\">\n<td style=\"height: 24px\" width=\"349\">RANCHER ROSALINDE 2<\/td>\n<\/tr>\n<tr style=\"background-color: #a7f2be\">\n<td style=\"height: 24px\" width=\"349\">SAINT BARTHELEMY Mat<\/td>\n<td style=\"height: 24px;text-align: center\" rowspan=\"8\">M DONAT Xavier<br \/>\n\u00c9cole Saint Barth\u00e9l\u00e9my 2<br \/>\n17 avenue Fra\u00e7ois Bottau<br \/>\n06100 Nice<br \/>\n<a href=\"mailto:xavier.donat@ac-nice.fr\"><b>xavier.donat@ac-nice.fr<\/b><\/a><br \/>\n04 92 07 86 39<\/td>\n<\/tr>\n<tr style=\"background-color: #a7f2be\">\n<td style=\"height: 24px\" width=\"349\">SAINT BARTHELEMY 1<\/td>\n<\/tr>\n<tr style=\"background-color: #a7f2be\">\n<td style=\"height: 24px\" width=\"349\">SAINT BARTHELEMY 2<\/td>\n<\/tr>\n<tr style=\"background-color: #a7f2be\">\n<td style=\"height: 24px\" width=\"349\">SAINT SYLVESTRE Mat<\/td>\n<\/tr>\n<tr style=\"background-color: #a7f2be\">\n<td style=\"height: 24px\" width=\"349\">SAINT SYLVESTRE1<\/td>\n<\/tr>\n<tr style=\"background-color: #a7f2be\">\n<td style=\"height: 24px\" width=\"349\">SAINT SYLVESTRE 2<\/td>\n<\/tr>\n<tr style=\"background-color: #a7f2be\">\n<td style=\"height: 24px\" width=\"349\">VON DERWIES Mat<\/td>\n<\/tr>\n<tr style=\"background-color: #a7f2be\">\n<td style=\"height: 24px\" width=\"349\">VON DERWIES<\/td>\n<\/tr>\n<\/tbody>\n<\/table>\n","protected":false},"excerpt":{"rendered":"<p>LA BORNALA MME LUPI-MICOL Laetitia \u00c9cole FUONT CAUDA 2 78 avenue Saint Lambert 06100 Nice laetitia.lupi@ac-nice.fr 04 92 09 70 98 LA [&hellip;]<\/p>\n","protected":false},"author":31,"featured_media":0,"parent":0,"menu_order":0,"comment_status":"closed","ping_status":"closed","template":"","meta":{"footnotes":""},"class_list":["post-1032","page","type-page","status-publish","hentry"],"_links":{"self":[{"href":"https:\/\/ecole.ac-nice.fr\/nice5\/wp-json\/wp\/v2\/pages\/1032","targetHints":{"allow":["GET"]}}],"collection":[{"href":"https:\/\/ecole.ac-nice.fr\/nice5\/wp-json\/wp\/v2\/pages"}],"about":[{"href":"https:\/\/ecole.ac-nice.fr\/nice5\/wp-json\/wp\/v2\/types\/page"}],"author":[{"embeddable":true,"href":"https:\/\/ecole.ac-nice.fr\/nice5\/wp-json\/wp\/v2\/users\/31"}],"replies":[{"embeddable":true,"href":"https:\/\/ecole.ac-nice.fr\/nice5\/wp-json\/wp\/v2\/comments?post=1032"}],"version-history":[{"count":7,"href":"https:\/\/ecole.ac-nice.fr\/nice5\/wp-json\/wp\/v2\/pages\/1032\/revisions"}],"predecessor-version":[{"id":1039,"href":"https:\/\/ecole.ac-nice.fr\/nice5\/wp-json\/wp\/v2\/pages\/1032\/revisions\/1039"}],"wp:attachment":[{"href":"https:\/\/ecole.ac-nice.fr\/nice5\/wp-json\/wp\/v2\/media?parent=1032"}],"curies":[{"name":"wp","href":"https:\/\/api.w.org\/{rel}","templated":true}]}}