{"id":442,"date":"2021-12-12T17:03:01","date_gmt":"2021-12-12T16:03:01","guid":{"rendered":"https:\/\/ecole.ac-nice.fr\/nice4\/?page_id=442"},"modified":"2023-09-02T11:37:13","modified_gmt":"2023-09-02T09:37:13","slug":"numerique","status":"publish","type":"page","link":"https:\/\/ecole.ac-nice.fr\/nice4\/numerique\/","title":{"rendered":"Num\u00e9rique"},"content":{"rendered":"<p>Chaque mois, une veille est \u00e0 disposition des \u00e9quipes de la Circonscription Nice 4: un rep\u00e8re mensuel, au plus proche des r\u00e9alit\u00e9s.<\/p>\n<p>Juin 2023: <a href=\"https:\/\/nuage03.apps.education.fr\/index.php\/s\/6sznD4KXLBx7aj7\">https:\/\/nuage03.apps.education.fr\/index.php\/s\/6sznD4KXLBx7aj7<\/a><\/p>\n<p>Mai 2023: <a href=\"https:\/\/nuage03.apps.education.fr\/index.php\/s\/sYLsNNcx6yYW6Kf\">https:\/\/nuage03.apps.education.fr\/index.php\/s\/sYLsNNcx6yYW6Kf<\/a><\/p>\n<p>Avril 2023: <a href=\"https:\/\/nuage03.apps.education.fr\/index.php\/s\/odN4CRk9qbZk9pk\">https:\/\/nuage03.apps.education.fr\/index.php\/s\/odN4CRk9qbZk9pk<\/a><\/p>\n<p>Mars 2023: <a href=\"https:\/\/nuage03.apps.education.fr\/index.php\/s\/f69SD7WoQcEarJx\">https:\/\/nuage03.apps.education.fr\/index.php\/s\/f69SD7WoQcEarJx<\/a><\/p>\n<p>F\u00e9vrier 2023: <a href=\"https:\/\/nuage03.apps.education.fr\/index.php\/s\/eJwHwHS48SespcA\">https:\/\/nuage03.apps.education.fr\/index.php\/s\/eJwHwHS48SespcA<\/a><\/p>\n<p>Janvier 2023: <a href=\"https:\/\/nuage03.apps.education.fr\/index.php\/s\/ackYCsW2SEfXtYF\">https:\/\/nuage03.apps.education.fr\/index.php\/s\/ackYCsW2SEfXtYF<\/a><\/p>\n<p>D\u00e9cembre 2022: <a href=\"https:\/\/nuage03.apps.education.fr\/index.php\/s\/qn3jBd3qPo2jidE\">https:\/\/nuage03.apps.education.fr\/index.php\/s\/qn3jBd3qPo2jidE<\/a><\/p>\n<p>Novembre 2022: <a href=\"https:\/\/nuage03.apps.education.fr\/index.php\/s\/HJ4fdqTdR6SExEM\">https:\/\/nuage03.apps.education.fr\/index.php\/s\/HJ4fdqTdR6SExEM<\/a><\/p>\n<p>Octobre 2022: <a href=\"https:\/\/nuage03.apps.education.fr\/index.php\/s\/im6XtgyMKTaStWi\">https:\/\/nuage03.apps.education.fr\/index.php\/s\/im6XtgyMKTaStWi<\/a><\/p>\n<p>Septembre 2022: <a href=\"https:\/\/nuage03.apps.education.fr\/index.php\/s\/jayYfcaj5eb6CWm\">https:\/\/nuage03.apps.education.fr\/index.php\/s\/jayYfcaj5eb6CWm<\/a><\/p>\n<p>Juin 2022: <a href=\"https:\/\/nuage03.apps.education.fr\/index.php\/s\/3HrZ5axP7E89jC7\">https:\/\/nuage03.apps.education.fr\/index.php\/s\/3HrZ5axP7E89jC7<\/a><\/p>\n<p>Mai 2022: <a href=\"https:\/\/nuage03.apps.education.fr\/index.php\/s\/Ygwn6JgFAkaGiED\">https:\/\/nuage03.apps.education.fr\/index.php\/s\/Ygwn6JgFAkaGiED<\/a><\/p>\n<p>Avril 2022: <a href=\"https:\/\/nuage03.apps.education.fr\/index.php\/s\/c5zKQMsT5ambWng\">https:\/\/nuage03.apps.education.fr\/index.php\/s\/c5zKQMsT5ambWng<\/a><\/p>\n<p>Mars 2022: <a href=\"https:\/\/nuage03.apps.education.fr\/index.php\/s\/2LBYN5EK8mk56fE\">https:\/\/nuage03.apps.education.fr\/index.php\/s\/2LBYN5EK8mk56fE<\/a><\/p>\n<p>F\u00e9vrier 2022: <a href=\"https:\/\/nuage03.apps.education.fr\/index.php\/s\/QTipsE8SJFs6BPo\">https:\/\/nuage03.apps.education.fr\/index.php\/s\/QTipsE8SJFs6BPo<\/a><\/p>\n<p>Janvier 2022: <a href=\"https:\/\/nuage03.apps.education.fr\/index.php\/s\/ACpPZFtBgDZtGoS\">https:\/\/nuage03.apps.education.fr\/index.php\/s\/ACpPZFtBgDZtGoS\u00a0<\/a><\/p>\n<p>D\u00e9cembre 2021: <a href=\"https:\/\/nuage03.apps.education.fr\/index.php\/s\/8wBq8LWqR4aEZ7D\">https:\/\/nuage03.apps.education.fr\/index.php\/s\/8wBq8LWqR4aEZ7D<\/a><\/p>\n<p>Novembre 2021: <a href=\"https:\/\/nuage03.apps.education.fr\/index.php\/s\/8iX7TkPoqXfLgwm\">https:\/\/nuage03.apps.education.fr\/index.php\/s\/8iX7TkPoqXfLgwm<\/a><\/p>\n<p>Octobre 2021: <a href=\"https:\/\/nuage03.apps.education.fr\/index.php\/s\/XySLb5WaRxNd4iN\">https:\/\/nuage03.apps.education.fr\/index.php\/s\/XySLb5WaRxNd4iN<\/a><\/p>\n<p>Septembre 2021: <a href=\"https:\/\/nuage03.apps.education.fr\/index.php\/s\/QXWccpSrP4KNcRq\">https:\/\/nuage03.apps.education.fr\/index.php\/s\/QXWccpSrP4KNcRq<\/a><\/p>\n","protected":false},"excerpt":{"rendered":"<p>Chaque mois, une veille est \u00e0 disposition des \u00e9quipes de la Circonscription Nice 4: un rep\u00e8re mensuel, au plus proche des r\u00e9alit\u00e9s. Juin 2023: https:\/\/nuage03.apps.education.fr\/index.php\/s\/6sznD4KXLBx7aj7 Mai 2023: https:\/\/nuage03.apps.education.fr\/index.php\/s\/sYLsNNcx6yYW6Kf Avril 2023: https:\/\/nuage03.apps.education.fr\/index.php\/s\/odN4CRk9qbZk9pk Mars 2023: https:\/\/nuage03.apps.education.fr\/index.php\/s\/f69SD7WoQcEarJx F\u00e9vrier 2023: https:\/\/nuage03.apps.education.fr\/index.php\/s\/eJwHwHS48SespcA Janvier 2023: https:\/\/nuage03.apps.education.fr\/index.php\/s\/ackYCsW2SEfXtYF D\u00e9cembre 2022: https:\/\/nuage03.apps.education.fr\/index.php\/s\/qn3jBd3qPo2jidE Novembre 2022: https:\/\/nuage03.apps.education.fr\/index.php\/s\/HJ4fdqTdR6SExEM Octobre 2022: https:\/\/nuage03.apps.education.fr\/index.php\/s\/im6XtgyMKTaStWi Septembre 2022: https:\/\/nuage03.apps.education.fr\/index.php\/s\/jayYfcaj5eb6CWm Juin 2022: https:\/\/nuage03.apps.education.fr\/index.php\/s\/3HrZ5axP7E89jC7 &hellip; <a href=\"https:\/\/ecole.ac-nice.fr\/nice4\/numerique\/\" class=\"more-link\">Continuer la lecture de <span class=\"screen-reader-text\">Num\u00e9rique<\/span> <span class=\"meta-nav\">&rarr;<\/span><\/a><\/p>\n","protected":false},"author":2,"featured_media":0,"parent":0,"menu_order":0,"comment_status":"closed","ping_status":"closed","template":"","meta":{"footnotes":""},"class_list":["post-442","page","type-page","status-publish","hentry"],"_links":{"self":[{"href":"https:\/\/ecole.ac-nice.fr\/nice4\/wp-json\/wp\/v2\/pages\/442","targetHints":{"allow":["GET"]}}],"collection":[{"href":"https:\/\/ecole.ac-nice.fr\/nice4\/wp-json\/wp\/v2\/pages"}],"about":[{"href":"https:\/\/ecole.ac-nice.fr\/nice4\/wp-json\/wp\/v2\/types\/page"}],"author":[{"embeddable":true,"href":"https:\/\/ecole.ac-nice.fr\/nice4\/wp-json\/wp\/v2\/users\/2"}],"replies":[{"embeddable":true,"href":"https:\/\/ecole.ac-nice.fr\/nice4\/wp-json\/wp\/v2\/comments?post=442"}],"version-history":[{"count":29,"href":"https:\/\/ecole.ac-nice.fr\/nice4\/wp-json\/wp\/v2\/pages\/442\/revisions"}],"predecessor-version":[{"id":568,"href":"https:\/\/ecole.ac-nice.fr\/nice4\/wp-json\/wp\/v2\/pages\/442\/revisions\/568"}],"wp:attachment":[{"href":"https:\/\/ecole.ac-nice.fr\/nice4\/wp-json\/wp\/v2\/media?parent=442"}],"curies":[{"name":"wp","href":"https:\/\/api.w.org\/{rel}","templated":true}]}}