{"id":56,"date":"2020-03-12T15:12:08","date_gmt":"2020-03-12T14:12:08","guid":{"rendered":"http:\/\/ecole.ac-nice.fr\/nice4\/magnomat\/?page_id=56"},"modified":"2020-10-05T19:12:41","modified_gmt":"2020-10-05T17:12:41","slug":"accueil","status":"publish","type":"page","link":"https:\/\/ecole.ac-nice.fr\/nice4\/magnomat\/","title":{"rendered":"Accueil"},"content":{"rendered":"<p style=\"text-align: center\"><span style=\"font-family: 'comic sans ms', sans-serif;font-size: 14pt\">\u00e9cole maternelle \u00ab\u00a0les Magnolias\u00a0\u00bb<\/span><\/p>\n<p style=\"text-align: center\"><span style=\"font-family: 'comic sans ms', sans-serif;font-size: 14pt\">135 boulevard Napol\u00e9on III<\/span><\/p>\n<p style=\"text-align: center\"><span style=\"font-family: 'comic sans ms', sans-serif;font-size: 14pt\">06200 NICE<\/span><\/p>\n<p style=\"text-align: center\"><span style=\"font-family: 'comic sans ms', sans-serif;font-size: 14pt\">ecole.0060363m@ac-nice.fr<\/span><\/p>\n<p style=\"text-align: center\"><span style=\"font-family: 'comic sans ms', sans-serif\">https:\/\/fr.padlet.com\/ecole0060363m\/b5migiz6llseqcs3<\/span><\/p>\n<p style=\"text-align: center\"><span style=\"font-family: 'comic sans ms', sans-serif;font-size: 14pt\">04 93 18 25 00<\/span><\/p>\n<p style=\"text-align: center\"><span style=\"font-size: 14pt;font-family: 'comic sans ms', sans-serif\">directrice : Christine HERBAUT<\/span><\/p>\n<p style=\"text-align: center\">\n<p style=\"text-align: center\"><span style=\"font-family: 'comic sans ms', sans-serif\">Le mur virtuel de l\u2019\u00e9cole maternelle\u00a0 (ou padlet) va maintenant remplacer le site d\u2019\u00e9cole. Vous y trouverez des \u00a0toutes sortes de documents : textes, images, enregistrements audio, vid\u00e9os, pages internet&#8230; concernant la vie de notre \u00e9cole.<\/span><span style=\"font-family: 'comic sans ms', sans-serif\">\u00e9cole. Pensez \u00e0 le consulter r\u00e9guli\u00e8rement par le lien: https:\/\/fr.padlet.com\/ecole0060363m\/b5migiz6llseqcs3<\/span><\/p>\n<p style=\"text-align: center\">\n<p style=\"text-align: center\">\n","protected":false},"excerpt":{"rendered":"<p>\u00e9cole maternelle \u00ab\u00a0les Magnolias\u00a0\u00bb 135 boulevard Napol\u00e9on III 06200 NICE ecole.0060363m@ac-nice.fr https:\/\/fr.padlet.com\/ecole0060363m\/b5migiz6llseqcs3 04 93 18 25 00 directrice : Christine HERBAUT Le mur virtuel de l\u2019\u00e9cole maternelle\u00a0 (ou padlet) va maintenant remplacer le site d\u2019\u00e9cole. Vous y trouverez des \u00a0toutes sortes de documents : textes, images, enregistrements audio, vid\u00e9os, pages internet&#8230; concernant la vie de &hellip; <a href=\"https:\/\/ecole.ac-nice.fr\/nice4\/magnomat\/\" class=\"more-link\">Continuer la lecture de <span class=\"screen-reader-text\">Accueil<\/span>  <span class=\"meta-nav\">&rarr;<\/span><\/a><\/p>\n","protected":false},"author":14,"featured_media":0,"parent":0,"menu_order":0,"comment_status":"closed","ping_status":"closed","template":"","meta":{"footnotes":""},"class_list":["post-56","page","type-page","status-publish","hentry"],"_links":{"self":[{"href":"https:\/\/ecole.ac-nice.fr\/nice4\/magnomat\/wp-json\/wp\/v2\/pages\/56","targetHints":{"allow":["GET"]}}],"collection":[{"href":"https:\/\/ecole.ac-nice.fr\/nice4\/magnomat\/wp-json\/wp\/v2\/pages"}],"about":[{"href":"https:\/\/ecole.ac-nice.fr\/nice4\/magnomat\/wp-json\/wp\/v2\/types\/page"}],"author":[{"embeddable":true,"href":"https:\/\/ecole.ac-nice.fr\/nice4\/magnomat\/wp-json\/wp\/v2\/users\/14"}],"replies":[{"embeddable":true,"href":"https:\/\/ecole.ac-nice.fr\/nice4\/magnomat\/wp-json\/wp\/v2\/comments?post=56"}],"version-history":[{"count":6,"href":"https:\/\/ecole.ac-nice.fr\/nice4\/magnomat\/wp-json\/wp\/v2\/pages\/56\/revisions"}],"predecessor-version":[{"id":62,"href":"https:\/\/ecole.ac-nice.fr\/nice4\/magnomat\/wp-json\/wp\/v2\/pages\/56\/revisions\/62"}],"wp:attachment":[{"href":"https:\/\/ecole.ac-nice.fr\/nice4\/magnomat\/wp-json\/wp\/v2\/media?parent=56"}],"curies":[{"name":"wp","href":"https:\/\/api.w.org\/{rel}","templated":true}]}}