{"id":978,"date":"2018-12-21T11:38:24","date_gmt":"2018-12-21T10:38:24","guid":{"rendered":"https:\/\/ecole.ac-nice.fr\/nice3\/?page_id=978"},"modified":"2018-12-21T12:07:08","modified_gmt":"2018-12-21T11:07:08","slug":"accueil","status":"publish","type":"page","link":"https:\/\/ecole.ac-nice.fr\/nice3\/","title":{"rendered":"ACCUEIL"},"content":{"rendered":"<p style=\"text-align: center;\"><strong>Bienvenue sur le Site de la Circonscription de NICE 3 !<\/strong><\/p>\n<p>Retrouvez dans la Cat\u00e9gorie \u00ab\u00a0<strong>DANS LES ECOLES<\/strong>\u00a0\u00bb , les projets, les \u00e9v\u00e8nements importants qui se d\u00e9roulent dans les \u00e9coles de la Circonscription.<\/p>\n<p>Dans la cat\u00e9gorie \u00ab\u00a0<strong>ANIMATIONS<\/strong>\u00ab\u00a0, vous avez acc\u00e8s aux documents mis \u00e0 dispositions par Mme Klein, les conseillers p\u00e9dagogiques de Circonscriptions ou D\u00e9partementaux, les PEMF, l&rsquo;ERUN en aval ou en amont des diff\u00e9rentes animations auxquelles vous avez pu participer.<\/p>\n<p>&nbsp;<\/p>\n","protected":false},"excerpt":{"rendered":"<p>Bienvenue sur le Site de la Circonscription de NICE 3 ! Retrouvez dans la Cat\u00e9gorie \u00ab\u00a0DANS LES ECOLES\u00a0\u00bb , les projets, les \u00e9v\u00e8nements importants qui se d\u00e9roulent dans les \u00e9coles de la Circonscription. Dans la cat\u00e9gorie \u00ab\u00a0ANIMATIONS\u00ab\u00a0, vous avez acc\u00e8s &hellip; <a href=\"https:\/\/ecole.ac-nice.fr\/nice3\/\">Continuer la lecture <span class=\"meta-nav\">&rarr;<\/span><\/a><\/p>\n","protected":false},"author":2,"featured_media":0,"parent":0,"menu_order":0,"comment_status":"closed","ping_status":"closed","template":"","meta":{"footnotes":""},"class_list":["post-978","page","type-page","status-publish","hentry"],"_links":{"self":[{"href":"https:\/\/ecole.ac-nice.fr\/nice3\/wp-json\/wp\/v2\/pages\/978","targetHints":{"allow":["GET"]}}],"collection":[{"href":"https:\/\/ecole.ac-nice.fr\/nice3\/wp-json\/wp\/v2\/pages"}],"about":[{"href":"https:\/\/ecole.ac-nice.fr\/nice3\/wp-json\/wp\/v2\/types\/page"}],"author":[{"embeddable":true,"href":"https:\/\/ecole.ac-nice.fr\/nice3\/wp-json\/wp\/v2\/users\/2"}],"replies":[{"embeddable":true,"href":"https:\/\/ecole.ac-nice.fr\/nice3\/wp-json\/wp\/v2\/comments?post=978"}],"version-history":[{"count":3,"href":"https:\/\/ecole.ac-nice.fr\/nice3\/wp-json\/wp\/v2\/pages\/978\/revisions"}],"predecessor-version":[{"id":982,"href":"https:\/\/ecole.ac-nice.fr\/nice3\/wp-json\/wp\/v2\/pages\/978\/revisions\/982"}],"wp:attachment":[{"href":"https:\/\/ecole.ac-nice.fr\/nice3\/wp-json\/wp\/v2\/media?parent=978"}],"curies":[{"name":"wp","href":"https:\/\/api.w.org\/{rel}","templated":true}]}}