{"id":559,"date":"2018-05-22T10:46:36","date_gmt":"2018-05-22T08:46:36","guid":{"rendered":"https:\/\/ecole.ac-nice.fr\/nice3\/?page_id=559"},"modified":"2018-05-22T11:13:04","modified_gmt":"2018-05-22T09:13:04","slug":"droits-de-publication","status":"publish","type":"page","link":"https:\/\/ecole.ac-nice.fr\/nice3\/droits-de-publication\/","title":{"rendered":"DROITS DE PUBLICATION"},"content":{"rendered":"<p>Pour tout ce qui concerne les droits et obligations au niveau des TICE, vous trouverez ci-apr\u00e8s un document \u00e9tabli par Tristan Simonot CPD Tice DSDEN06.<\/p>\n<p><a href=\"https:\/\/ecole.ac-nice.fr\/nice3\/wp-content\/uploads\/2018\/05\/droits-et-obligations-e\u0301le\u0301mentaire.pdf\">droits et obligations<\/a><\/p>\n<p>Les formulaires d&rsquo;autorisation sont \u00e0 t\u00e9l\u00e9charger sur EDUSCOL \u00e0 cette adresse :<\/p>\n<p><a href=\"http:\/\/eduscol.education.fr\/internet-responsable\/ressources\/boite-a-outils.html\" target=\"_blank\" rel=\"noopener\">http:\/\/eduscol.education.fr\/internet-responsable\/ressources\/boite-a-outils.html<\/a><\/p>\n<p>&nbsp;<\/p>\n","protected":false},"excerpt":{"rendered":"<p>Pour tout ce qui concerne les droits et obligations au niveau des TICE, vous trouverez ci-apr\u00e8s un document \u00e9tabli par Tristan Simonot CPD Tice DSDEN06. droits et obligations Les formulaires d&rsquo;autorisation sont \u00e0 t\u00e9l\u00e9charger sur EDUSCOL \u00e0 cette adresse : &hellip; <a href=\"https:\/\/ecole.ac-nice.fr\/nice3\/droits-de-publication\/\">Continuer la lecture <span class=\"meta-nav\">&rarr;<\/span><\/a><\/p>\n","protected":false},"author":2,"featured_media":0,"parent":0,"menu_order":0,"comment_status":"closed","ping_status":"closed","template":"","meta":{"footnotes":""},"class_list":["post-559","page","type-page","status-publish","hentry"],"_links":{"self":[{"href":"https:\/\/ecole.ac-nice.fr\/nice3\/wp-json\/wp\/v2\/pages\/559","targetHints":{"allow":["GET"]}}],"collection":[{"href":"https:\/\/ecole.ac-nice.fr\/nice3\/wp-json\/wp\/v2\/pages"}],"about":[{"href":"https:\/\/ecole.ac-nice.fr\/nice3\/wp-json\/wp\/v2\/types\/page"}],"author":[{"embeddable":true,"href":"https:\/\/ecole.ac-nice.fr\/nice3\/wp-json\/wp\/v2\/users\/2"}],"replies":[{"embeddable":true,"href":"https:\/\/ecole.ac-nice.fr\/nice3\/wp-json\/wp\/v2\/comments?post=559"}],"version-history":[{"count":4,"href":"https:\/\/ecole.ac-nice.fr\/nice3\/wp-json\/wp\/v2\/pages\/559\/revisions"}],"predecessor-version":[{"id":567,"href":"https:\/\/ecole.ac-nice.fr\/nice3\/wp-json\/wp\/v2\/pages\/559\/revisions\/567"}],"wp:attachment":[{"href":"https:\/\/ecole.ac-nice.fr\/nice3\/wp-json\/wp\/v2\/media?parent=559"}],"curies":[{"name":"wp","href":"https:\/\/api.w.org\/{rel}","templated":true}]}}