{"id":298,"date":"2017-09-01T11:18:02","date_gmt":"2017-09-01T09:18:02","guid":{"rendered":"https:\/\/ecole.ac-nice.fr\/nice3\/?page_id=298"},"modified":"2018-09-26T10:59:36","modified_gmt":"2018-09-26T08:59:36","slug":"nous-joindre","status":"publish","type":"page","link":"https:\/\/ecole.ac-nice.fr\/nice3\/nous-joindre\/","title":{"rendered":"NOUS CONTACTER"},"content":{"rendered":"<table>\n<tbody>\n<tr>\n<td><span style=\"font-size: 8pt; color: #3366ff;\"><strong>Adresse Postale :<\/strong><\/span><br \/>\n<strong>Direction des Services D\u00e9partementaux de l&rsquo;Education Nationale des Alpes Maritimes<\/strong><br \/>\n<strong>Circonscription de Nice III<\/strong><strong><br class=\"\" \/>266 Avenue de la Californie<br class=\"\" \/>06200 NICE<\/strong><\/td>\n<\/tr>\n<tr>\n<td><span style=\"font-size: 8pt;\"><strong><span style=\"color: #3366ff;\">Courriel :<\/span><\/strong><\/span><br \/>\n<strong>ien-06.nice3@ac-nice.fr<\/strong><\/td>\n<\/tr>\n<tr>\n<td><span style=\"font-size: 8pt; color: #3366ff;\"><strong>T\u00e9l\u00e9phone :<\/strong><\/span><br \/>\n<strong>04 92 07 54 08<\/strong><\/td>\n<\/tr>\n<tr>\n<td>\n<table style=\"width: 593px;\">\n<tbody>\n<tr>\n<td style=\"width: 583px;\">Secr\u00e9tariat:<\/p>\n<p><strong>Madame Fairielle MEZOUAR<br \/>\n<\/strong><\/p>\n<p>Num\u00e9ro de t\u00e9l\u00e9phone :<br \/>\n<strong>04 92 07 54 08<\/strong><\/p>\n<p>Horaires d&rsquo;ouverture du secr\u00e9tariat :<\/p>\n<table style=\"width: 553px;\">\n<tbody>\n<tr>\n<td style=\"width: 486.933px;\">7h30 &#8211; 11h45 \/ 12h30 &#8211; 16h30 tous les jours,<\/td>\n<td style=\"width: 46.0667px;\"><\/td>\n<\/tr>\n<tr>\n<td style=\"width: 486.933px;\">mercredi matin, 7h30 &#8211; 11h30<\/td>\n<td style=\"width: 46.0667px;\"><\/td>\n<\/tr>\n<tr>\n<td style=\"width: 486.933px;\"><\/td>\n<td style=\"width: 46.0667px;\"><\/td>\n<\/tr>\n<tr>\n<td style=\"width: 486.933px;\"><\/td>\n<td style=\"width: 46.0667px;\"><\/td>\n<\/tr>\n<\/tbody>\n<\/table>\n<p>Adresse mail : <strong>ien-06.nice3@ac-nice.fr<\/strong><\/td>\n<\/tr>\n<\/tbody>\n<\/table>\n<\/td>\n<\/tr>\n<\/tbody>\n<\/table>\n<p>&nbsp;<\/p>\n","protected":false},"excerpt":{"rendered":"<p>Adresse Postale : Direction des Services D\u00e9partementaux de l&rsquo;Education Nationale des Alpes Maritimes Circonscription de Nice III266 Avenue de la Californie06200 NICE Courriel : ien-06.nice3@ac-nice.fr T\u00e9l\u00e9phone : 04 92 07 54 08 Secr\u00e9tariat: Madame Fairielle MEZOUAR Num\u00e9ro de t\u00e9l\u00e9phone : &hellip; <a href=\"https:\/\/ecole.ac-nice.fr\/nice3\/nous-joindre\/\">Continuer la lecture <span class=\"meta-nav\">&rarr;<\/span><\/a><\/p>\n","protected":false},"author":2,"featured_media":0,"parent":0,"menu_order":0,"comment_status":"closed","ping_status":"closed","template":"","meta":{"footnotes":""},"class_list":["post-298","page","type-page","status-publish","hentry"],"_links":{"self":[{"href":"https:\/\/ecole.ac-nice.fr\/nice3\/wp-json\/wp\/v2\/pages\/298","targetHints":{"allow":["GET"]}}],"collection":[{"href":"https:\/\/ecole.ac-nice.fr\/nice3\/wp-json\/wp\/v2\/pages"}],"about":[{"href":"https:\/\/ecole.ac-nice.fr\/nice3\/wp-json\/wp\/v2\/types\/page"}],"author":[{"embeddable":true,"href":"https:\/\/ecole.ac-nice.fr\/nice3\/wp-json\/wp\/v2\/users\/2"}],"replies":[{"embeddable":true,"href":"https:\/\/ecole.ac-nice.fr\/nice3\/wp-json\/wp\/v2\/comments?post=298"}],"version-history":[{"count":15,"href":"https:\/\/ecole.ac-nice.fr\/nice3\/wp-json\/wp\/v2\/pages\/298\/revisions"}],"predecessor-version":[{"id":798,"href":"https:\/\/ecole.ac-nice.fr\/nice3\/wp-json\/wp\/v2\/pages\/298\/revisions\/798"}],"wp:attachment":[{"href":"https:\/\/ecole.ac-nice.fr\/nice3\/wp-json\/wp\/v2\/media?parent=298"}],"curies":[{"name":"wp","href":"https:\/\/api.w.org\/{rel}","templated":true}]}}