{"id":283,"date":"2017-09-01T10:50:33","date_gmt":"2017-09-01T08:50:33","guid":{"rendered":"https:\/\/ecole.ac-nice.fr\/nice3\/?page_id=283"},"modified":"2025-06-12T16:25:09","modified_gmt":"2025-06-12T14:25:09","slug":"equipe-de-circonscription","status":"publish","type":"page","link":"https:\/\/ecole.ac-nice.fr\/nice3\/equipe-de-circonscription\/","title":{"rendered":"EQUIPE DE CIRCONSCRIPTION"},"content":{"rendered":"<table style=\"width: 131.678%;height: 60px\">\n<tbody>\n<tr>\n<td style=\"width: 38.4915%\">Inspectrice :<\/p>\n<p><strong>Mme Virginie GORGONE<br \/>\n<\/strong><\/td>\n<td style=\"width: 23.9272%\">&nbsp;<\/p>\n<p><span style=\"color: #3366ff\"><strong>04 92 07 54 08<\/strong><\/span><\/td>\n<td style=\"width: 35.3706%\">&nbsp;<\/p>\n<p>ien-06.nice3@ac-nice.fr<\/td>\n<td style=\"width: 2.21066%\"><\/td>\n<\/tr>\n<\/tbody>\n<\/table>\n<p>Secr\u00e9taire :<br \/>\n<strong>Madame Fairielle MEZOUAR<\/strong><br \/>\nNum\u00e9ro de t\u00e9l\u00e9phone :<br \/>\n<strong><span style=\"color: #3366ff\">04 92 07 54 08<\/span><\/strong><\/p>\n<p>Horaires d&rsquo;ouverture du secr\u00e9tariat :<\/p>\n<p style=\"text-align: center\">\u00a0tous les jours : 7h30 &#8211; 11h45 \/ 12h30 &#8211; 16h30,<\/p>\n<p style=\"text-align: center\">mercredi matin : 7h30 &#8211; 11h30<\/p>\n<p>Adresse mail : <strong><span style=\"color: #3366ff\">ien-06.nice3@ac-nice.fr<\/span><\/strong><\/p>\n<table style=\"width: 132.149%;height: 277px\">\n<tbody>\n<tr style=\"height: 48px\">\n<td style=\"width: 37.9876%;text-align: left;height: 48px\"><\/td>\n<td style=\"width: 23.9935%;height: 48px\"><\/td>\n<td style=\"width: 28.9278%;height: 48px\"><\/td>\n<td style=\"width: 8.96131%;height: 48px\"><\/td>\n<\/tr>\n<tr style=\"height: 73px\">\n<td style=\"width: 37.9876%;height: 73px\">Conseiller p\u00e9dagogique g\u00e9n\u00e9raliste<\/p>\n<p><strong>M. Fr\u00e9d\u00e9ric CUVILLIEZ<br \/>\n<\/strong><\/td>\n<td style=\"width: 23.9935%;height: 73px\">&nbsp;<\/p>\n<p><strong><span style=\"color: #0000ff\">04 92 07 54 14<\/span><\/strong><\/td>\n<td style=\"width: 28.9278%;height: 73px\">&nbsp;<\/p>\n<p>CPCG.Nice-3@ac-nice.fr<\/td>\n<td style=\"width: 8.96131%;height: 73px\"><\/td>\n<\/tr>\n<tr style=\"height: 73px\">\n<td style=\"width: 37.9876%;height: 73px\">Conseill\u00e8re p\u00e9dagogique EPS et Assistante de Pr\u00e9vention de Circonscription<\/p>\n<p><strong>Mme<\/strong> <strong>Magali CRAVEA<br \/>\n<\/strong><\/td>\n<td style=\"width: 23.9935%;height: 73px\">&nbsp;<\/p>\n<p><strong><span style=\"color: #0000ff\">04 92 07 54 14<\/span><\/strong><\/td>\n<td style=\"width: 28.9278%;height: 73px\">&nbsp;<\/p>\n<p>CPCEPS.nice-3@ac-nice.fr<\/td>\n<td style=\"width: 8.96131%;height: 73px\"><\/td>\n<\/tr>\n<tr style=\"height: 73px\">\n<td style=\"width: 37.9876%;height: 73px\">Conseiller p\u00e9dagogique \u00e0 valence num\u00e9rique<\/p>\n<p><strong>M. Christophe VIGOUROUX<\/strong><\/td>\n<td style=\"width: 23.9935%;height: 73px\">&nbsp;<\/p>\n<p>&nbsp;<\/p>\n<p>&nbsp;<\/p>\n<p><span style=\"color: #0000ff\"><strong>04 92 07 54 12<\/strong><\/span><\/td>\n<td style=\"width: 28.9278%;height: 73px\">&nbsp;<\/p>\n<p>&nbsp;<\/p>\n<p>&nbsp;<\/p>\n<p>cpc-val-num.nice3@ac-nice.fr<\/td>\n<td style=\"width: 8.96131%;height: 73px\"><\/td>\n<\/tr>\n<tr style=\"height: 185px\">\n<td style=\"width: 90.9089%;height: 10px\" colspan=\"3\"><\/td>\n<td style=\"width: 8.96131%;height: 10px\"><\/td>\n<\/tr>\n<\/tbody>\n<\/table>\n","protected":false},"excerpt":{"rendered":"<p>Inspectrice : Mme Virginie GORGONE &nbsp; 04 92 07 54 08 &nbsp; ien-06.nice3@ac-nice.fr Secr\u00e9taire : Madame Fairielle MEZOUAR Num\u00e9ro de t\u00e9l\u00e9phone : 04 92 07 54 08 Horaires d&rsquo;ouverture du secr\u00e9tariat : \u00a0tous les jours : 7h30 &#8211; 11h45 \/ &hellip; <a href=\"https:\/\/ecole.ac-nice.fr\/nice3\/equipe-de-circonscription\/\">Continuer la lecture <span class=\"meta-nav\">&rarr;<\/span><\/a><\/p>\n","protected":false},"author":2,"featured_media":0,"parent":0,"menu_order":0,"comment_status":"closed","ping_status":"closed","template":"","meta":{"footnotes":""},"class_list":["post-283","page","type-page","status-publish","hentry"],"_links":{"self":[{"href":"https:\/\/ecole.ac-nice.fr\/nice3\/wp-json\/wp\/v2\/pages\/283","targetHints":{"allow":["GET"]}}],"collection":[{"href":"https:\/\/ecole.ac-nice.fr\/nice3\/wp-json\/wp\/v2\/pages"}],"about":[{"href":"https:\/\/ecole.ac-nice.fr\/nice3\/wp-json\/wp\/v2\/types\/page"}],"author":[{"embeddable":true,"href":"https:\/\/ecole.ac-nice.fr\/nice3\/wp-json\/wp\/v2\/users\/2"}],"replies":[{"embeddable":true,"href":"https:\/\/ecole.ac-nice.fr\/nice3\/wp-json\/wp\/v2\/comments?post=283"}],"version-history":[{"count":40,"href":"https:\/\/ecole.ac-nice.fr\/nice3\/wp-json\/wp\/v2\/pages\/283\/revisions"}],"predecessor-version":[{"id":1808,"href":"https:\/\/ecole.ac-nice.fr\/nice3\/wp-json\/wp\/v2\/pages\/283\/revisions\/1808"}],"wp:attachment":[{"href":"https:\/\/ecole.ac-nice.fr\/nice3\/wp-json\/wp\/v2\/media?parent=283"}],"curies":[{"name":"wp","href":"https:\/\/api.w.org\/{rel}","templated":true}]}}