{"id":232,"date":"2017-08-31T13:38:42","date_gmt":"2017-08-31T11:38:42","guid":{"rendered":"https:\/\/ecole.ac-nice.fr\/nice3\/?page_id=232"},"modified":"2017-08-31T14:54:22","modified_gmt":"2017-08-31T12:54:22","slug":"232-2","status":"publish","type":"page","link":"https:\/\/ecole.ac-nice.fr\/nice3\/232-2\/","title":{"rendered":"R\u00e9serv\u00e9 Admin"},"content":{"rendered":"<p style=\"text-align: center;\">Liste de liens r\u00e9serv\u00e9s \u00e0 l&rsquo;administration<\/p>\n<table width=\"312\">\n<tbody>\n<tr>\n<td style=\"text-align: center;\"><strong><a href=\"https:\/\/esterel.ac-nice.fr\/login\/\" target=\"_blank\" rel=\"noopener\">Esterel<\/a><\/strong><\/td>\n<\/tr>\n<tr>\n<td style=\"text-align: center;\"><a href=\"https:\/\/id.ac-nice.fr\/login\/ct_logon_mixte2.jsp?\" target=\"_blank\" rel=\"noopener\"><strong>Arena<\/strong><\/a><\/td>\n<\/tr>\n<tr>\n<td style=\"text-align: center;\"><a href=\"https:\/\/portail-vpn.ac-nice.fr\/\" target=\"_blank\" rel=\"noopener\"><strong>Portail VPN<\/strong><\/a><\/td>\n<\/tr>\n<tr>\n<td style=\"text-align: center;\"><a href=\"https:\/\/portail-piad-bo.in.orion.education.fr\/bopiad\/InfoViewApp\/listing\/main.do?appKind=InfoView?service=%2FInfoViewApp%2Fcommon%2FappService.do?loc=fr\" target=\"_blank\" rel=\"noopener\"><strong>D\u00e9cibel (Cisco)<\/strong><\/a><\/td>\n<\/tr>\n<tr>\n<td style=\"text-align: center;\"><a href=\"http:\/\/mac06.in.ac-nice.fr\/intranet\/\" target=\"_blank\" rel=\"noopener\"><strong>Intranet (Cisco)<\/strong><\/a><\/td>\n<\/tr>\n<tr>\n<td style=\"text-align: center;\"><a href=\"http:\/\/services.ac-nice.fr\/\" target=\"_blank\" rel=\"noopener\"><strong>e-services<\/strong><\/a><\/td>\n<\/tr>\n<tr>\n<td style=\"text-align: center;\"><strong>Chorus (passer par Arena)<br \/>\n<\/strong><\/td>\n<\/tr>\n<tr>\n<td style=\"text-align: center;\"><a href=\"https:\/\/bv.ac-nice.fr\/ia06\/\" target=\"_blank\" rel=\"noopener\"><strong>Applis DSDEN (HSE,IPE)<\/strong><\/a><\/td>\n<\/tr>\n<tr>\n<td style=\"text-align: center;\"><a href=\"https:\/\/magistere.education.fr\/ac-nice\/\" target=\"_blank\" rel=\"noopener\"><strong>M@gist\u00e8re<\/strong><\/a><\/td>\n<\/tr>\n<\/tbody>\n<\/table>\n<p>&nbsp;<\/p>\n","protected":false},"excerpt":{"rendered":"<p>Liste de liens r\u00e9serv\u00e9s \u00e0 l&rsquo;administration Esterel Arena Portail VPN D\u00e9cibel (Cisco) Intranet (Cisco) e-services Chorus (passer par Arena) Applis DSDEN (HSE,IPE) M@gist\u00e8re &nbsp;<\/p>\n","protected":false},"author":2,"featured_media":0,"parent":0,"menu_order":0,"comment_status":"closed","ping_status":"closed","template":"","meta":{"footnotes":""},"class_list":["post-232","page","type-page","status-publish","hentry"],"_links":{"self":[{"href":"https:\/\/ecole.ac-nice.fr\/nice3\/wp-json\/wp\/v2\/pages\/232","targetHints":{"allow":["GET"]}}],"collection":[{"href":"https:\/\/ecole.ac-nice.fr\/nice3\/wp-json\/wp\/v2\/pages"}],"about":[{"href":"https:\/\/ecole.ac-nice.fr\/nice3\/wp-json\/wp\/v2\/types\/page"}],"author":[{"embeddable":true,"href":"https:\/\/ecole.ac-nice.fr\/nice3\/wp-json\/wp\/v2\/users\/2"}],"replies":[{"embeddable":true,"href":"https:\/\/ecole.ac-nice.fr\/nice3\/wp-json\/wp\/v2\/comments?post=232"}],"version-history":[{"count":17,"href":"https:\/\/ecole.ac-nice.fr\/nice3\/wp-json\/wp\/v2\/pages\/232\/revisions"}],"predecessor-version":[{"id":255,"href":"https:\/\/ecole.ac-nice.fr\/nice3\/wp-json\/wp\/v2\/pages\/232\/revisions\/255"}],"wp:attachment":[{"href":"https:\/\/ecole.ac-nice.fr\/nice3\/wp-json\/wp\/v2\/media?parent=232"}],"curies":[{"name":"wp","href":"https:\/\/api.w.org\/{rel}","templated":true}]}}