{"id":181,"date":"2017-08-30T11:49:34","date_gmt":"2017-08-30T09:49:34","guid":{"rendered":"https:\/\/ecole.ac-nice.fr\/nice3\/?page_id=181"},"modified":"2017-08-30T11:49:34","modified_gmt":"2017-08-30T09:49:34","slug":"liens-administratifs","status":"publish","type":"page","link":"https:\/\/ecole.ac-nice.fr\/nice3\/liens-administratifs\/","title":{"rendered":"LIENS ADMINISTRATIFS"},"content":{"rendered":"<table style=\"background-color: #4463a6; border-color: #000000; width: 584px;\">\n<tbody>\n<tr style=\"height: 89px;\">\n<td style=\"width: 251px; text-align: center; vertical-align: middle; height: 89px;\"><a href=\"https:\/\/esterel.ac-nice.fr\/\" target=\"_blank\" rel=\"noopener\"><img loading=\"lazy\" decoding=\"async\" class=\"size-full wp-image-192 alignnone\" src=\"https:\/\/ecole.ac-nice.fr\/nice3\/wp-content\/uploads\/2017\/08\/esterel.jpg\" alt=\"\" width=\"176\" height=\"68\" \/><\/a><\/td>\n<td style=\"width: 263.867px; text-align: center; vertical-align: middle; height: 89px;\"><span style=\"color: #ffffff;\">\u00a0<strong>Portail unique d&rsquo;acc\u00e8s aux services<\/strong><\/span><\/td>\n<td style=\"width: 10px; text-align: center; vertical-align: middle; height: 89px;\"><\/td>\n<td style=\"width: 21px; text-align: center; vertical-align: middle; height: 89px;\"><\/td>\n<td style=\"width: 21px; text-align: center; vertical-align: middle; height: 89px;\"><\/td>\n<\/tr>\n<tr style=\"height: 67px;\">\n<td style=\"width: 251px; text-align: center; vertical-align: middle; height: 67px;\">\u00a0<a href=\"https:\/\/id.ac-nice.fr\/arena\" target=\"_blank\" rel=\"noopener\"><img loading=\"lazy\" decoding=\"async\" class=\"size-full wp-image-202 alignnone\" src=\"https:\/\/ecole.ac-nice.fr\/nice3\/wp-content\/uploads\/2017\/08\/arena_logo.jpg\" alt=\"\" width=\"87\" height=\"46\" \/><\/a><\/td>\n<td style=\"width: 263.867px; text-align: center; vertical-align: middle; height: 67px;\">\u00a0<strong><span style=\"color: #ffffff;\">Acc\u00e9dez aux applications qui vous sont d\u00e9di\u00e9es <span style=\"color: #ffcc00;\">(NB : cet espace est \u00e9galement accessible par \u00ab\u00a0esterel\u00a0\u00bb)<\/span><br \/>\n<\/span><\/strong><\/td>\n<td style=\"width: 10px; text-align: center; vertical-align: middle; height: 67px;\"><\/td>\n<td style=\"width: 21px; text-align: center; vertical-align: middle; height: 67px;\"><\/td>\n<td style=\"width: 21px; text-align: center; vertical-align: middle; height: 67px;\"><\/td>\n<\/tr>\n<tr style=\"height: 53.2833px;\">\n<td style=\"width: 251px; text-align: center; vertical-align: middle; height: 53.2833px;\"><a href=\"https:\/\/webmail.ac-nice.fr\/\" target=\"_blank\" rel=\"noopener\"><img loading=\"lazy\" decoding=\"async\" class=\"alignnone size-medium wp-image-207\" src=\"https:\/\/ecole.ac-nice.fr\/nice3\/wp-content\/uploads\/2017\/08\/webmail_logo-300x64.jpg\" alt=\"\" width=\"300\" height=\"64\" srcset=\"https:\/\/ecole.ac-nice.fr\/nice3\/wp-content\/uploads\/2017\/08\/webmail_logo-300x64.jpg 300w, https:\/\/ecole.ac-nice.fr\/nice3\/wp-content\/uploads\/2017\/08\/webmail_logo-500x106.jpg 500w, https:\/\/ecole.ac-nice.fr\/nice3\/wp-content\/uploads\/2017\/08\/webmail_logo.jpg 632w\" sizes=\"auto, (max-width: 300px) 100vw, 300px\" \/><\/a><\/td>\n<td style=\"width: 263.867px; text-align: center; vertical-align: middle; height: 53.2833px;\"><strong><span style=\"color: #ffffff;\">Acc\u00e9dez \u00e0 votre messagerie professionnelle <span style=\"color: #ffcc00;\">(NB : cet espace est \u00e9galement accessible par \u00ab\u00a0esterel\u00a0\u00bb)<\/span><br \/>\n<\/span><\/strong><\/td>\n<td style=\"width: 10px; text-align: center; vertical-align: middle; height: 53.2833px;\"><\/td>\n<td style=\"width: 21px; text-align: center; vertical-align: middle; height: 53.2833px;\"><\/td>\n<td style=\"width: 21px; text-align: center; vertical-align: middle; height: 53.2833px;\"><\/td>\n<\/tr>\n<tr style=\"height: 24px;\">\n<td style=\"width: 251px; text-align: center; vertical-align: middle; height: 24px;\"><a href=\"https:\/\/bv.ac-nice.fr\/ia06\/\" target=\"_blank\" rel=\"noopener\"><img loading=\"lazy\" decoding=\"async\" class=\"alignnone size-medium wp-image-211\" src=\"https:\/\/ecole.ac-nice.fr\/nice3\/wp-content\/uploads\/2017\/08\/Applis_dsden-300x91.jpg\" alt=\"\" width=\"300\" height=\"91\" srcset=\"https:\/\/ecole.ac-nice.fr\/nice3\/wp-content\/uploads\/2017\/08\/Applis_dsden-300x91.jpg 300w, https:\/\/ecole.ac-nice.fr\/nice3\/wp-content\/uploads\/2017\/08\/Applis_dsden-500x152.jpg 500w, https:\/\/ecole.ac-nice.fr\/nice3\/wp-content\/uploads\/2017\/08\/Applis_dsden.jpg 754w\" sizes=\"auto, (max-width: 300px) 100vw, 300px\" \/><\/a><\/td>\n<td style=\"width: 263.867px; text-align: center; vertical-align: middle; height: 24px;\"><span style=\"color: #ffffff;\"><strong>Applications internet de la DSDEN <\/strong><\/span><br \/>\n<span style=\"color: #ffcc00;\"><strong>(d\u00e9claration des HSE, IPE)<\/strong><\/span><\/td>\n<td style=\"width: 10px; text-align: center; vertical-align: middle; height: 24px;\"><\/td>\n<td style=\"width: 21px; text-align: center; vertical-align: middle; height: 24px;\"><\/td>\n<td style=\"width: 21px; text-align: center; vertical-align: middle; height: 24px;\"><\/td>\n<\/tr>\n<tr style=\"height: 24px;\">\n<td style=\"width: 251px; text-align: center; vertical-align: middle; height: 24px;\">\u00a0<a href=\"https:\/\/id.ac-nice.fr\/iprof\/servletiprofe\" target=\"_blank\" rel=\"noopener\"><img loading=\"lazy\" decoding=\"async\" class=\"alignnone size-full wp-image-216\" src=\"https:\/\/ecole.ac-nice.fr\/nice3\/wp-content\/uploads\/2017\/08\/iprof_logo.jpg\" alt=\"\" width=\"114\" height=\"50\" \/><\/a><\/td>\n<td style=\"width: 263.867px; text-align: center; vertical-align: middle; height: 24px;\"><strong><span style=\"color: #ffffff;\">Acc\u00e9dez \u00e0 tout ce qui concerne votre carri\u00e8re<\/span> <\/strong><\/td>\n<td style=\"width: 10px; text-align: center; vertical-align: middle; height: 24px;\"><\/td>\n<td style=\"width: 21px; text-align: center; vertical-align: middle; height: 24px;\"><\/td>\n<td style=\"width: 21px; text-align: center; vertical-align: middle; height: 24px;\"><\/td>\n<\/tr>\n<tr style=\"height: 24px;\">\n<td style=\"width: 251px; text-align: center; vertical-align: middle; height: 24px;\"><\/td>\n<td style=\"width: 263.867px; text-align: center; vertical-align: middle; height: 24px;\"><\/td>\n<td style=\"width: 10px; text-align: center; vertical-align: middle; height: 24px;\"><\/td>\n<td style=\"width: 21px; text-align: center; vertical-align: middle; height: 24px;\"><\/td>\n<td style=\"width: 21px; text-align: center; vertical-align: middle; height: 24px;\"><\/td>\n<\/tr>\n<\/tbody>\n<\/table>\n","protected":false},"excerpt":{"rendered":"<p>\u00a0Portail unique d&rsquo;acc\u00e8s aux services \u00a0 \u00a0Acc\u00e9dez aux applications qui vous sont d\u00e9di\u00e9es (NB : cet espace est \u00e9galement accessible par \u00ab\u00a0esterel\u00a0\u00bb) Acc\u00e9dez \u00e0 votre messagerie professionnelle (NB : cet espace est \u00e9galement accessible par \u00ab\u00a0esterel\u00a0\u00bb) Applications internet de la &hellip; <a href=\"https:\/\/ecole.ac-nice.fr\/nice3\/liens-administratifs\/\">Continuer la lecture <span class=\"meta-nav\">&rarr;<\/span><\/a><\/p>\n","protected":false},"author":2,"featured_media":0,"parent":0,"menu_order":0,"comment_status":"closed","ping_status":"closed","template":"","meta":{"footnotes":""},"class_list":["post-181","page","type-page","status-publish","hentry"],"_links":{"self":[{"href":"https:\/\/ecole.ac-nice.fr\/nice3\/wp-json\/wp\/v2\/pages\/181","targetHints":{"allow":["GET"]}}],"collection":[{"href":"https:\/\/ecole.ac-nice.fr\/nice3\/wp-json\/wp\/v2\/pages"}],"about":[{"href":"https:\/\/ecole.ac-nice.fr\/nice3\/wp-json\/wp\/v2\/types\/page"}],"author":[{"embeddable":true,"href":"https:\/\/ecole.ac-nice.fr\/nice3\/wp-json\/wp\/v2\/users\/2"}],"replies":[{"embeddable":true,"href":"https:\/\/ecole.ac-nice.fr\/nice3\/wp-json\/wp\/v2\/comments?post=181"}],"version-history":[{"count":26,"href":"https:\/\/ecole.ac-nice.fr\/nice3\/wp-json\/wp\/v2\/pages\/181\/revisions"}],"predecessor-version":[{"id":220,"href":"https:\/\/ecole.ac-nice.fr\/nice3\/wp-json\/wp\/v2\/pages\/181\/revisions\/220"}],"wp:attachment":[{"href":"https:\/\/ecole.ac-nice.fr\/nice3\/wp-json\/wp\/v2\/media?parent=181"}],"curies":[{"name":"wp","href":"https:\/\/api.w.org\/{rel}","templated":true}]}}