{"id":1406,"date":"2020-03-23T09:12:48","date_gmt":"2020-03-23T08:12:48","guid":{"rendered":"https:\/\/ecole.ac-nice.fr\/nice3\/?page_id=1406"},"modified":"2020-04-21T18:27:11","modified_gmt":"2020-04-21T16:27:11","slug":"continuite-pedagogique","status":"publish","type":"page","link":"https:\/\/ecole.ac-nice.fr\/nice3\/continuite-pedagogique\/","title":{"rendered":"CONTINUITE PEDAGOGIQUE \/ NICE 3"},"content":{"rendered":"<p>Le cadre de la continuit\u00e9 p\u00e9dagogique pour la circonscription de NICE 3 a \u00e9t\u00e9 donn\u00e9 par Mme KLEIN au travers des notes de service : <span style=\"font-size: 14pt;\"><strong><a href=\"https:\/\/ecole.ac-nice.fr\/nice3\/blog\/2020\/03\/23\/note-de-service-n10-situation-sanitaire-et-continuite-pedagogique\/\" target=\"_blank\" rel=\"noopener noreferrer\">10<\/a><\/strong><\/span>, <a href=\"https:\/\/ecole.ac-nice.fr\/nice3\/blog\/2020\/03\/23\/note-de-service-n11\/\" target=\"_blank\" rel=\"noopener noreferrer\"><strong><span style=\"font-size: 14pt;\">11<\/span><\/strong><\/a>, <a href=\"https:\/\/ecole.ac-nice.fr\/nice3\/blog\/2020\/03\/23\/note-de-service-n12-continuite-confinement\/\" target=\"_blank\" rel=\"noopener noreferrer\"><span style=\"font-size: 14pt;\"><strong>12<\/strong><\/span><\/a>.<\/p>\n<p>&#8212;&#8212;&#8212;&#8212;&#8212;&#8212;&#8212;&#8212;&#8212;&#8212;&#8212;&#8212;&#8212;&#8212;&#8212;&#8212;&#8212;&#8212;&#8212;&#8212;&#8212;&#8212;&#8212;&#8212;&#8212;&#8212;&#8211;<\/p>\n<p>Cette page a pour but de donner des pistes aux enseignants.<\/p>\n<p>Les documents ont \u00e9t\u00e9 \u00e9tablis par les Conseillers P\u00e9dagogiques de la circonscription de\u00a0 Nice 3 et comportent \u00e9galement des contributions de Professeurs des Ecoles de la Circonscription que nous remercions.<\/p>\n<p>Vous y retrouverez \u00e9galement un recueil des propositions faites par l&rsquo;ensemble de Conseiller(e)s P\u00e9dagogiques D\u00e9partementaux(tales) et du CASNAV.<\/p>\n<p>&nbsp;<\/p>\n<p>Cette page n&rsquo;est pas fig\u00e9e, elle \u00e9voluera au gr\u00e9 des id\u00e9es ou d\u00e9couvertes ou contributions.<\/p>\n<p>&nbsp;<\/p>\n<table style=\"border-collapse: collapse; width: 100%; height: 264px;\">\n<tbody>\n<tr style=\"height: 48px;\">\n<td style=\"width: 60.9589%; height: 48px;\">\n<p style=\"text-align: center;\"><span style=\"color: #0000ff;\"><strong>Murs de liens par cycle CPC NICE 3<\/strong><\/span><\/p>\n<\/td>\n<td style=\"width: 39.0411%; height: 48px; text-align: center;\"><a href=\"https:\/\/ecole.ac-nice.fr\/nice3\/blog\/2020\/03\/23\/murs-de-liens-par-cycle\/\" target=\"_blank\" rel=\"noopener noreferrer\"><img loading=\"lazy\" decoding=\"async\" class=\"alignnone wp-image-1433\" src=\"https:\/\/ecole.ac-nice.fr\/nice3\/wp-content\/uploads\/2020\/03\/round-blue-play-button-down-300x300.png\" alt=\"\" width=\"30\" height=\"30\" \/><\/a><\/td>\n<\/tr>\n<tr style=\"height: 24px;\">\n<td style=\"width: 60.9589%; height: 24px;\">\n<p style=\"text-align: center;\"><span style=\"color: #0000ff;\"><strong>2 tutoriels vid\u00e9o :<\/strong><\/span><\/p>\n<p style=\"text-align: center;\"><strong><span style=\"color: #0000ff;\">Ma classe \u00e0 la maison CNED<br \/>\n<\/span><\/strong><\/p>\n<p style=\"text-align: center;\"><strong><span style=\"color: #0000ff;\">et Classe Virtuelle CNED<\/span><\/strong><\/p>\n<p style=\"text-align: center;\">Lien CNED : <a href=\"https:\/\/ecole.cned.fr\" target=\"_blank\" rel=\"noopener noreferrer\">https:\/\/ecole.cned.fr<\/a><\/p>\n<p>&nbsp;<\/p>\n<p style=\"text-align: center;\">3 Tutos vus en formation \u00e0 distance<\/p>\n<p><a href=\"https:\/\/ecole.ac-nice.fr\/nice3\/wp-content\/uploads\/2020\/04\/1_cned-fiche-Presentation-Classe-a-ala-maison-et-Virtuelle.pdf\">1_cned-fiche Presentation Classe a ala maison et Virtuelle<\/a><\/p>\n<p style=\"text-align: center;\"><a href=\"https:\/\/ecole.ac-nice.fr\/nice3\/wp-content\/uploads\/2020\/04\/2_tutoriel_ma_classe_virtuelle_cned-Cr\u00e9ation.pdf\">2_tutoriel_ma_classe_virtuelle_cned Cr\u00e9ation<\/a><\/p>\n<p style=\"text-align: center;\"><a href=\"https:\/\/ecole.ac-nice.fr\/nice3\/wp-content\/uploads\/2020\/04\/3_Ma-classe-virtuelle-cnedCeR.pdf\">3_Ma classe virtuelle cnedCeR<\/a><\/p>\n<\/td>\n<td style=\"width: 39.0411%; height: 24px; text-align: center;\">&nbsp;<\/p>\n<p><a href=\"https:\/\/ecole.ac-nice.fr\/nice3\/blog\/2020\/03\/23\/ma-classe-a-la-maison-cned\/\" target=\"_blank\" rel=\"noopener noreferrer\"><img loading=\"lazy\" decoding=\"async\" class=\"alignnone wp-image-1433\" src=\"https:\/\/ecole.ac-nice.fr\/nice3\/wp-content\/uploads\/2020\/03\/round-blue-play-button-down-300x300.png\" alt=\"\" width=\"30\" height=\"30\" \/><\/a><\/td>\n<\/tr>\n<tr style=\"height: 24px;\">\n<td style=\"width: 60.9589%; height: 24px; text-align: center;\"><span style=\"color: #0000ff;\"><strong>Ressources propos\u00e9es par les CPD DSDEN 06 et le CASNAV<br \/>\n<\/strong><\/span><\/td>\n<td style=\"width: 39.0411%; height: 24px; text-align: center;\"><a href=\"https:\/\/ecole.ac-nice.fr\/nice3\/blog\/2020\/03\/24\/ressources-et-pistes-elaborees-par-les-conseillers-pedagogiques-departementaux\/\" target=\"_blank\" rel=\"noopener noreferrer\"><img loading=\"lazy\" decoding=\"async\" class=\"alignnone wp-image-1433\" src=\"https:\/\/ecole.ac-nice.fr\/nice3\/wp-content\/uploads\/2020\/03\/round-blue-play-button-down-300x300.png\" alt=\"\" width=\"30\" height=\"30\" \/><\/a><\/td>\n<\/tr>\n<tr>\n<td style=\"width: 60.9589%; text-align: center;\">&nbsp;<\/p>\n<p><span style=\"color: #0000ff;\"><strong>CAP RADIO (CLEMI de Nice)<br \/>\n<\/strong>Programmation Sp\u00e9ciale \u00ab\u00a0Continuit\u00e9 P\u00e9dagogique\u00a0\u00bb<\/span><\/td>\n<td style=\"width: 39.0411%;\">&nbsp;<\/p>\n<p><a href=\"https:\/\/ecole.ac-nice.fr\/nice3\/blog\/2020\/04\/03\/cap-radio\/\" target=\"_blank\" rel=\"noopener noreferrer\"><strong><img loading=\"lazy\" decoding=\"async\" class=\"wp-image-1207 aligncenter\" src=\"https:\/\/ecole.ac-nice.fr\/nice3\/wp-content\/uploads\/2019\/05\/radio-300x300.png\" alt=\"\" width=\"71\" height=\"71\" srcset=\"https:\/\/ecole.ac-nice.fr\/nice3\/wp-content\/uploads\/2019\/05\/radio-300x300.png 300w, https:\/\/ecole.ac-nice.fr\/nice3\/wp-content\/uploads\/2019\/05\/radio-150x150.png 150w, https:\/\/ecole.ac-nice.fr\/nice3\/wp-content\/uploads\/2019\/05\/radio.png 768w\" sizes=\"auto, (max-width: 71px) 100vw, 71px\" \/> <\/strong><\/a><\/td>\n<\/tr>\n<tr style=\"height: 24px;\">\n<td style=\"width: 60.9589%; height: 24px; text-align: center;\"><span style=\"color: #0000ff;\"><strong>Tutoriel mise en ligne de vid\u00e9os sur le \u00ab\u00a0ACAMEDIA\u00a0\u00bb <span style=\"font-size: 8pt;\">(source C Giraudo)<\/span><\/strong><\/span><\/td>\n<td style=\"width: 39.0411%; height: 24px; text-align: center;\"><a href=\"https:\/\/acamedia.ac-nice.fr\/v2\/acamedia_v3262\" target=\"_blank\" rel=\"noopener noreferrer\"><img loading=\"lazy\" decoding=\"async\" class=\"alignnone wp-image-1433\" src=\"https:\/\/ecole.ac-nice.fr\/nice3\/wp-content\/uploads\/2020\/03\/round-blue-play-button-down-300x300.png\" alt=\"\" width=\"30\" height=\"30\" \/><\/a><\/td>\n<\/tr>\n<tr style=\"height: 24px;\">\n<td style=\"width: 60.9589%; height: 24px; text-align: center;\"><span style=\"color: #0000ff;\"><strong>Tutoriel \u00ab\u00a0partage de dossiers\u00a0\u00bb \u00ab\u00a0volumineux (lourds)\u00a0\u00bb <span style=\"font-size: 8pt;\">(source K Fintzel)<\/span><br \/>\n<\/strong><\/span><\/td>\n<td style=\"width: 39.0411%; height: 24px; text-align: center;\"><a href=\"https:\/\/view.genial.ly\/5e8d71f58b8ee90e1ec5f609\/presentation-filesender\" target=\"_blank\" rel=\"noopener noreferrer\"><img loading=\"lazy\" decoding=\"async\" class=\"alignnone wp-image-1433\" src=\"https:\/\/ecole.ac-nice.fr\/nice3\/wp-content\/uploads\/2020\/03\/round-blue-play-button-down-300x300.png\" alt=\"\" width=\"30\" height=\"30\" \/><\/a><\/td>\n<\/tr>\n<tr style=\"height: 24px;\">\n<td style=\"width: 60.9589%; height: 24px; text-align: center;\"><span style=\"color: #0000ff;\"><strong>Activit\u00e9s autour d&rsquo;un album \u00ab\u00a0Lave-toi les mains\u00a0\u00bb CP Eps<\/strong><\/span><\/p>\n<p>&nbsp;<\/td>\n<td style=\"width: 39.0411%; height: 24px; text-align: center;\"><a href=\"https:\/\/ecole.ac-nice.fr\/nice3\/blog\/2020\/04\/10\/activites-autour-dun-album-lavage-des-mains\/\" target=\"_blank\" rel=\"noopener noreferrer\"><img loading=\"lazy\" decoding=\"async\" class=\"alignnone wp-image-1433\" src=\"https:\/\/ecole.ac-nice.fr\/nice3\/wp-content\/uploads\/2020\/03\/round-blue-play-button-down-300x300.png\" alt=\"\" width=\"30\" height=\"30\" \/><\/a><\/p>\n<p><a href=\"https:\/\/ecole.ac-nice.fr\/nice3\/blog\/2020\/04\/03\/cap-radio\/\" target=\"_blank\" rel=\"noopener noreferrer\"><strong>\u00a0<\/strong><\/a><\/td>\n<\/tr>\n<tr style=\"height: 24px;\">\n<td style=\"width: 60.9589%; height: 24px;\"><\/td>\n<td style=\"width: 39.0411%; height: 24px;\"><\/td>\n<\/tr>\n<tr style=\"height: 24px;\">\n<td style=\"width: 60.9589%; height: 24px;\"><\/td>\n<td style=\"width: 39.0411%; height: 24px;\"><\/td>\n<\/tr>\n<tr style=\"height: 24px;\">\n<td style=\"width: 60.9589%; height: 24px;\"><\/td>\n<td style=\"width: 39.0411%; height: 24px;\"><\/td>\n<\/tr>\n<\/tbody>\n<\/table>\n<p>&nbsp;<\/p>\n","protected":false},"excerpt":{"rendered":"<p>Le cadre de la continuit\u00e9 p\u00e9dagogique pour la circonscription de NICE 3 a \u00e9t\u00e9 donn\u00e9 par Mme KLEIN au travers des notes de service : 10, 11, 12. &#8212;&#8212;&#8212;&#8212;&#8212;&#8212;&#8212;&#8212;&#8212;&#8212;&#8212;&#8212;&#8212;&#8212;&#8212;&#8212;&#8212;&#8212;&#8212;&#8212;&#8212;&#8212;&#8212;&#8212;&#8212;&#8212;&#8211; Cette page a pour but de donner des pistes aux enseignants. &hellip; <a href=\"https:\/\/ecole.ac-nice.fr\/nice3\/continuite-pedagogique\/\">Continuer la lecture <span class=\"meta-nav\">&rarr;<\/span><\/a><\/p>\n","protected":false},"author":2,"featured_media":0,"parent":0,"menu_order":0,"comment_status":"closed","ping_status":"closed","template":"","meta":{"footnotes":""},"class_list":["post-1406","page","type-page","status-publish","hentry"],"_links":{"self":[{"href":"https:\/\/ecole.ac-nice.fr\/nice3\/wp-json\/wp\/v2\/pages\/1406","targetHints":{"allow":["GET"]}}],"collection":[{"href":"https:\/\/ecole.ac-nice.fr\/nice3\/wp-json\/wp\/v2\/pages"}],"about":[{"href":"https:\/\/ecole.ac-nice.fr\/nice3\/wp-json\/wp\/v2\/types\/page"}],"author":[{"embeddable":true,"href":"https:\/\/ecole.ac-nice.fr\/nice3\/wp-json\/wp\/v2\/users\/2"}],"replies":[{"embeddable":true,"href":"https:\/\/ecole.ac-nice.fr\/nice3\/wp-json\/wp\/v2\/comments?post=1406"}],"version-history":[{"count":55,"href":"https:\/\/ecole.ac-nice.fr\/nice3\/wp-json\/wp\/v2\/pages\/1406\/revisions"}],"predecessor-version":[{"id":1434,"href":"https:\/\/ecole.ac-nice.fr\/nice3\/wp-json\/wp\/v2\/pages\/1406\/revisions\/1434"}],"wp:attachment":[{"href":"https:\/\/ecole.ac-nice.fr\/nice3\/wp-json\/wp\/v2\/media?parent=1406"}],"curies":[{"name":"wp","href":"https:\/\/api.w.org\/{rel}","templated":true}]}}