{"id":54,"date":"2019-04-26T14:45:37","date_gmt":"2019-04-26T12:45:37","guid":{"rendered":"https:\/\/ecole.ac-nice.fr\/nice3\/semainedeslangues2019\/?page_id=54"},"modified":"2019-05-10T16:06:19","modified_gmt":"2019-05-10T14:06:19","slug":"day-one-questionnaire-niveau-2","status":"publish","type":"page","link":"https:\/\/ecole.ac-nice.fr\/nice3\/semainedeslangues2019\/day-one-questionnaire-niveau-2\/","title":{"rendered":"DAY ONE \u2013 cycle 3 \u2013 \u201c What colour are your knickers ?\u201d"},"content":{"rendered":"<p style=\"text-align: center;\"><span style=\"color: #0000ff;\"><strong>WHAT COLOUR ARE YOUR KNICKERS ?<br \/>\n<\/strong><\/span><\/p>\n<hr \/>\n<p style=\"text-align: center;\"><iframe loading=\"lazy\" src=\"https:\/\/www.youtube.com\/embed\/sz-nWc54DtM\" width=\"560\" height=\"315\" frameborder=\"0\" allowfullscreen=\"allowfullscreen\"><\/iframe><\/p>\n<p style=\"text-align: center;\"><strong><span style=\"color: #0000ff;\">\u00ab\u00a0QUESTIONNAIRE A\u00a0\u00bb\u00a0 NIVEAU 2 (Cycle 3)<\/span><br \/>\n<\/strong><\/p>\n<p style=\"text-align: center;\">Pensez \u00e0 cliquer en haut \u00e0 droite du questionnaire ci-dessous pour le mettre en plein \u00e9cran. Le m\u00eame \u00ab\u00a0bouton\u00a0\u00bb servira \u00e0 la man\u0153uvre inverse.<\/p>\n<p style=\"text-align: center;\">Puis retournez sur l&rsquo;onglet principal !<\/p>\n<p><iframe style=\"border: 0px; width: 100%; height: 500px;\" src=\"https:\/\/learningapps.org\/watch?v=p762m8gu219\"><\/iframe><\/p>\n<hr \/>\n<p style=\"text-align: center;\"><span style=\"color: #0000ff;\"><strong>\u00ab\u00a0QUESTIONNAIRE B\u00a0\u00bb\u00a0 NIVEAU 2 (Cycle 3)<\/strong><\/span><\/p>\n<p style=\"text-align: center;\">Pensez \u00e0 cliquer en haut \u00e0 droite du questionnaire ci-dessous pour le mettre en plein \u00e9cran. Le m\u00eame \u00ab\u00a0bouton\u00a0\u00bb servira \u00e0 la man\u0153uvre inverse.<\/p>\n<p style=\"text-align: center;\">Puis retournez sur l&rsquo;onglet principal !<\/p>\n<p><iframe style=\"border: 0px; width: 100%; height: 500px;\" src=\"https:\/\/learningapps.org\/watch?v=p6s58vc7219\"><\/iframe><\/p>\n","protected":false},"excerpt":{"rendered":"<p>WHAT COLOUR ARE YOUR KNICKERS ? \u00ab\u00a0QUESTIONNAIRE A\u00a0\u00bb\u00a0 NIVEAU 2 (Cycle 3) Pensez \u00e0 cliquer en haut \u00e0 droite du questionnaire ci-dessous pour le mettre en plein \u00e9cran. Le m\u00eame \u00ab\u00a0bouton\u00a0\u00bb servira \u00e0 la man\u0153uvre inverse. Puis retournez sur l&rsquo;onglet &hellip; <a href=\"https:\/\/ecole.ac-nice.fr\/nice3\/semainedeslangues2019\/day-one-questionnaire-niveau-2\/\">Continuer la lecture <span class=\"meta-nav\">&rarr;<\/span><\/a><\/p>\n","protected":false},"author":2,"featured_media":0,"parent":0,"menu_order":0,"comment_status":"closed","ping_status":"closed","template":"","meta":{"footnotes":""},"class_list":["post-54","page","type-page","status-publish","hentry"],"_links":{"self":[{"href":"https:\/\/ecole.ac-nice.fr\/nice3\/semainedeslangues2019\/wp-json\/wp\/v2\/pages\/54","targetHints":{"allow":["GET"]}}],"collection":[{"href":"https:\/\/ecole.ac-nice.fr\/nice3\/semainedeslangues2019\/wp-json\/wp\/v2\/pages"}],"about":[{"href":"https:\/\/ecole.ac-nice.fr\/nice3\/semainedeslangues2019\/wp-json\/wp\/v2\/types\/page"}],"author":[{"embeddable":true,"href":"https:\/\/ecole.ac-nice.fr\/nice3\/semainedeslangues2019\/wp-json\/wp\/v2\/users\/2"}],"replies":[{"embeddable":true,"href":"https:\/\/ecole.ac-nice.fr\/nice3\/semainedeslangues2019\/wp-json\/wp\/v2\/comments?post=54"}],"version-history":[{"count":20,"href":"https:\/\/ecole.ac-nice.fr\/nice3\/semainedeslangues2019\/wp-json\/wp\/v2\/pages\/54\/revisions"}],"predecessor-version":[{"id":208,"href":"https:\/\/ecole.ac-nice.fr\/nice3\/semainedeslangues2019\/wp-json\/wp\/v2\/pages\/54\/revisions\/208"}],"wp:attachment":[{"href":"https:\/\/ecole.ac-nice.fr\/nice3\/semainedeslangues2019\/wp-json\/wp\/v2\/media?parent=54"}],"curies":[{"name":"wp","href":"https:\/\/api.w.org\/{rel}","templated":true}]}}