{"id":26,"date":"2019-04-23T16:26:14","date_gmt":"2019-04-23T14:26:14","guid":{"rendered":"https:\/\/ecole.ac-nice.fr\/nice3\/semainedeslangues2019\/?page_id=26"},"modified":"2019-05-10T16:05:58","modified_gmt":"2019-05-10T14:05:58","slug":"day-one","status":"publish","type":"page","link":"https:\/\/ecole.ac-nice.fr\/nice3\/semainedeslangues2019\/day-one\/","title":{"rendered":"DAY ONE &#8211; cycle 2 &#8211; \u00a0\u00bb What colour are your knickers ?\u00a0\u00bb"},"content":{"rendered":"<h1 style=\"text-align: center;\"><span style=\"color: #0000ff;\"><strong>ALBUM : WHAT COLOUR ARE YOUR KNICKERS ?<br \/>\n<\/strong><\/span><\/h1>\n<hr \/>\n<p><iframe loading=\"lazy\" src=\"https:\/\/www.youtube.com\/embed\/sz-nWc54DtM\" width=\"560\" height=\"315\" frameborder=\"0\" allowfullscreen=\"allowfullscreen\"><\/iframe><\/p>\n<hr \/>\n<p style=\"text-align: center;\"><span style=\"color: #0000ff;\"><strong>\u00ab\u00a0QUESTIONNAIRE A\u00a0\u00bb\u00a0 NIVEAU 1 (Cycle 2)<br \/>\n<\/strong><\/span><\/p>\n<p style=\"text-align: center;\">Pensez \u00e0 cliquer en haut \u00e0 droite du questionnaire ci-dessous pour le mettre en plein \u00e9cran. Le m\u00eame \u00ab\u00a0bouton\u00a0\u00bb servira \u00e0 la man\u0153uvre inverse. Puis retournez sur l&rsquo;onglet principal !<\/p>\n<p><iframe style=\"border: 0px; width: 100%; height: 500px;\" src=\"https:\/\/learningapps.org\/watch?v=psekjo5ha19\"><\/iframe><\/p>\n<hr \/>\n<p style=\"text-align: center;\"><span style=\"color: #0000ff;\"><strong>\u00ab\u00a0QUESTIONNAIRE B\u00a0\u00bb\u00a0 NIVEAU 1 (Cycle 2)<\/strong><\/span><\/p>\n<p style=\"text-align: center;\">Pensez \u00e0 cliquer en haut \u00e0 droite du questionnaire ci-dessous pour le mettre en plein \u00e9cran. Le m\u00eame \u00ab\u00a0bouton\u00a0\u00bb servira \u00e0 la man\u0153uvre inverse. Puis retournez sur l&rsquo;onglet principal !<\/p>\n<p><iframe style=\"border: 0px; width: 100%; height: 500px;\" src=\"https:\/\/learningapps.org\/watch?v=pb8ybk3g319\"><\/iframe><\/p>\n","protected":false},"excerpt":{"rendered":"<p>ALBUM : WHAT COLOUR ARE YOUR KNICKERS ? \u00ab\u00a0QUESTIONNAIRE A\u00a0\u00bb\u00a0 NIVEAU 1 (Cycle 2) Pensez \u00e0 cliquer en haut \u00e0 droite du questionnaire ci-dessous pour le mettre en plein \u00e9cran. Le m\u00eame \u00ab\u00a0bouton\u00a0\u00bb servira \u00e0 la man\u0153uvre inverse. Puis retournez &hellip; <a href=\"https:\/\/ecole.ac-nice.fr\/nice3\/semainedeslangues2019\/day-one\/\">Continuer la lecture <span class=\"meta-nav\">&rarr;<\/span><\/a><\/p>\n","protected":false},"author":2,"featured_media":0,"parent":0,"menu_order":0,"comment_status":"closed","ping_status":"closed","template":"","meta":{"footnotes":""},"class_list":["post-26","page","type-page","status-publish","hentry"],"_links":{"self":[{"href":"https:\/\/ecole.ac-nice.fr\/nice3\/semainedeslangues2019\/wp-json\/wp\/v2\/pages\/26","targetHints":{"allow":["GET"]}}],"collection":[{"href":"https:\/\/ecole.ac-nice.fr\/nice3\/semainedeslangues2019\/wp-json\/wp\/v2\/pages"}],"about":[{"href":"https:\/\/ecole.ac-nice.fr\/nice3\/semainedeslangues2019\/wp-json\/wp\/v2\/types\/page"}],"author":[{"embeddable":true,"href":"https:\/\/ecole.ac-nice.fr\/nice3\/semainedeslangues2019\/wp-json\/wp\/v2\/users\/2"}],"replies":[{"embeddable":true,"href":"https:\/\/ecole.ac-nice.fr\/nice3\/semainedeslangues2019\/wp-json\/wp\/v2\/comments?post=26"}],"version-history":[{"count":21,"href":"https:\/\/ecole.ac-nice.fr\/nice3\/semainedeslangues2019\/wp-json\/wp\/v2\/pages\/26\/revisions"}],"predecessor-version":[{"id":199,"href":"https:\/\/ecole.ac-nice.fr\/nice3\/semainedeslangues2019\/wp-json\/wp\/v2\/pages\/26\/revisions\/199"}],"wp:attachment":[{"href":"https:\/\/ecole.ac-nice.fr\/nice3\/semainedeslangues2019\/wp-json\/wp\/v2\/media?parent=26"}],"curies":[{"name":"wp","href":"https:\/\/api.w.org\/{rel}","templated":true}]}}