{"id":138,"date":"2019-05-16T16:30:38","date_gmt":"2019-05-16T14:30:38","guid":{"rendered":"https:\/\/ecole.ac-nice.fr\/nice3\/semainedeslangues2019\/?page_id=138"},"modified":"2019-05-16T15:52:18","modified_gmt":"2019-05-16T13:52:18","slug":"day-four-cycle-2-my-cat-likes-to-hide-in-boxes","status":"publish","type":"page","link":"https:\/\/ecole.ac-nice.fr\/nice3\/semainedeslangues2019\/day-four-cycle-2-my-cat-likes-to-hide-in-boxes\/","title":{"rendered":"DAY FOUR &#8211; Cycle 2 &#8211; My cat likes to hide in boxes"},"content":{"rendered":"<p style=\"text-align: center;\"><iframe loading=\"lazy\" src=\"https:\/\/www.youtube.com\/embed\/T21ZO0Gs-Fc\" width=\"560\" height=\"315\" frameborder=\"0\" allowfullscreen=\"allowfullscreen\"><\/iframe><\/p>\n<p style=\"text-align: center;\"><strong><span style=\"color: #0000ff;\">\u201cQUESTIONNAIRE A\u201d\u00a0 NIVEAU 1 (Cycle 2)<\/span><br \/>\n<\/strong><\/p>\n<p style=\"text-align: center;\">Pensez \u00e0 cliquer en haut \u00e0 droite du questionnaire ci-dessous pour le mettre en plein \u00e9cran. Le m\u00eame \u201cbouton\u201d servira \u00e0 la man\u0153uvre inverse. Puis retournez sur l\u2019onglet principal !<\/p>\n<p><strong>\u00a0<\/strong><\/p>\n<p><iframe style=\"border: 0px; width: 100%; height: 500px;\" src=\"https:\/\/learningapps.org\/watch?v=p74a72qk519\"><\/iframe><\/p>\n<p style=\"text-align: center;\"><strong><span style=\"color: #0000ff;\">\u201cQUESTIONNAIRE B\u201d\u00a0 NIVEAU 1 (Cycle 2)<\/span><br \/>\n<\/strong><\/p>\n<p style=\"text-align: center;\">Pensez \u00e0 cliquer en haut \u00e0 droite du questionnaire ci-dessous pour le mettre en plein \u00e9cran. Le m\u00eame \u201cbouton\u201d servira \u00e0 la man\u0153uvre inverse. Puis retournez sur l\u2019onglet principal !<\/p>\n<p><iframe style=\"border: 0px; width: 100%; height: 500px;\" src=\"https:\/\/learningapps.org\/watch?v=p2ob2ngmn19\"><\/iframe><\/p>\n","protected":false},"excerpt":{"rendered":"<p>\u201cQUESTIONNAIRE A\u201d\u00a0 NIVEAU 1 (Cycle 2) Pensez \u00e0 cliquer en haut \u00e0 droite du questionnaire ci-dessous pour le mettre en plein \u00e9cran. Le m\u00eame \u201cbouton\u201d servira \u00e0 la man\u0153uvre inverse. Puis retournez sur l\u2019onglet principal ! \u00a0 \u201cQUESTIONNAIRE B\u201d\u00a0 NIVEAU &hellip; <a href=\"https:\/\/ecole.ac-nice.fr\/nice3\/semainedeslangues2019\/day-four-cycle-2-my-cat-likes-to-hide-in-boxes\/\">Continuer la lecture <span class=\"meta-nav\">&rarr;<\/span><\/a><\/p>\n","protected":false},"author":2,"featured_media":0,"parent":0,"menu_order":0,"comment_status":"closed","ping_status":"closed","template":"","meta":{"footnotes":""},"class_list":["post-138","page","type-page","status-publish","hentry"],"_links":{"self":[{"href":"https:\/\/ecole.ac-nice.fr\/nice3\/semainedeslangues2019\/wp-json\/wp\/v2\/pages\/138","targetHints":{"allow":["GET"]}}],"collection":[{"href":"https:\/\/ecole.ac-nice.fr\/nice3\/semainedeslangues2019\/wp-json\/wp\/v2\/pages"}],"about":[{"href":"https:\/\/ecole.ac-nice.fr\/nice3\/semainedeslangues2019\/wp-json\/wp\/v2\/types\/page"}],"author":[{"embeddable":true,"href":"https:\/\/ecole.ac-nice.fr\/nice3\/semainedeslangues2019\/wp-json\/wp\/v2\/users\/2"}],"replies":[{"embeddable":true,"href":"https:\/\/ecole.ac-nice.fr\/nice3\/semainedeslangues2019\/wp-json\/wp\/v2\/comments?post=138"}],"version-history":[{"count":5,"href":"https:\/\/ecole.ac-nice.fr\/nice3\/semainedeslangues2019\/wp-json\/wp\/v2\/pages\/138\/revisions"}],"predecessor-version":[{"id":206,"href":"https:\/\/ecole.ac-nice.fr\/nice3\/semainedeslangues2019\/wp-json\/wp\/v2\/pages\/138\/revisions\/206"}],"wp:attachment":[{"href":"https:\/\/ecole.ac-nice.fr\/nice3\/semainedeslangues2019\/wp-json\/wp\/v2\/media?parent=138"}],"curies":[{"name":"wp","href":"https:\/\/api.w.org\/{rel}","templated":true}]}}