{"id":119,"date":"2019-05-13T15:42:32","date_gmt":"2019-05-13T13:42:32","guid":{"rendered":"https:\/\/ecole.ac-nice.fr\/nice3\/semainedeslangues2019\/?page_id=119"},"modified":"2019-05-13T16:35:57","modified_gmt":"2019-05-13T14:35:57","slug":"day-two-2","status":"publish","type":"page","link":"https:\/\/ecole.ac-nice.fr\/nice3\/semainedeslangues2019\/day-two-2\/","title":{"rendered":"DAY TWO &#8211; cycle 2 &#8211; Go away Big Green Monster"},"content":{"rendered":"<p style=\"text-align: center;\"><iframe loading=\"lazy\" src=\"https:\/\/www.youtube.com\/embed\/rPmLZLp-oec\" width=\"560\" height=\"315\" frameborder=\"0\" allowfullscreen=\"allowfullscreen\"><span style=\"display: inline-block; width: 0px; overflow: hidden; line-height: 0;\" data-mce-type=\"bookmark\" class=\"mce_SELRES_start\">\ufeff<\/span><\/iframe><\/p>\n<hr \/>\n<p style=\"text-align: center;\"><strong><span style=\"color: #0000ff;\">\u201cQUESTIONNAIRE A\u201d\u00a0 NIVEAU 1 (Cycle 2)<\/span><br \/>\n<\/strong><\/p>\n<p style=\"text-align: center;\">Pensez \u00e0 cliquer en haut \u00e0 droite du questionnaire ci-dessous pour le mettre en plein \u00e9cran. Le m\u00eame \u201cbouton\u201d servira \u00e0 la man\u0153uvre inverse. Puis retournez sur l\u2019onglet principal !<\/p>\n<p><iframe style=\"border: 0px; width: 100%; height: 500px;\" src=\"https:\/\/learningapps.org\/watch?v=pauzkha0n19\"><\/iframe><\/p>\n<hr \/>\n<p style=\"text-align: center;\"><strong><span style=\"color: #0000ff;\">\u201cQUESTIONNAIRE B\u201d\u00a0 NIVEAU 1 (Cycle 2)<\/span><br \/>\n<\/strong><\/p>\n<p style=\"text-align: center;\">Pensez \u00e0 cliquer en haut \u00e0 droite du questionnaire ci-dessous pour le mettre en plein \u00e9cran. Le m\u00eame \u201cbouton\u201d servira \u00e0 la man\u0153uvre inverse. Puis retourner sur l\u2019onglet principal !<\/p>\n<p><iframe style=\"border: 0px; width: 100%; height: 500px;\" src=\"https:\/\/learningapps.org\/watch?v=p18vrk1b219\"><\/iframe><\/p>\n","protected":false},"excerpt":{"rendered":"<p>\ufeff \u201cQUESTIONNAIRE A\u201d\u00a0 NIVEAU 1 (Cycle 2) Pensez \u00e0 cliquer en haut \u00e0 droite du questionnaire ci-dessous pour le mettre en plein \u00e9cran. Le m\u00eame \u201cbouton\u201d servira \u00e0 la man\u0153uvre inverse. Puis retournez sur l\u2019onglet principal ! \u201cQUESTIONNAIRE B\u201d\u00a0 NIVEAU &hellip; <a href=\"https:\/\/ecole.ac-nice.fr\/nice3\/semainedeslangues2019\/day-two-2\/\">Continuer la lecture <span class=\"meta-nav\">&rarr;<\/span><\/a><\/p>\n","protected":false},"author":2,"featured_media":0,"parent":0,"menu_order":0,"comment_status":"closed","ping_status":"closed","template":"","meta":{"footnotes":""},"class_list":["post-119","page","type-page","status-publish","hentry"],"_links":{"self":[{"href":"https:\/\/ecole.ac-nice.fr\/nice3\/semainedeslangues2019\/wp-json\/wp\/v2\/pages\/119","targetHints":{"allow":["GET"]}}],"collection":[{"href":"https:\/\/ecole.ac-nice.fr\/nice3\/semainedeslangues2019\/wp-json\/wp\/v2\/pages"}],"about":[{"href":"https:\/\/ecole.ac-nice.fr\/nice3\/semainedeslangues2019\/wp-json\/wp\/v2\/types\/page"}],"author":[{"embeddable":true,"href":"https:\/\/ecole.ac-nice.fr\/nice3\/semainedeslangues2019\/wp-json\/wp\/v2\/users\/2"}],"replies":[{"embeddable":true,"href":"https:\/\/ecole.ac-nice.fr\/nice3\/semainedeslangues2019\/wp-json\/wp\/v2\/comments?post=119"}],"version-history":[{"count":14,"href":"https:\/\/ecole.ac-nice.fr\/nice3\/semainedeslangues2019\/wp-json\/wp\/v2\/pages\/119\/revisions"}],"predecessor-version":[{"id":201,"href":"https:\/\/ecole.ac-nice.fr\/nice3\/semainedeslangues2019\/wp-json\/wp\/v2\/pages\/119\/revisions\/201"}],"wp:attachment":[{"href":"https:\/\/ecole.ac-nice.fr\/nice3\/semainedeslangues2019\/wp-json\/wp\/v2\/media?parent=119"}],"curies":[{"name":"wp","href":"https:\/\/api.w.org\/{rel}","templated":true}]}}