{"id":81,"date":"2018-05-11T09:27:13","date_gmt":"2018-05-11T07:27:13","guid":{"rendered":"https:\/\/ecole.ac-nice.fr\/nice3\/semainedeslangues2018\/?page_id=81"},"modified":"2018-05-11T09:41:30","modified_gmt":"2018-05-11T07:41:30","slug":"documents","status":"publish","type":"page","link":"https:\/\/ecole.ac-nice.fr\/nice3\/semainedeslangues2018\/documents\/","title":{"rendered":"DOCUMENTS"},"content":{"rendered":"<p>&nbsp;<\/p>\n<p style=\"text-align: center;\">T\u00e9l\u00e9chargez le d\u00e9roulement jour par jour de la semaine\u00a0 <a href=\"https:\/\/ecole.ac-nice.fr\/nice3\/semainedeslangues2018\/wp-content\/uploads\/sites\/5\/2018\/05\/Deroulement_jour_par_jour_mc.pdf\" target=\"_blank\" rel=\"noopener\"><img loading=\"lazy\" decoding=\"async\" class=\"size-full wp-image-91 aligncenter\" src=\"https:\/\/ecole.ac-nice.fr\/nice3\/semainedeslangues2018\/wp-content\/uploads\/sites\/5\/2018\/05\/Logo_telechargement.jpg\" alt=\"\" width=\"48\" height=\"35\" \/><\/a><\/p>\n<p style=\"text-align: center;\">Retrouvez ici le glossaire. <a href=\"https:\/\/ecole.ac-nice.fr\/nice3\/semainedeslangues2018\/wp-content\/uploads\/sites\/5\/2018\/05\/Annexe_1_Glossaire_mc.pdf\" target=\"_blank\" rel=\"noopener\"><img loading=\"lazy\" decoding=\"async\" class=\"size-full wp-image-91 aligncenter\" src=\"https:\/\/ecole.ac-nice.fr\/nice3\/semainedeslangues2018\/wp-content\/uploads\/sites\/5\/2018\/05\/Logo_telechargement.jpg\" alt=\"\" width=\"48\" height=\"35\" \/><\/a><\/p>\n<p>&nbsp;<\/p>\n","protected":false},"excerpt":{"rendered":"<p>&nbsp; T\u00e9l\u00e9chargez le d\u00e9roulement jour par jour de la semaine\u00a0 Retrouvez ici le glossaire. &nbsp;<\/p>\n","protected":false},"author":2,"featured_media":0,"parent":0,"menu_order":0,"comment_status":"closed","ping_status":"closed","template":"","meta":{"footnotes":""},"class_list":["post-81","page","type-page","status-publish","hentry"],"_links":{"self":[{"href":"https:\/\/ecole.ac-nice.fr\/nice3\/semainedeslangues2018\/wp-json\/wp\/v2\/pages\/81","targetHints":{"allow":["GET"]}}],"collection":[{"href":"https:\/\/ecole.ac-nice.fr\/nice3\/semainedeslangues2018\/wp-json\/wp\/v2\/pages"}],"about":[{"href":"https:\/\/ecole.ac-nice.fr\/nice3\/semainedeslangues2018\/wp-json\/wp\/v2\/types\/page"}],"author":[{"embeddable":true,"href":"https:\/\/ecole.ac-nice.fr\/nice3\/semainedeslangues2018\/wp-json\/wp\/v2\/users\/2"}],"replies":[{"embeddable":true,"href":"https:\/\/ecole.ac-nice.fr\/nice3\/semainedeslangues2018\/wp-json\/wp\/v2\/comments?post=81"}],"version-history":[{"count":3,"href":"https:\/\/ecole.ac-nice.fr\/nice3\/semainedeslangues2018\/wp-json\/wp\/v2\/pages\/81\/revisions"}],"predecessor-version":[{"id":94,"href":"https:\/\/ecole.ac-nice.fr\/nice3\/semainedeslangues2018\/wp-json\/wp\/v2\/pages\/81\/revisions\/94"}],"wp:attachment":[{"href":"https:\/\/ecole.ac-nice.fr\/nice3\/semainedeslangues2018\/wp-json\/wp\/v2\/media?parent=81"}],"curies":[{"name":"wp","href":"https:\/\/api.w.org\/{rel}","templated":true}]}}