{"id":77,"date":"2018-05-11T09:18:06","date_gmt":"2018-05-11T07:18:06","guid":{"rendered":"https:\/\/ecole.ac-nice.fr\/nice3\/semainedeslangues2018\/?page_id=77"},"modified":"2018-05-15T14:13:43","modified_gmt":"2018-05-15T12:13:43","slug":"fourth-day-friday-may-18th","status":"publish","type":"page","link":"https:\/\/ecole.ac-nice.fr\/nice3\/semainedeslangues2018\/fourth-day-friday-may-18th\/","title":{"rendered":"FOURTH DAY (Friday, May 18th)"},"content":{"rendered":"<p><strong>L\u2019engagement: l\u2019entraide et l\u2019implication<\/strong><\/p>\n<p><strong>Descriptif\u00a0et consignes d\u00e9taill\u00e9es :<\/strong><\/p>\n<p><span style=\"color: #000080;\"><strong><u>Morning (a.m.): <\/u><\/strong><strong>How to respect and take care of others. How to get involved in school life ?<\/strong><\/span><\/p>\n<p><span style=\"color: #000080;\"><strong><u>Afternoon (p.m.):<\/u><\/strong><strong>\u00a0 How to respect and take care of others. How to get involved in Society ?<\/strong><\/span><\/p>\n<table width=\"709\">\n<tbody>\n<tr>\n<td rowspan=\"2\" width=\"76\"><strong>\u00a0<\/strong><\/p>\n<p><strong>Matin<\/strong><\/p>\n<p><strong>\u00a0a.m.<\/strong><\/td>\n<td width=\"236\"><strong>Supports<\/strong><\/td>\n<td width=\"161\"><strong>Activit\u00e9s langagi\u00e8res<\/strong><\/td>\n<td width=\"236\"><strong>Consignes, El\u00e9ments de langage, Structures, lexique<\/strong><\/td>\n<\/tr>\n<tr>\n<td width=\"236\"><strong>Documents \u00a0\u00e9crit + images<\/strong> <a href=\"https:\/\/ecole.ac-nice.fr\/nice3\/semainedeslangues2018\/wp-content\/uploads\/sites\/5\/2018\/05\/Annexe_24_Assembly_in_-Uk_-school.pdf\" target=\"_blank\" rel=\"noopener\">\u00ab\u00a0Special days at school Assembly\u00a0\u00bb<\/a><\/td>\n<td width=\"161\">Ecoute \/ compr\u00e9hension<\/p>\n<p>Lecture \/compr\u00e9hension<\/td>\n<td rowspan=\"2\" width=\"236\">&nbsp;<\/p>\n<p>&nbsp;<\/p>\n<p>Pas de lexique ni de structures particuli\u00e8res \u00e0 m\u00e9moriser.<\/p>\n<p>Pr\u00e9sentations de diff\u00e9rents \u00e9v\u00e9nements et associations qui repr\u00e9sentent\u00a0 un engagement des personnes.<\/td>\n<\/tr>\n<tr>\n<td width=\"76\"><strong>\u00a0<\/strong><\/p>\n<p><strong>Apr\u00e8s-midi <\/strong><\/p>\n<p><strong>p.m.<\/strong><\/td>\n<td width=\"236\"><strong>En fran\u00e7ais\u00a0:<\/strong> <a href=\"https:\/\/ecole.ac-nice.fr\/nice3\/semainedeslangues2018\/wp-content\/uploads\/sites\/5\/2018\/05\/Annexe_26_Make_a_wish_association.pdf\" target=\"_blank\" rel=\"noopener\">support extrait de l\u2019Internet<\/a>, Images + \u00e9crit \u00ab\u00a0association makeawishfrance\u00a0\u00bb<\/p>\n<p><strong>En anglais\u00a0: <\/strong><\/p>\n<p><strong>&#8211;<\/strong> extrait du site internet Project Britain\u00a0:\u00a0<a href=\"https:\/\/ecole.ac-nice.fr\/nice3\/semainedeslangues2018\/wp-content\/uploads\/sites\/5\/2018\/05\/Annexe_25_What-is-Boxing-Day_.pdf\" target=\"_blank\" rel=\"noopener\">\u00ab\u00a0Boxing day\u00a0\u00bb<\/a><\/p>\n<p>&#8211; extrait du site internet https:\/\/www.unicef.org<\/p>\n<p><a href=\"https:\/\/ecole.ac-nice.fr\/nice3\/semainedeslangues2018\/wp-content\/uploads\/sites\/5\/2018\/05\/Annexe_27_A-good-education-for-every-child_Unicef_association.pdf\" target=\"_blank\" rel=\"noopener\">\u201c A good education for everyone\u201d<\/a><\/td>\n<td width=\"161\">&nbsp;<\/p>\n<p>Ecoute \/ compr\u00e9hension<\/p>\n<p>Lecture \/compr\u00e9hension<\/td>\n<\/tr>\n<tr>\n<td rowspan=\"2\" width=\"76\"><strong>\u00a0<\/strong><\/p>\n<p><strong>\u00a0<\/strong><\/p>\n<p><strong>\u00a0<\/strong><\/p>\n<p><strong>\u00a0<\/strong><\/p>\n<p><strong>\u00a0<\/strong><\/p>\n<p><strong>JAZZ CHANTS <\/strong><\/td>\n<td width=\"236\">HOW TO CREATE A JAZZ CHANT:<\/p>\n<p>Choose words according to a topic (sports, weather, days of the week, colours\u2026)<br \/>\nNotice the number of syllables for each word.<br \/>\nExample:<\/p>\n<p>SPORTS<br \/>\nSoccer: 2<br \/>\nBase ball: 2<br \/>\nBasket ball: 3<br \/>\nVolley ball: 3<br \/>\nGolf: 1<\/td>\n<td width=\"161\"><\/td>\n<td width=\"236\">JAZZ CHANT 2<\/p>\n<p>Magic formula for a musical result: 2 + 3 + 1<br \/>\n2 syllables + 3 syllables + 1 syllable<br \/>\nExample : Base-ball (2) + Basket-ball (3) + Golf (1)<br \/>\nAdd a 4 beat rythm: clap your hands regularly<br \/>\n1 \u2013 2 \u2013 3 \u2013 4<br \/>\n1 \u2013 2 \u2013 3 \u2013 4<br \/>\n1 \u2013 2 \u2013 3 \u2013 4<br \/>\n\u2026<br \/>\nand start your chant!<\/td>\n<\/tr>\n<tr>\n<td width=\"236\">\u00a0JAZZ CHANT 1<br \/>\nBase-ball \u2013 Basket-ball \u2013 Golf \u2013 CLAP !<br \/>\n1 2 3 4<br \/>\nBase-ball \u2013 Basket-ball \u2013 Golf \u2013 CLAP !<br \/>\n1 2 3 4<br \/>\nBase-ball \u2013 Basket-ball<br \/>\n1 2<br \/>\nBase-ball \u2013 Basket-ball<br \/>\n3 4<br \/>\nBase-ball \u2013 Basket-ball \u2013 Golf \u2013 CLAP !<\/td>\n<td width=\"161\"><\/td>\n<td width=\"236\">JAZZ CHANT 2<br \/>\nWEATHERSunny today, it\u2019s sunny today !<br \/>\n1 2 3 4<br \/>\nRainy, windy, cloudy, snowy\u2026<br \/>\n1 2 3 4<br \/>\nNO ! &#8211; CLAP ! &#8211; It\u2019s sunny today\u00a0!<br \/>\n1 2 3 4<\/td>\n<\/tr>\n<\/tbody>\n<\/table>\n<p><strong>Exemples de jazz chants\u00a0:<\/strong><\/p>\n<p><strong>\u00a0<\/strong><a href=\"https:\/\/www.youtube.com\/watch?v=Tv3cWN08aAI\">https:\/\/www.youtube.com\/watch?v=Tv3cWN08aAI<\/a><\/p>\n<p><a href=\"https:\/\/www.youtube.com\/watch?v=Tv3cWN08aAI\">https:\/\/www.youtube.com\/watch?v=Tv3cWN08aAI<\/a><\/p>\n<p><strong>\u00a0<\/strong><\/p>\n<p>&nbsp;<\/p>\n<p>&nbsp;<\/p>\n<p>&nbsp;<\/p>\n","protected":false},"excerpt":{"rendered":"<p>L\u2019engagement: l\u2019entraide et l\u2019implication Descriptif\u00a0et consignes d\u00e9taill\u00e9es : Morning (a.m.): How to respect and take care of others. How to get involved in school life ? Afternoon (p.m.):\u00a0 How to respect and take care of others. How to get involved in Society ? \u00a0 Matin \u00a0a.m. Supports Activit\u00e9s langagi\u00e8res Consignes, El\u00e9ments de langage, Structures, lexique &hellip; <a href=\"https:\/\/ecole.ac-nice.fr\/nice3\/semainedeslangues2018\/fourth-day-friday-may-18th\/\" class=\"more-link\">Continuer la lecture<span class=\"screen-reader-text\"> de &laquo;&nbsp;FOURTH DAY (Friday, May 18th)&nbsp;&raquo;<\/span><\/a><\/p>\n","protected":false},"author":2,"featured_media":0,"parent":0,"menu_order":0,"comment_status":"closed","ping_status":"closed","template":"","meta":{"footnotes":""},"class_list":["post-77","page","type-page","status-publish","hentry"],"_links":{"self":[{"href":"https:\/\/ecole.ac-nice.fr\/nice3\/semainedeslangues2018\/wp-json\/wp\/v2\/pages\/77","targetHints":{"allow":["GET"]}}],"collection":[{"href":"https:\/\/ecole.ac-nice.fr\/nice3\/semainedeslangues2018\/wp-json\/wp\/v2\/pages"}],"about":[{"href":"https:\/\/ecole.ac-nice.fr\/nice3\/semainedeslangues2018\/wp-json\/wp\/v2\/types\/page"}],"author":[{"embeddable":true,"href":"https:\/\/ecole.ac-nice.fr\/nice3\/semainedeslangues2018\/wp-json\/wp\/v2\/users\/2"}],"replies":[{"embeddable":true,"href":"https:\/\/ecole.ac-nice.fr\/nice3\/semainedeslangues2018\/wp-json\/wp\/v2\/comments?post=77"}],"version-history":[{"count":13,"href":"https:\/\/ecole.ac-nice.fr\/nice3\/semainedeslangues2018\/wp-json\/wp\/v2\/pages\/77\/revisions"}],"predecessor-version":[{"id":240,"href":"https:\/\/ecole.ac-nice.fr\/nice3\/semainedeslangues2018\/wp-json\/wp\/v2\/pages\/77\/revisions\/240"}],"wp:attachment":[{"href":"https:\/\/ecole.ac-nice.fr\/nice3\/semainedeslangues2018\/wp-json\/wp\/v2\/media?parent=77"}],"curies":[{"name":"wp","href":"https:\/\/api.w.org\/{rel}","templated":true}]}}