{"id":71,"date":"2018-05-11T09:14:26","date_gmt":"2018-05-11T07:14:26","guid":{"rendered":"https:\/\/ecole.ac-nice.fr\/nice3\/semainedeslangues2018\/?page_id=71"},"modified":"2018-05-18T10:25:47","modified_gmt":"2018-05-18T08:25:47","slug":"first-day-monday-may-14th","status":"publish","type":"page","link":"https:\/\/ecole.ac-nice.fr\/nice3\/semainedeslangues2018\/first-day-monday-may-14th\/","title":{"rendered":"FIRST DAY (Monday, May 14th)"},"content":{"rendered":"<p><strong>Le droit et les r\u00e8gles <\/strong><\/p>\n<p><strong>\u00a0<\/strong><strong>Descriptif\u00a0et consignes d\u00e9taill\u00e9es :<\/strong><\/p>\n<table>\n<tbody>\n<tr>\n<td rowspan=\"3\" width=\"80\"><strong>\u00a0<\/strong><\/p>\n<p><strong>\u00a0<\/strong><\/p>\n<p><strong>Matin a.m.<br \/>\n<\/strong><\/p>\n<p><strong>\u00a0<\/strong><\/td>\n<td width=\"151\"><strong>Supports<\/strong><\/td>\n<td width=\"189\"><strong>Activit\u00e9s langagi\u00e8res<\/strong><\/td>\n<td width=\"369\"><strong>Consignes, El\u00e9ments de langage, Structures, Lexique<\/strong><\/td>\n<\/tr>\n<tr>\n<td width=\"151\"><strong>Good behaviour charts<\/strong><\/td>\n<td width=\"189\">Lecture \/ \u00a0compr\u00e9hension \u00e9crite<\/td>\n<td width=\"369\"><span style=\"color: #000080;\"><em>*About behaviour in the class or at home: Try to define a certain number of rules and actions helping to set up a good behaviour.<\/em><\/span><\/p>\n<p><strong>Cycle 2<\/strong> <a href=\"https:\/\/ecole.ac-nice.fr\/nice3\/semainedeslangues2018\/wp-content\/uploads\/sites\/5\/2018\/05\/Annexe2_goodmanersC2.pdf\" target=\"_blank\" rel=\"noopener\">\u00ab\u00a0Good manners \u00bb<\/a> travailler le lexique de la charte<\/p>\n<p><strong>Cycle 3<\/strong> <a href=\"https:\/\/ecole.ac-nice.fr\/nice3\/semainedeslangues2018\/wp-content\/uploads\/sites\/5\/2018\/05\/Annexe_2bis_-Behaviour_chart_-I_did_it-C3.pdf\" target=\"_blank\" rel=\"noopener\">\u00ab\u00a0I did it\u00a0!\u00a0\u00bb<\/a> travailler le lexique de la charte<\/td>\n<\/tr>\n<tr>\n<td width=\"151\"><strong>Chant\u00a0 vid\u00e9o<\/strong> <a href=\"https:\/\/www.youtube.com\/watch?v=tSHZvgaVaZg\" target=\"_blank\" rel=\"noopener\">\u00ab\u00a0Good manners\u00a0\u00bb<\/a><\/p>\n<p><a href=\"https:\/\/ecole.ac-nice.fr\/nice3\/semainedeslangues2018\/wp-content\/uploads\/sites\/5\/2018\/05\/Paroles_Video_Good_Manners_.pdf\" target=\"_blank\" rel=\"noopener\">Les paroles (pdf)<\/a><\/td>\n<td width=\"189\">Ecoute\u00a0\/ compr\u00e9hension orale<\/p>\n<p>Interaction orale\u00a0: questions r\u00e9ponses simples<\/td>\n<td width=\"369\"><em>\u00a0<\/em><\/p>\n<p><em>-What do you do when you meet people \/ Ask for something\u2026?<\/em><\/p>\n<p><em>-I say please or thank you\/ I greet people<\/em><\/p>\n<p><em>&#8211; I don\u2019t forget to\u2026\u2026<\/em><\/td>\n<\/tr>\n<tr>\n<td rowspan=\"2\" width=\"54\"><strong>\u00a0<\/strong><\/p>\n<p><strong>\u00a0<\/strong><\/p>\n<p><strong>Apr\u00e8s-midi p.m.<\/strong><\/p>\n<p><strong>\u00a0<\/strong><\/p>\n<p><strong>\u00a0<\/strong><\/p>\n<p><strong>\u00a0<\/strong><\/p>\n<p><strong>\u00a0<\/strong><\/p>\n<p><strong>\u00a0<\/strong><\/p>\n<p><strong>\u00a0<\/strong><\/td>\n<td width=\"151\"><a href=\"https:\/\/ecole.ac-nice.fr\/nice3\/semainedeslangues2018\/wp-content\/uploads\/sites\/5\/2018\/05\/road-signs2.jpg\" target=\"_blank\" rel=\"noopener\"><strong>Panneaux du code de la route<\/strong><\/a><\/td>\n<td width=\"189\">Interaction orale\u00a0: questions r\u00e9ponses simples<\/p>\n<p>&nbsp;<\/p>\n<p>&nbsp;<\/p>\n<p>&nbsp;<\/p>\n<p>&nbsp;<\/p>\n<p>Lecture\u00a0\/ compr\u00e9hension<\/p>\n<p>Prise de Parole Continue (PPC)<\/td>\n<td width=\"369\"><span style=\"color: #000080;\"><em>*Try to know the meaning of a certain number of post signs<\/em><\/span><\/p>\n<p><em>-What is it?<\/em><\/p>\n<p><em>-It\u2019s a safety road sign \/ It\u2019s a blue square \/ a red triangle \/ a light\u2026<\/em><\/p>\n<p><em>-What does it mean?<\/em><\/p>\n<p><em>-You can\u2026\/ You can\u2019t (cannot)\u2026\/ there is\u2026\/ there are\u2026<\/em><\/p>\n<p>Le nombre et le choix des panneaux\u00a0\u00ab\u00a0travaill\u00e9s\u00a0\u00bb est \u00e0 l\u2019appr\u00e9ciation de l\u2019enseignant<\/p>\n<p>Lecture de la l\u00e9gende de certains panneaux<\/p>\n<p>Lecture \u00e0 voix haute des panneaux travaill\u00e9s \u00e0 l\u2019oral<\/td>\n<\/tr>\n<tr>\n<td width=\"151\"><strong>Chant vid\u00e9o<\/strong> <a href=\"https:\/\/www.youtube.com\/watch?v=IdTXsM9nIOo\" target=\"_blank\" rel=\"noopener\">\u00ab\u00a0 Stop look listen\u00a0\u00bb<\/a><\/td>\n<td width=\"189\">Ecoute\u00a0\/ compr\u00e9hension orale<\/p>\n<p>PPC<\/td>\n<td width=\"369\">Toutes les paroles de la chanson (structures r\u00e9p\u00e9titives et lexique simple)<\/p>\n<p>Apprentissage de la chanson<\/td>\n<\/tr>\n<\/tbody>\n<\/table>\n<p><strong>\u00a0<\/strong><\/p>\n","protected":false},"excerpt":{"rendered":"<p>Le droit et les r\u00e8gles \u00a0Descriptif\u00a0et consignes d\u00e9taill\u00e9es : \u00a0 \u00a0 Matin a.m. \u00a0 Supports Activit\u00e9s langagi\u00e8res Consignes, El\u00e9ments de langage, Structures, Lexique Good behaviour charts Lecture \/ \u00a0compr\u00e9hension \u00e9crite *About behaviour in the class or at home: Try to define a certain number of rules and actions helping to set up a good behaviour. &hellip; <a href=\"https:\/\/ecole.ac-nice.fr\/nice3\/semainedeslangues2018\/first-day-monday-may-14th\/\" class=\"more-link\">Continuer la lecture<span class=\"screen-reader-text\"> de &laquo;&nbsp;FIRST DAY (Monday, May 14th)&nbsp;&raquo;<\/span><\/a><\/p>\n","protected":false},"author":2,"featured_media":0,"parent":0,"menu_order":0,"comment_status":"closed","ping_status":"closed","template":"","meta":{"footnotes":""},"class_list":["post-71","page","type-page","status-publish","hentry"],"_links":{"self":[{"href":"https:\/\/ecole.ac-nice.fr\/nice3\/semainedeslangues2018\/wp-json\/wp\/v2\/pages\/71","targetHints":{"allow":["GET"]}}],"collection":[{"href":"https:\/\/ecole.ac-nice.fr\/nice3\/semainedeslangues2018\/wp-json\/wp\/v2\/pages"}],"about":[{"href":"https:\/\/ecole.ac-nice.fr\/nice3\/semainedeslangues2018\/wp-json\/wp\/v2\/types\/page"}],"author":[{"embeddable":true,"href":"https:\/\/ecole.ac-nice.fr\/nice3\/semainedeslangues2018\/wp-json\/wp\/v2\/users\/2"}],"replies":[{"embeddable":true,"href":"https:\/\/ecole.ac-nice.fr\/nice3\/semainedeslangues2018\/wp-json\/wp\/v2\/comments?post=71"}],"version-history":[{"count":19,"href":"https:\/\/ecole.ac-nice.fr\/nice3\/semainedeslangues2018\/wp-json\/wp\/v2\/pages\/71\/revisions"}],"predecessor-version":[{"id":262,"href":"https:\/\/ecole.ac-nice.fr\/nice3\/semainedeslangues2018\/wp-json\/wp\/v2\/pages\/71\/revisions\/262"}],"wp:attachment":[{"href":"https:\/\/ecole.ac-nice.fr\/nice3\/semainedeslangues2018\/wp-json\/wp\/v2\/media?parent=71"}],"curies":[{"name":"wp","href":"https:\/\/api.w.org\/{rel}","templated":true}]}}