{"id":439,"date":"2018-06-26T16:47:12","date_gmt":"2018-06-26T14:47:12","guid":{"rendered":"https:\/\/ecole.ac-nice.fr\/nice3\/semainedeslangues2018\/?page_id=439"},"modified":"2018-06-28T15:09:57","modified_gmt":"2018-06-28T13:09:57","slug":"les-resultats-du-concours","status":"publish","type":"page","link":"https:\/\/ecole.ac-nice.fr\/nice3\/semainedeslangues2018\/les-resultats-du-concours\/","title":{"rendered":"LES RESULTATS DU CONCOURS"},"content":{"rendered":"<p style=\"text-align: center;\"><span style=\"font-size: 18pt; color: #ff0000;\"><strong>LES RESULTATS DU CONCOURS<\/strong><\/span><\/p>\n<p>Apr\u00e8s une d\u00e9lib\u00e9ration difficile, \u00e9tant donn\u00e9e la qualit\u00e9 de toutes les productions re\u00e7ues, le jury a d\u00e9sign\u00e9 deux gagnants :<\/p>\n<ul>\n<li>Pour le cycle 2 : <a href=\"https:\/\/ecole.ac-nice.fr\/nice3\/semainedeslangues2018\/jazz-chant-b\/\" target=\"_blank\" rel=\"noopener\">la classe de CE1 CE2 de Mme Sandra Bellier Ecole de Mandelieu La Napoule Jazz Chant B<\/a><\/li>\n<li>Pour le cycle 3 : <a href=\"https:\/\/ecole.ac-nice.fr\/nice3\/semainedeslangues2018\/336-2\/\" target=\"_blank\" rel=\"noopener\">la classe de CM1 de M. Philippe Bouhana Ecole St Pierre d\u2019Ar\u00e8ne Nice Jazz Chant F.<\/a><\/li>\n<\/ul>\n<p>Merci encore aux 64 classes qui ont particip\u00e9.<\/p>\n<p>En esp\u00e9rant que les \u00e9l\u00e8ves et vous m\u00eame ayez appr\u00e9ci\u00e9 cette deuxi\u00e8me \u00e9dition de la Semaine de Langues propos\u00e9e par la Mission Langues de la DSDEN 06.<\/p>\n<p>Toutes les productions sont en ligne et vous pouvez les \u00e9couter en cliquant sur le lien suivant : <a href=\"https:\/\/ecole.ac-nice.fr\/nice3\/semainedeslangues2018\/279-2\/\" target=\"_blank\" rel=\"noopener\">PRODUCTIONS<\/a><\/p>\n<p>&nbsp;<\/p>\n<p>Les conseill\u00e8res p\u00e9dagogiques, vont se rapprocher des classes laur\u00e9ates afin de leur remettre \u00e0 chacune un lot de 15 casques audio.<\/p>\n<p style=\"text-align: center;\"><span style=\"color: #000080;\"><strong>GOOD BYE SEE YOU NEXT YEAR !!!<\/strong><\/span><\/p>\n","protected":false},"excerpt":{"rendered":"<p>LES RESULTATS DU CONCOURS Apr\u00e8s une d\u00e9lib\u00e9ration difficile, \u00e9tant donn\u00e9e la qualit\u00e9 de toutes les productions re\u00e7ues, le jury a d\u00e9sign\u00e9 deux gagnants : Pour le cycle 2 : la classe de CE1 CE2 de Mme Sandra Bellier Ecole de Mandelieu La Napoule Jazz Chant B Pour le cycle 3 : la classe de CM1 &hellip; <a href=\"https:\/\/ecole.ac-nice.fr\/nice3\/semainedeslangues2018\/les-resultats-du-concours\/\" class=\"more-link\">Continuer la lecture<span class=\"screen-reader-text\"> de &laquo;&nbsp;LES RESULTATS DU CONCOURS&nbsp;&raquo;<\/span><\/a><\/p>\n","protected":false},"author":2,"featured_media":0,"parent":0,"menu_order":0,"comment_status":"closed","ping_status":"closed","template":"","meta":{"footnotes":""},"class_list":["post-439","page","type-page","status-publish","hentry"],"_links":{"self":[{"href":"https:\/\/ecole.ac-nice.fr\/nice3\/semainedeslangues2018\/wp-json\/wp\/v2\/pages\/439","targetHints":{"allow":["GET"]}}],"collection":[{"href":"https:\/\/ecole.ac-nice.fr\/nice3\/semainedeslangues2018\/wp-json\/wp\/v2\/pages"}],"about":[{"href":"https:\/\/ecole.ac-nice.fr\/nice3\/semainedeslangues2018\/wp-json\/wp\/v2\/types\/page"}],"author":[{"embeddable":true,"href":"https:\/\/ecole.ac-nice.fr\/nice3\/semainedeslangues2018\/wp-json\/wp\/v2\/users\/2"}],"replies":[{"embeddable":true,"href":"https:\/\/ecole.ac-nice.fr\/nice3\/semainedeslangues2018\/wp-json\/wp\/v2\/comments?post=439"}],"version-history":[{"count":9,"href":"https:\/\/ecole.ac-nice.fr\/nice3\/semainedeslangues2018\/wp-json\/wp\/v2\/pages\/439\/revisions"}],"predecessor-version":[{"id":454,"href":"https:\/\/ecole.ac-nice.fr\/nice3\/semainedeslangues2018\/wp-json\/wp\/v2\/pages\/439\/revisions\/454"}],"wp:attachment":[{"href":"https:\/\/ecole.ac-nice.fr\/nice3\/semainedeslangues2018\/wp-json\/wp\/v2\/media?parent=439"}],"curies":[{"name":"wp","href":"https:\/\/api.w.org\/{rel}","templated":true}]}}