{"id":242,"date":"2018-05-15T13:54:14","date_gmt":"2018-05-15T11:54:14","guid":{"rendered":"https:\/\/ecole.ac-nice.fr\/nice3\/semainedeslangues2018\/?page_id=242"},"modified":"2018-05-15T14:00:48","modified_gmt":"2018-05-15T12:00:48","slug":"la-production-a-envoyer","status":"publish","type":"page","link":"https:\/\/ecole.ac-nice.fr\/nice3\/semainedeslangues2018\/la-production-a-envoyer\/","title":{"rendered":"LA PRODUCTION A ENVOYER"},"content":{"rendered":"<p>Vous avez une production unique \u00e0 renvoyer pour le 1<sup>er<\/sup> juin 2018 qui fera l\u2019objet du concours. Votre contribution sera \u00e0 envoyer \u00e0 l\u2019aide du service en ligne suivant\u00a0:<\/p>\n<p><a href=\"https:\/\/wetransfer.com\/\" target=\"_blank\" rel=\"noopener\">https:\/\/wetransfer.com\/<\/a><\/p>\n<p>Merci d\u2019indiquer comme adresse de r\u00e9ception\u00a0:<\/p>\n<p>mission.lve.dsden06@gmail.com<\/p>\n<p>Cette production consiste en la r\u00e9alisation d\u2019un \u00ab\u00a0Jazz chant\u00a0\u00bb, production qui vous est pr\u00e9sent\u00e9e dans le rappel ci-apr\u00e8s :<\/p>\n<p><span style=\"color: #0000ff;\"><strong>RAPPEL<br \/>\n<\/strong><\/span><\/p>\n<p><em>What is the meaning of <strong>jazz chant<\/strong>?\u00a0 <\/em><strong>Information pour les enseignants\u2026<\/strong><\/p>\n<p><em>Jazz Chants are poems with repeated beats. The beat may vary depending on the idea of the reciter.<\/em><em> A sequence of rhythmic phrases chanted by students in unison, often with accompanying music, as an exercise for learning intonation and cadence.<\/em><\/p>\n<p><strong>Carolyn Graham<\/strong> est didacticienne de l\u2019anglais langue \u00e9trang\u00e8re et travaille sur l\u2019acquisition et la correction phonologique de l\u2019anglais par le jazz et le mouvement. <a href=\"https:\/\/www.youtube.com\/watch?v=R_nPUuPryCs\"><em>https:\/\/www.youtube.com\/watch?v=R_nPUuPryCs<\/em><\/a><\/p>\n<p><strong>Jazz chants for childre<em>n<\/em><\/strong><em>: <\/em><a href=\"https:\/\/www.youtube.com\/watch?v=uA4ZrZgm0OQ\"><em>https:\/\/www.youtube.com\/watch?v=uA4ZrZgm0OQ<\/em><\/a><\/p>\n<p>Ce qui est attendu pour chaque classe consiste en la cr\u00e9ation collective d\u2019une comptine rythm\u00e9e sur fond musical ou instrumental (onomatop\u00e9es, claquements de mains de langue de doigts, support rythm\u00e9 cr\u00e9\u00e9 \u00e0 partir d\u2019une \u00ab\u00a0boite \u00e0 rythme\u00a0\u00bb <a href=\"https:\/\/www.zikinf.com\/drumtrackz\/\">https:\/\/www.zikinf.com\/drumtrackz\/<\/a> ,\u00a0 <a href=\"http:\/\/www.unisson-online.com\/boite-rythmes-guitare-basse-i-playback-batterie-blues\/\">http:\/\/www.unisson-online.com\/boite-rythmes-guitare-basse-i-playback-batterie-blues\/<\/a>), dont les paroles s\u2019appuient sur une des 4 dimensions travaill\u00e9es en EMC et dont la longueur n\u2019exc\u00e8de pas 20 lignes.<\/p>\n<p>Ce jazz chant sera enregistr\u00e9 au <strong>format MP3<\/strong> (pas de vid\u00e9o). Les paroles seront \u00e9crites sur une page A4 (format Open Office writer ou word)\u00a0 et illustr\u00e9es par une image libre de droit ou un\u00a0 dessin repr\u00e9sentatifs sur une autre page A4.<\/p>\n<p>Soient\u00a0 <strong>3 documents<\/strong> \u00e0 d\u00e9poser, nommer et identifier\u00a0: circonscription, \u00e9cole, nom et num\u00e9ro de \u00a0classe, niveau de classe, nature du support\u00a0 (audio, texte, illustration ou image).<\/p>\n","protected":false},"excerpt":{"rendered":"<p>Vous avez une production unique \u00e0 renvoyer pour le 1er juin 2018 qui fera l\u2019objet du concours. Votre contribution sera \u00e0 envoyer \u00e0 l\u2019aide du service en ligne suivant\u00a0: https:\/\/wetransfer.com\/ Merci d\u2019indiquer comme adresse de r\u00e9ception\u00a0: mission.lve.dsden06@gmail.com Cette production consiste en la r\u00e9alisation d\u2019un \u00ab\u00a0Jazz chant\u00a0\u00bb, production qui vous est pr\u00e9sent\u00e9e dans le rappel ci-apr\u00e8s &hellip; <a href=\"https:\/\/ecole.ac-nice.fr\/nice3\/semainedeslangues2018\/la-production-a-envoyer\/\" class=\"more-link\">Continuer la lecture<span class=\"screen-reader-text\"> de &laquo;&nbsp;LA PRODUCTION A ENVOYER&nbsp;&raquo;<\/span><\/a><\/p>\n","protected":false},"author":2,"featured_media":0,"parent":0,"menu_order":0,"comment_status":"closed","ping_status":"closed","template":"","meta":{"footnotes":""},"class_list":["post-242","page","type-page","status-publish","hentry"],"_links":{"self":[{"href":"https:\/\/ecole.ac-nice.fr\/nice3\/semainedeslangues2018\/wp-json\/wp\/v2\/pages\/242","targetHints":{"allow":["GET"]}}],"collection":[{"href":"https:\/\/ecole.ac-nice.fr\/nice3\/semainedeslangues2018\/wp-json\/wp\/v2\/pages"}],"about":[{"href":"https:\/\/ecole.ac-nice.fr\/nice3\/semainedeslangues2018\/wp-json\/wp\/v2\/types\/page"}],"author":[{"embeddable":true,"href":"https:\/\/ecole.ac-nice.fr\/nice3\/semainedeslangues2018\/wp-json\/wp\/v2\/users\/2"}],"replies":[{"embeddable":true,"href":"https:\/\/ecole.ac-nice.fr\/nice3\/semainedeslangues2018\/wp-json\/wp\/v2\/comments?post=242"}],"version-history":[{"count":3,"href":"https:\/\/ecole.ac-nice.fr\/nice3\/semainedeslangues2018\/wp-json\/wp\/v2\/pages\/242\/revisions"}],"predecessor-version":[{"id":247,"href":"https:\/\/ecole.ac-nice.fr\/nice3\/semainedeslangues2018\/wp-json\/wp\/v2\/pages\/242\/revisions\/247"}],"wp:attachment":[{"href":"https:\/\/ecole.ac-nice.fr\/nice3\/semainedeslangues2018\/wp-json\/wp\/v2\/media?parent=242"}],"curies":[{"name":"wp","href":"https:\/\/api.w.org\/{rel}","templated":true}]}}