{"id":166,"date":"2017-05-09T16:42:20","date_gmt":"2017-05-09T14:42:20","guid":{"rendered":"https:\/\/ecole.ac-nice.fr\/nice3\/semainedeslangues\/?page_id=166"},"modified":"2017-05-19T18:22:20","modified_gmt":"2017-05-19T16:22:20","slug":"accueil","status":"publish","type":"page","link":"https:\/\/ecole.ac-nice.fr\/nice3\/semainedeslangues\/","title":{"rendered":"ACCUEIL"},"content":{"rendered":"<div class=\"\"><span style=\"color: #ff6600;\">PETIT MESSAGE \u00e9crit vendredi 19 mai 2017 (17h00) :<\/span><\/div>\n<div class=\"\"><\/div>\n<div class=\"\"><span style=\"color: #008000;\">A tous les enseignants ayant particip\u00e9 au d\u00e9fi d\u00e9partemental dans le cadre de \u00a0la semaine des langues :<\/span><\/div>\n<div class=\"\"><span style=\"color: #008000;\">\u00a0<\/span><\/div>\n<div class=\"\"><span style=\"color: #008000;\">L\u2019\u00e9quipe de la mission LVE vous remercie tr\u00e8s sinc\u00e8rement pour votre participation active. Vous avez \u00e9t\u00e9 nombreux \u00e0 r\u00e9pondre favorablement \u00e0 cette offre et nous faire part de vos t\u00e9moignages.<\/span><\/div>\n<div class=\"\"><span style=\"color: #008000;\">(Visibles en bas de la page du \u00ab\u00a0Fifth Day\u00a0\u00bb)<\/span><\/div>\n<div class=\"\"><span style=\"color: #008000;\">\u00a0<\/span><\/div>\n<div class=\"\"><span style=\"color: #008000;\">Nous attendons le dessin de votre classe le 29 mai au plus tard, \u00e0 d\u00e9poser \u00e0 l&rsquo;adresse ci-apr\u00e8s, pour \u00a0pouvoir \u00a0s\u00e9lectionner les gagnants et mettre en valeur leur production. Nous vous tiendrons inform\u00e9 des r\u00e9sultats et esp\u00e9rons vous retrouver encore tr\u00e8s nombreux pour le prochain d\u00e9fi, semaine des langues 2018-19.<\/span><\/div>\n<div class=\"\"><\/div>\n<div class=\"\"><span style=\"color: #ff6600;\">L\u2019\u00e9quipe de la mission \u00a0LVE<\/span><\/div>\n<div class=\"\"><\/div>\n<div class=\"\">&#8212;<\/div>\n<div class=\"\"><\/div>\n<div class=\"\">\n<div class=\"\"><\/div>\n<div class=\"\">adresse de d\u00e9p\u00f4t des dessins: <a href=\"mailto:mission.lve.dsden06@gmail.com\" target=\"_blank\" rel=\"noopener noreferrer\"><strong><span class=\"gI\">mission.lve.dsden06@gmail.com <\/span><\/strong><\/a><\/div>\n<\/div>\n<p>&#8212;&#8212;&#8212;&#8212;&#8212;&#8212;&#8212;&#8212;&#8212;&#8212;&#8212;&#8212;&#8212;&#8212;&#8212;&#8212;&#8212;&#8212;&#8212;&#8212;&#8212;&#8212;&#8212;&#8212;-<\/p>\n<p>Vous pourrez d\u00e9couvrir le d\u00e9roulement de la \u00ab\u00a0Semaine des Langues Vivantes 2017\u00a0\u00bb en suivant le menu \u00e0 droite.<\/p>\n<p>Bonne semaine !<\/p>\n<p>&nbsp;<\/p>\n","protected":false},"excerpt":{"rendered":"<p>PETIT MESSAGE \u00e9crit vendredi 19 mai 2017 (17h00) : A tous les enseignants ayant particip\u00e9 au d\u00e9fi d\u00e9partemental dans le cadre de \u00a0la semaine des langues : \u00a0 L\u2019\u00e9quipe de la mission LVE vous remercie tr\u00e8s sinc\u00e8rement pour votre participation active. Vous avez \u00e9t\u00e9 nombreux \u00e0 r\u00e9pondre favorablement \u00e0 cette offre et nous faire part &hellip; <a href=\"https:\/\/ecole.ac-nice.fr\/nice3\/semainedeslangues\/\" class=\"more-link\">Continuer la lecture<span class=\"screen-reader-text\"> de &laquo;&nbsp;ACCUEIL&nbsp;&raquo;<\/span><\/a><\/p>\n","protected":false},"author":2,"featured_media":0,"parent":0,"menu_order":0,"comment_status":"closed","ping_status":"closed","template":"","meta":{"footnotes":""},"class_list":["post-166","page","type-page","status-publish","hentry"],"_links":{"self":[{"href":"https:\/\/ecole.ac-nice.fr\/nice3\/semainedeslangues\/wp-json\/wp\/v2\/pages\/166","targetHints":{"allow":["GET"]}}],"collection":[{"href":"https:\/\/ecole.ac-nice.fr\/nice3\/semainedeslangues\/wp-json\/wp\/v2\/pages"}],"about":[{"href":"https:\/\/ecole.ac-nice.fr\/nice3\/semainedeslangues\/wp-json\/wp\/v2\/types\/page"}],"author":[{"embeddable":true,"href":"https:\/\/ecole.ac-nice.fr\/nice3\/semainedeslangues\/wp-json\/wp\/v2\/users\/2"}],"replies":[{"embeddable":true,"href":"https:\/\/ecole.ac-nice.fr\/nice3\/semainedeslangues\/wp-json\/wp\/v2\/comments?post=166"}],"version-history":[{"count":12,"href":"https:\/\/ecole.ac-nice.fr\/nice3\/semainedeslangues\/wp-json\/wp\/v2\/pages\/166\/revisions"}],"predecessor-version":[{"id":305,"href":"https:\/\/ecole.ac-nice.fr\/nice3\/semainedeslangues\/wp-json\/wp\/v2\/pages\/166\/revisions\/305"}],"wp:attachment":[{"href":"https:\/\/ecole.ac-nice.fr\/nice3\/semainedeslangues\/wp-json\/wp\/v2\/media?parent=166"}],"curies":[{"name":"wp","href":"https:\/\/api.w.org\/{rel}","templated":true}]}}