{"id":87,"date":"2018-11-25T11:32:47","date_gmt":"2018-11-25T10:32:47","guid":{"rendered":"http:\/\/ecole.ac-nice.fr\/nice2\/test\/?page_id=87"},"modified":"2022-09-22T15:23:22","modified_gmt":"2022-09-22T13:23:22","slug":"rentree-2019","status":"publish","type":"page","link":"https:\/\/ecole.ac-nice.fr\/nice2\/valarianemat\/rentree-2019\/","title":{"rendered":"Rentr\u00e9e 2022"},"content":{"rendered":"<p>Les horaires ont \u00e9t\u00e9 modifi\u00e9s<\/p>\n<p>8h20\/8h30 &#8211; 11h30<\/p>\n<p>13h10\/13h20 &#8211; 16h20<\/p>\n","protected":false},"excerpt":{"rendered":"<p>Les horaires ont \u00e9t\u00e9 modifi\u00e9s 8h20\/8h30 &#8211; 11h30 13h10\/13h20 &#8211; 16h20<\/p>\n","protected":false},"author":20,"featured_media":0,"parent":0,"menu_order":0,"comment_status":"closed","ping_status":"closed","template":"","meta":{"footnotes":""},"class_list":["post-87","page","type-page","status-publish","hentry"],"_links":{"self":[{"href":"https:\/\/ecole.ac-nice.fr\/nice2\/valarianemat\/wp-json\/wp\/v2\/pages\/87","targetHints":{"allow":["GET"]}}],"collection":[{"href":"https:\/\/ecole.ac-nice.fr\/nice2\/valarianemat\/wp-json\/wp\/v2\/pages"}],"about":[{"href":"https:\/\/ecole.ac-nice.fr\/nice2\/valarianemat\/wp-json\/wp\/v2\/types\/page"}],"author":[{"embeddable":true,"href":"https:\/\/ecole.ac-nice.fr\/nice2\/valarianemat\/wp-json\/wp\/v2\/users\/20"}],"replies":[{"embeddable":true,"href":"https:\/\/ecole.ac-nice.fr\/nice2\/valarianemat\/wp-json\/wp\/v2\/comments?post=87"}],"version-history":[{"count":6,"href":"https:\/\/ecole.ac-nice.fr\/nice2\/valarianemat\/wp-json\/wp\/v2\/pages\/87\/revisions"}],"predecessor-version":[{"id":1469,"href":"https:\/\/ecole.ac-nice.fr\/nice2\/valarianemat\/wp-json\/wp\/v2\/pages\/87\/revisions\/1469"}],"wp:attachment":[{"href":"https:\/\/ecole.ac-nice.fr\/nice2\/valarianemat\/wp-json\/wp\/v2\/media?parent=87"}],"curies":[{"name":"wp","href":"https:\/\/api.w.org\/{rel}","templated":true}]}}