{"id":83,"date":"2018-11-25T11:32:47","date_gmt":"2018-11-25T10:32:47","guid":{"rendered":"http:\/\/ecole.ac-nice.fr\/nice2\/test\/?page_id=83"},"modified":"2022-09-22T15:30:24","modified_gmt":"2022-09-22T13:30:24","slug":"reglement-interieur","status":"publish","type":"page","link":"https:\/\/ecole.ac-nice.fr\/nice2\/valarianemat\/reglement-interieur\/","title":{"rendered":"R\u00e8glement int\u00e9rieur"},"content":{"rendered":"<p><a href=\"http:\/\/ecole.ac-nice.fr\/nice2\/valarianemat\/wp-content\/uploads\/sites\/53\/2022\/09\/reglement-ecole.pdf\">r\u00e8glement ecole<\/a><\/p>\n<p>Nous vous informons qu&rsquo;en cas d&rsquo;absence d&rsquo;une enseignante, le personnel ne vous appelle pour vous pr\u00e9venir que lorsque cela est possible.<\/p>\n<p>Si toutefois cela n&rsquo;est pas le cas (r\u00e9ponse tardive de l&rsquo;Inspection au sujet du non remplacement), l&rsquo;\u00e9cole d\u00e9cline toutes responsabilit\u00e9s si nous n&rsquo;avons pas eu le temps de vous avertir avant 8h20.<\/p>\n","protected":false},"excerpt":{"rendered":"<p>r\u00e8glement ecole Nous vous informons qu&rsquo;en cas d&rsquo;absence d&rsquo;une enseignante, le personnel ne vous appelle pour vous pr\u00e9venir que lorsque cela est possible. Si toutefois cela n&rsquo;est pas le cas (r\u00e9ponse tardive de l&rsquo;Inspection au sujet du non remplacement), l&rsquo;\u00e9cole d\u00e9cline toutes responsabilit\u00e9s si nous n&rsquo;avons pas eu le temps de vous avertir avant 8h20.<\/p>\n","protected":false},"author":20,"featured_media":0,"parent":0,"menu_order":0,"comment_status":"closed","ping_status":"closed","template":"","meta":{"footnotes":""},"class_list":["post-83","page","type-page","status-publish","hentry"],"_links":{"self":[{"href":"https:\/\/ecole.ac-nice.fr\/nice2\/valarianemat\/wp-json\/wp\/v2\/pages\/83","targetHints":{"allow":["GET"]}}],"collection":[{"href":"https:\/\/ecole.ac-nice.fr\/nice2\/valarianemat\/wp-json\/wp\/v2\/pages"}],"about":[{"href":"https:\/\/ecole.ac-nice.fr\/nice2\/valarianemat\/wp-json\/wp\/v2\/types\/page"}],"author":[{"embeddable":true,"href":"https:\/\/ecole.ac-nice.fr\/nice2\/valarianemat\/wp-json\/wp\/v2\/users\/20"}],"replies":[{"embeddable":true,"href":"https:\/\/ecole.ac-nice.fr\/nice2\/valarianemat\/wp-json\/wp\/v2\/comments?post=83"}],"version-history":[{"count":6,"href":"https:\/\/ecole.ac-nice.fr\/nice2\/valarianemat\/wp-json\/wp\/v2\/pages\/83\/revisions"}],"predecessor-version":[{"id":1474,"href":"https:\/\/ecole.ac-nice.fr\/nice2\/valarianemat\/wp-json\/wp\/v2\/pages\/83\/revisions\/1474"}],"wp:attachment":[{"href":"https:\/\/ecole.ac-nice.fr\/nice2\/valarianemat\/wp-json\/wp\/v2\/media?parent=83"}],"curies":[{"name":"wp","href":"https:\/\/api.w.org\/{rel}","templated":true}]}}