{"id":76,"date":"2018-11-25T11:32:47","date_gmt":"2018-11-25T10:32:47","guid":{"rendered":"http:\/\/ecole.ac-nice.fr\/nice2\/test\/?page_id=76"},"modified":"2020-10-06T16:58:24","modified_gmt":"2020-10-06T14:58:24","slug":"ape","status":"publish","type":"page","link":"https:\/\/ecole.ac-nice.fr\/nice2\/valarianemat\/ape\/","title":{"rendered":"APE"},"content":{"rendered":"<p>&nbsp;<\/p>\n<p>Vous trouverez ci-dessous le tableau des repr\u00e9sentants des parents d&rsquo;\u00e9l\u00e8ves.<\/p>\n<p>&nbsp;<\/p>\n<p>&nbsp;<\/p>\n<p>&nbsp;<\/p>\n<p>&nbsp;<\/p>\n","protected":false},"excerpt":{"rendered":"<p>&nbsp; Vous trouverez ci-dessous le tableau des repr\u00e9sentants des parents d&rsquo;\u00e9l\u00e8ves. &nbsp; &nbsp; &nbsp; &nbsp;<\/p>\n","protected":false},"author":20,"featured_media":0,"parent":0,"menu_order":0,"comment_status":"closed","ping_status":"closed","template":"","meta":{"footnotes":""},"class_list":["post-76","page","type-page","status-publish","hentry"],"_links":{"self":[{"href":"https:\/\/ecole.ac-nice.fr\/nice2\/valarianemat\/wp-json\/wp\/v2\/pages\/76","targetHints":{"allow":["GET"]}}],"collection":[{"href":"https:\/\/ecole.ac-nice.fr\/nice2\/valarianemat\/wp-json\/wp\/v2\/pages"}],"about":[{"href":"https:\/\/ecole.ac-nice.fr\/nice2\/valarianemat\/wp-json\/wp\/v2\/types\/page"}],"author":[{"embeddable":true,"href":"https:\/\/ecole.ac-nice.fr\/nice2\/valarianemat\/wp-json\/wp\/v2\/users\/20"}],"replies":[{"embeddable":true,"href":"https:\/\/ecole.ac-nice.fr\/nice2\/valarianemat\/wp-json\/wp\/v2\/comments?post=76"}],"version-history":[{"count":9,"href":"https:\/\/ecole.ac-nice.fr\/nice2\/valarianemat\/wp-json\/wp\/v2\/pages\/76\/revisions"}],"predecessor-version":[{"id":1282,"href":"https:\/\/ecole.ac-nice.fr\/nice2\/valarianemat\/wp-json\/wp\/v2\/pages\/76\/revisions\/1282"}],"wp:attachment":[{"href":"https:\/\/ecole.ac-nice.fr\/nice2\/valarianemat\/wp-json\/wp\/v2\/media?parent=76"}],"curies":[{"name":"wp","href":"https:\/\/api.w.org\/{rel}","templated":true}]}}