{"id":61,"date":"2017-05-30T15:05:07","date_gmt":"2017-05-30T13:05:07","guid":{"rendered":"http:\/\/ecole.ac-nice.fr\/nice2\/test\/?page_id=61"},"modified":"2020-10-06T14:43:58","modified_gmt":"2020-10-06T12:43:58","slug":"bienvenue-sur-le-site-test-de-nice-2","status":"publish","type":"page","link":"https:\/\/ecole.ac-nice.fr\/nice2\/valarianemat\/","title":{"rendered":"Bienvenue notre site d&rsquo;\u00e9cole"},"content":{"rendered":"<p>Vous \u00eates sur le site de l&rsquo;\u00e9cole : <span style=\"color: #e3129a\"><strong>Val d&rsquo;Ariane Maternelle<\/strong>.<\/span><\/p>\n<p>&nbsp;<\/p>\n<p><img loading=\"lazy\" decoding=\"async\" class=\"alignnone wp-image-1005\" src=\"https:\/\/ecole.ac-nice.fr\/nice2\/valarianemat\/wp-content\/uploads\/sites\/53\/2020\/03\/IMG_3335_Original-300x225.jpg\" alt=\"\" width=\"380\" height=\"285\" srcset=\"https:\/\/ecole.ac-nice.fr\/nice2\/valarianemat\/wp-content\/uploads\/sites\/53\/2020\/03\/IMG_3335_Original-300x225.jpg 300w, https:\/\/ecole.ac-nice.fr\/nice2\/valarianemat\/wp-content\/uploads\/sites\/53\/2020\/03\/IMG_3335_Original-1024x768.jpg 1024w, https:\/\/ecole.ac-nice.fr\/nice2\/valarianemat\/wp-content\/uploads\/sites\/53\/2020\/03\/IMG_3335_Original-768x576.jpg 768w, https:\/\/ecole.ac-nice.fr\/nice2\/valarianemat\/wp-content\/uploads\/sites\/53\/2020\/03\/IMG_3335_Original.jpg 1080w\" sizes=\"auto, (max-width: 380px) 100vw, 380px\" \/><\/p>\n<p style=\"text-align: center\"><strong>CONTACT<\/strong> :<br \/>\nEcole maternelle Val d&rsquo;Ariane<br \/>\nrue R. Ponchon<br \/>\n06300 NICE<\/p>\n<p style=\"text-align: center\">T\u00e9l : 04 97 00 05 20<br \/>\nM\u00e8l : ecole.0061084W@ac-nice.fr<br \/>\nDirectrice : Mme Marion JALAIN<\/p>\n","protected":false},"excerpt":{"rendered":"<p>Vous \u00eates sur le site de l&rsquo;\u00e9cole : Val d&rsquo;Ariane Maternelle. &nbsp; CONTACT : Ecole maternelle Val d&rsquo;Ariane rue R. Ponchon 06300 NICE T\u00e9l : 04 97 00 05 20 M\u00e8l : ecole.0061084W@ac-nice.fr Directrice : Mme Marion JALAIN<\/p>\n","protected":false},"author":2,"featured_media":0,"parent":0,"menu_order":0,"comment_status":"closed","ping_status":"closed","template":"","meta":{"footnotes":""},"class_list":["post-61","page","type-page","status-publish","hentry"],"_links":{"self":[{"href":"https:\/\/ecole.ac-nice.fr\/nice2\/valarianemat\/wp-json\/wp\/v2\/pages\/61","targetHints":{"allow":["GET"]}}],"collection":[{"href":"https:\/\/ecole.ac-nice.fr\/nice2\/valarianemat\/wp-json\/wp\/v2\/pages"}],"about":[{"href":"https:\/\/ecole.ac-nice.fr\/nice2\/valarianemat\/wp-json\/wp\/v2\/types\/page"}],"author":[{"embeddable":true,"href":"https:\/\/ecole.ac-nice.fr\/nice2\/valarianemat\/wp-json\/wp\/v2\/users\/2"}],"replies":[{"embeddable":true,"href":"https:\/\/ecole.ac-nice.fr\/nice2\/valarianemat\/wp-json\/wp\/v2\/comments?post=61"}],"version-history":[{"count":17,"href":"https:\/\/ecole.ac-nice.fr\/nice2\/valarianemat\/wp-json\/wp\/v2\/pages\/61\/revisions"}],"predecessor-version":[{"id":1273,"href":"https:\/\/ecole.ac-nice.fr\/nice2\/valarianemat\/wp-json\/wp\/v2\/pages\/61\/revisions\/1273"}],"wp:attachment":[{"href":"https:\/\/ecole.ac-nice.fr\/nice2\/valarianemat\/wp-json\/wp\/v2\/media?parent=61"}],"curies":[{"name":"wp","href":"https:\/\/api.w.org\/{rel}","templated":true}]}}