{"id":61,"date":"2017-05-30T15:05:07","date_gmt":"2017-05-30T13:05:07","guid":{"rendered":"http:\/\/ecole.ac-nice.fr\/nice2\/test\/?page_id=61"},"modified":"2019-02-07T11:29:04","modified_gmt":"2019-02-07T10:29:04","slug":"bienvenue-sur-le-site-test-de-nice-2","status":"publish","type":"page","link":"https:\/\/ecole.ac-nice.fr\/nice2\/stexuperymaternelle\/","title":{"rendered":"Bienvenue notre site d&rsquo;\u00e9cole"},"content":{"rendered":"<p>Vous \u00eates sur le site de l&rsquo;\u00e9cole : <span style=\"color: #eb2a97;\">Saint Exup\u00e9ry Maternelle<\/span><\/p>\n<p style=\"text-align: center;\"><strong><img loading=\"lazy\" decoding=\"async\" class=\"aligncenter size-medium wp-image-159\" src=\"https:\/\/ecole.ac-nice.fr\/nice2\/stexuperymaternelle\/wp-content\/uploads\/sites\/22\/2018\/11\/plan-st-ex-mater-300x170.png\" alt=\"\" width=\"300\" height=\"170\" srcset=\"https:\/\/ecole.ac-nice.fr\/nice2\/stexuperymaternelle\/wp-content\/uploads\/sites\/22\/2018\/11\/plan-st-ex-mater-300x170.png 300w, https:\/\/ecole.ac-nice.fr\/nice2\/stexuperymaternelle\/wp-content\/uploads\/sites\/22\/2018\/11\/plan-st-ex-mater.png 664w\" sizes=\"auto, (max-width: 300px) 100vw, 300px\" \/>CONTACT<\/strong> :<br \/>\nEcole Maternelle Saint Exup\u00e9ry<br \/>\navenue de Saint Exup\u00e9ry<br \/>\n06100 NICE<\/p>\n<p style=\"text-align: center;\">T\u00e9l : 04 92 00 32 31<br \/>\nM\u00e8l : ecole.0060475J@ac-nice.fr<\/p>\n<p style=\"text-align: center;\">Directeur : M. Jos\u00e9 PEREZ<\/p>\n","protected":false},"excerpt":{"rendered":"<p>Vous \u00eates sur le site de l&rsquo;\u00e9cole : Saint Exup\u00e9ry Maternelle CONTACT : Ecole Maternelle Saint Exup\u00e9ry avenue de Saint Exup\u00e9ry 06100 NICE T\u00e9l : 04 92 00 32 31 M\u00e8l : ecole.0060475J@ac-nice.fr Directeur : M. Jos\u00e9 PEREZ<\/p>\n","protected":false},"author":2,"featured_media":0,"parent":0,"menu_order":0,"comment_status":"closed","ping_status":"closed","template":"","meta":{"footnotes":""},"class_list":["post-61","page","type-page","status-publish","hentry"],"_links":{"self":[{"href":"https:\/\/ecole.ac-nice.fr\/nice2\/stexuperymaternelle\/wp-json\/wp\/v2\/pages\/61","targetHints":{"allow":["GET"]}}],"collection":[{"href":"https:\/\/ecole.ac-nice.fr\/nice2\/stexuperymaternelle\/wp-json\/wp\/v2\/pages"}],"about":[{"href":"https:\/\/ecole.ac-nice.fr\/nice2\/stexuperymaternelle\/wp-json\/wp\/v2\/types\/page"}],"author":[{"embeddable":true,"href":"https:\/\/ecole.ac-nice.fr\/nice2\/stexuperymaternelle\/wp-json\/wp\/v2\/users\/2"}],"replies":[{"embeddable":true,"href":"https:\/\/ecole.ac-nice.fr\/nice2\/stexuperymaternelle\/wp-json\/wp\/v2\/comments?post=61"}],"version-history":[{"count":9,"href":"https:\/\/ecole.ac-nice.fr\/nice2\/stexuperymaternelle\/wp-json\/wp\/v2\/pages\/61\/revisions"}],"predecessor-version":[{"id":164,"href":"https:\/\/ecole.ac-nice.fr\/nice2\/stexuperymaternelle\/wp-json\/wp\/v2\/pages\/61\/revisions\/164"}],"wp:attachment":[{"href":"https:\/\/ecole.ac-nice.fr\/nice2\/stexuperymaternelle\/wp-json\/wp\/v2\/media?parent=61"}],"curies":[{"name":"wp","href":"https:\/\/api.w.org\/{rel}","templated":true}]}}