{"id":378,"date":"2017-04-28T13:36:59","date_gmt":"2017-04-28T11:36:59","guid":{"rendered":"http:\/\/ecole.ac-nice.fr\/nice2\/lycette-darsonval\/?page_id=378"},"modified":"2019-03-14T19:25:22","modified_gmt":"2019-03-14T18:25:22","slug":"informations-legales","status":"publish","type":"page","link":"https:\/\/ecole.ac-nice.fr\/nice2\/lycette-darsonval\/informations-legales\/","title":{"rendered":"Informations l\u00e9gales"},"content":{"rendered":"<p>Webmestre :<\/p>\n<p>Mme Suzanne Rivi\u00e8re,directrice<\/p>\n<p>Mme Fabienne Berg\u00e9 , ERUN Nice 2<\/p>\n<p>Directeur de publication :<\/p>\n<p>Madame Suzanne Rivi\u00e8re<\/p>\n<div>Adresse mail \u00e9cole :<\/div>\n<p><a href=\"mailto:ecole.0062026V@ac-nice.fr\">ecole.0062026V@ac-nice.fr<\/a><\/p>\n<p>Adresse \u00e9cole :<\/p>\n<p>12 rue Thyde Monnier<br \/>\n06100\u00a0 \u00a0NICE<br \/>\nt\u00e9l : 04.97.13.50.44<\/p>\n","protected":false},"excerpt":{"rendered":"<p>Webmestre : Mme Suzanne Rivi\u00e8re,directrice Mme Fabienne Berg\u00e9 , ERUN Nice 2 Directeur de publication : Madame Suzanne Rivi\u00e8re Adresse mail \u00e9cole : ecole.0062026V@ac-nice.fr Adresse \u00e9cole : 12 rue Thyde Monnier 06100\u00a0 \u00a0NICE t\u00e9l : 04.97.13.50.44<\/p>\n","protected":false},"author":2,"featured_media":0,"parent":0,"menu_order":0,"comment_status":"closed","ping_status":"closed","template":"","meta":{"footnotes":""},"class_list":["post-378","page","type-page","status-publish","hentry"],"_links":{"self":[{"href":"https:\/\/ecole.ac-nice.fr\/nice2\/lycette-darsonval\/wp-json\/wp\/v2\/pages\/378","targetHints":{"allow":["GET"]}}],"collection":[{"href":"https:\/\/ecole.ac-nice.fr\/nice2\/lycette-darsonval\/wp-json\/wp\/v2\/pages"}],"about":[{"href":"https:\/\/ecole.ac-nice.fr\/nice2\/lycette-darsonval\/wp-json\/wp\/v2\/types\/page"}],"author":[{"embeddable":true,"href":"https:\/\/ecole.ac-nice.fr\/nice2\/lycette-darsonval\/wp-json\/wp\/v2\/users\/2"}],"replies":[{"embeddable":true,"href":"https:\/\/ecole.ac-nice.fr\/nice2\/lycette-darsonval\/wp-json\/wp\/v2\/comments?post=378"}],"version-history":[{"count":5,"href":"https:\/\/ecole.ac-nice.fr\/nice2\/lycette-darsonval\/wp-json\/wp\/v2\/pages\/378\/revisions"}],"predecessor-version":[{"id":851,"href":"https:\/\/ecole.ac-nice.fr\/nice2\/lycette-darsonval\/wp-json\/wp\/v2\/pages\/378\/revisions\/851"}],"wp:attachment":[{"href":"https:\/\/ecole.ac-nice.fr\/nice2\/lycette-darsonval\/wp-json\/wp\/v2\/media?parent=378"}],"curies":[{"name":"wp","href":"https:\/\/api.w.org\/{rel}","templated":true}]}}