{"id":881,"date":"2019-01-25T10:52:02","date_gmt":"2019-01-25T09:52:02","guid":{"rendered":"http:\/\/ecole.ac-nice.fr\/nice2\/?page_id=881"},"modified":"2019-02-16T15:27:11","modified_gmt":"2019-02-16T14:27:11","slug":"applications-en-ligne-sites-et-logiciels-pour-la-classe","status":"publish","type":"page","link":"https:\/\/ecole.ac-nice.fr\/nice2\/?page_id=881","title":{"rendered":"APPLICATIONS EN LIGNE, SITES ET LOGICIELS POUR LA CLASSE"},"content":{"rendered":"<p>Voici une liste d&rsquo;applications Math\u00e9matiques pour tablettes tactiles et\/ou pour PC :<\/p>\n<p><a href=\"https:\/\/ecole.ac-nice.fr\/nice2\/wp-content\/uploads\/2019\/02\/Outils-TICE-Maths.pdf\">Outils TICE Math\u00e9matiques<\/a><\/p>\n<p>Voici une liste d&rsquo;applications Fran\u00e7ais pour tablettes tactiles :<\/p>\n<p><a href=\"https:\/\/ecole.ac-nice.fr\/nice2\/wp-content\/uploads\/2019\/02\/Ressources-applis-fran\u00e7ais.pdf\">Ressources-applis fran\u00e7ais<\/a><\/p>\n","protected":false},"excerpt":{"rendered":"<p>Voici une liste d&rsquo;applications Math\u00e9matiques pour tablettes tactiles et\/ou pour PC : Outils TICE Math\u00e9matiques Voici une liste d&rsquo;applications Fran\u00e7ais pour tablettes tactiles : Ressources-applis fran\u00e7ais<\/p>\n","protected":false},"author":20,"featured_media":0,"parent":0,"menu_order":0,"comment_status":"closed","ping_status":"closed","template":"","meta":{"footnotes":""},"class_list":["post-881","page","type-page","status-publish","hentry"],"_links":{"self":[{"href":"https:\/\/ecole.ac-nice.fr\/nice2\/index.php?rest_route=\/wp\/v2\/pages\/881","targetHints":{"allow":["GET"]}}],"collection":[{"href":"https:\/\/ecole.ac-nice.fr\/nice2\/index.php?rest_route=\/wp\/v2\/pages"}],"about":[{"href":"https:\/\/ecole.ac-nice.fr\/nice2\/index.php?rest_route=\/wp\/v2\/types\/page"}],"author":[{"embeddable":true,"href":"https:\/\/ecole.ac-nice.fr\/nice2\/index.php?rest_route=\/wp\/v2\/users\/20"}],"replies":[{"embeddable":true,"href":"https:\/\/ecole.ac-nice.fr\/nice2\/index.php?rest_route=%2Fwp%2Fv2%2Fcomments&post=881"}],"version-history":[{"count":5,"href":"https:\/\/ecole.ac-nice.fr\/nice2\/index.php?rest_route=\/wp\/v2\/pages\/881\/revisions"}],"predecessor-version":[{"id":1016,"href":"https:\/\/ecole.ac-nice.fr\/nice2\/index.php?rest_route=\/wp\/v2\/pages\/881\/revisions\/1016"}],"wp:attachment":[{"href":"https:\/\/ecole.ac-nice.fr\/nice2\/index.php?rest_route=%2Fwp%2Fv2%2Fmedia&parent=881"}],"curies":[{"name":"wp","href":"https:\/\/api.w.org\/{rel}","templated":true}]}}