{"id":758,"date":"2018-12-21T18:26:53","date_gmt":"2018-12-21T17:26:53","guid":{"rendered":"http:\/\/ecole.ac-nice.fr\/nice2\/?page_id=758"},"modified":"2018-12-21T18:27:04","modified_gmt":"2018-12-21T17:27:04","slug":"referentiel-numerique-a-lecole","status":"publish","type":"page","link":"https:\/\/ecole.ac-nice.fr\/nice2\/?page_id=758","title":{"rendered":"R\u00e9f\u00e9rentiel num\u00e9rique \u00e0 l&rsquo;\u00e9cole"},"content":{"rendered":"<p><a href=\"https:\/\/ecole.ac-nice.fr\/nice2\/wp-content\/uploads\/2018\/12\/cadre_de_reference_des_competences_numeriques_690478.pdf\">cadre_de_reference_des_competences_numeriques_690478<\/a><\/p>\n<p>&nbsp;<\/p>\n","protected":false},"excerpt":{"rendered":"<p>cadre_de_reference_des_competences_numeriques_690478 &nbsp;<\/p>\n","protected":false},"author":20,"featured_media":0,"parent":0,"menu_order":0,"comment_status":"closed","ping_status":"closed","template":"","meta":{"footnotes":""},"class_list":["post-758","page","type-page","status-publish","hentry"],"_links":{"self":[{"href":"https:\/\/ecole.ac-nice.fr\/nice2\/index.php?rest_route=\/wp\/v2\/pages\/758","targetHints":{"allow":["GET"]}}],"collection":[{"href":"https:\/\/ecole.ac-nice.fr\/nice2\/index.php?rest_route=\/wp\/v2\/pages"}],"about":[{"href":"https:\/\/ecole.ac-nice.fr\/nice2\/index.php?rest_route=\/wp\/v2\/types\/page"}],"author":[{"embeddable":true,"href":"https:\/\/ecole.ac-nice.fr\/nice2\/index.php?rest_route=\/wp\/v2\/users\/20"}],"replies":[{"embeddable":true,"href":"https:\/\/ecole.ac-nice.fr\/nice2\/index.php?rest_route=%2Fwp%2Fv2%2Fcomments&post=758"}],"version-history":[{"count":1,"href":"https:\/\/ecole.ac-nice.fr\/nice2\/index.php?rest_route=\/wp\/v2\/pages\/758\/revisions"}],"predecessor-version":[{"id":760,"href":"https:\/\/ecole.ac-nice.fr\/nice2\/index.php?rest_route=\/wp\/v2\/pages\/758\/revisions\/760"}],"wp:attachment":[{"href":"https:\/\/ecole.ac-nice.fr\/nice2\/index.php?rest_route=%2Fwp%2Fv2%2Fmedia&parent=758"}],"curies":[{"name":"wp","href":"https:\/\/api.w.org\/{rel}","templated":true}]}}