{"id":619,"date":"2017-10-04T14:48:02","date_gmt":"2017-10-04T12:48:02","guid":{"rendered":"http:\/\/ecole.ac-nice.fr\/nice2\/?page_id=619"},"modified":"2021-10-07T13:56:20","modified_gmt":"2021-10-07T11:56:20","slug":"lequipe-de-circonscription","status":"publish","type":"page","link":"https:\/\/ecole.ac-nice.fr\/nice2\/?page_id=619","title":{"rendered":"L&rsquo;\u00e9quipe de circonscription"},"content":{"rendered":"<p>&nbsp;<\/p>\n<table style=\"width: 110.359%; border-collapse: collapse; border-style: dotted; border-color: #a388d1; background-color: #e7d1e8; height: 337px;\" border=\"1\">\n<tbody>\n<tr>\n<td style=\"width: 60.9942638623327%;\"><span class=\"texte\" style=\"font-size: 14pt; font-family: tahoma, arial, helvetica, sans-serif;\"><strong>Inspectrice de l\u2019\u00c9ducation Nationale\u00a0<\/strong><\/span><\/td>\n<td style=\"width: 38.81453154875717%;\"><span style=\"font-family: tahoma, arial, helvetica, sans-serif;\"><span style=\"font-size: 18.6667px;\"><b>Mme Sandrine SAUREL<\/b><\/span><\/span><\/td>\n<\/tr>\n<tr>\n<td style=\"width: 60.9942638623327%;\"><span class=\"texte\" style=\"font-size: 14pt; font-family: tahoma, arial, helvetica, sans-serif;\"><span class=\"fondpage\"><strong>Secr\u00e9taire <\/strong><\/span><\/span><\/td>\n<td style=\"width: 38.81453154875717%;\"><span style=\"font-size: 14pt; font-family: tahoma, arial, helvetica, sans-serif;\"><strong><span class=\"texte\">Annie CASTROS<\/span><\/strong><\/span><\/td>\n<\/tr>\n<tr>\n<td style=\"width: 60.9942638623327%;\"><span class=\"texte\" style=\"font-size: 14pt; font-family: tahoma, arial, helvetica, sans-serif;\"><span class=\"fondpage\"><strong>Conseill\u00e8re p\u00e9dagogique de circonscription (CPC)<br \/>\n<\/strong><\/span><\/span><\/td>\n<td style=\"width: 38.81453154875717%;\"><span style=\"font-size: 14pt; font-family: tahoma, arial, helvetica, sans-serif;\"><strong>Sandrine ROBIN<\/strong><\/span><\/td>\n<\/tr>\n<tr>\n<td style=\"width: 60.9942638623327%;\"><span class=\"texte\" style=\"font-size: 14pt; font-family: tahoma, arial, helvetica, sans-serif;\"><span class=\"fondpage\"><strong>Conseill\u00e8re p\u00e9dagogique\u00a0 <span class=\"texte\">de circonscription (CPC)<\/span><\/strong><\/span><\/span><\/td>\n<td style=\"width: 38.81453154875717%;\"><span style=\"font-size: 14pt; font-family: tahoma, arial, helvetica, sans-serif;\"><strong>Fabienne ANIGO <\/strong><\/span><\/td>\n<\/tr>\n<tr>\n<td style=\"width: 60.9942638623327%;\"><span class=\"texte\" style=\"font-size: 14pt; font-family: tahoma, arial, helvetica, sans-serif;\"><span class=\"fondpage\"><strong>Coordonnatrice R\u00e9seau REP+<\/strong><\/span><\/span><\/td>\n<td style=\"width: 38.81453154875717%;\"><span style=\"font-size: 14pt; font-family: tahoma, arial, helvetica, sans-serif;\"><strong>Corinne ARDON <\/strong><\/span><\/td>\n<\/tr>\n<tr>\n<td style=\"width: 60.9942638623327%;\"><span class=\"texte\" style=\"font-size: 14pt; font-family: tahoma, arial, helvetica, sans-serif;\"><span class=\"fondpage\"><strong>Enseignant R\u00e9f\u00e9rent pour l&rsquo;Usage du Num\u00e9rique<\/strong><\/span><\/span><\/td>\n<td style=\"width: 38.81453154875717%;\"><span style=\"font-size: 14pt; font-family: tahoma, arial, helvetica, sans-serif;\"><strong>Manuela DA SILVA<\/strong><\/span><\/td>\n<\/tr>\n<\/tbody>\n<\/table>\n<p><span style=\"font-size: 14pt;\"><strong><span class=\"texte\"><br \/>\n<\/span><\/strong><\/span><span class=\"texte\" style=\"font-size: 14pt;\"><span class=\"fondpage\"><strong><br \/>\n<\/strong><\/span><\/span><span class=\"texte\" style=\"font-size: 14pt;\"><span class=\"fondpage\"><strong><br \/>\n<\/strong><\/span><\/span><\/p>\n<p><span class=\"texte\"><strong><a href=\"http:\/\/ecole.ac-nice.fr\/nice2\/\">Retour \u00e0 l&rsquo;accueil<\/a>\u00a0<\/strong><\/span><\/p>\n","protected":false},"excerpt":{"rendered":"<p>&nbsp; Inspectrice de l\u2019\u00c9ducation Nationale\u00a0 Mme Sandrine SAUREL Secr\u00e9taire Annie CASTROS Conseill\u00e8re p\u00e9dagogique de circonscription (CPC) Sandrine ROBIN Conseill\u00e8re p\u00e9dagogique\u00a0 de circonscription (CPC) Fabienne ANIGO Coordonnatrice R\u00e9seau REP+ Corinne ARDON Enseignant R\u00e9f\u00e9rent pour l&rsquo;Usage du Num\u00e9rique Manuela DA SILVA Retour \u00e0 l&rsquo;accueil\u00a0<\/p>\n","protected":false},"author":2,"featured_media":0,"parent":0,"menu_order":0,"comment_status":"closed","ping_status":"closed","template":"","meta":{"footnotes":""},"class_list":["post-619","page","type-page","status-publish","hentry"],"_links":{"self":[{"href":"https:\/\/ecole.ac-nice.fr\/nice2\/index.php?rest_route=\/wp\/v2\/pages\/619","targetHints":{"allow":["GET"]}}],"collection":[{"href":"https:\/\/ecole.ac-nice.fr\/nice2\/index.php?rest_route=\/wp\/v2\/pages"}],"about":[{"href":"https:\/\/ecole.ac-nice.fr\/nice2\/index.php?rest_route=\/wp\/v2\/types\/page"}],"author":[{"embeddable":true,"href":"https:\/\/ecole.ac-nice.fr\/nice2\/index.php?rest_route=\/wp\/v2\/users\/2"}],"replies":[{"embeddable":true,"href":"https:\/\/ecole.ac-nice.fr\/nice2\/index.php?rest_route=%2Fwp%2Fv2%2Fcomments&post=619"}],"version-history":[{"count":12,"href":"https:\/\/ecole.ac-nice.fr\/nice2\/index.php?rest_route=\/wp\/v2\/pages\/619\/revisions"}],"predecessor-version":[{"id":1581,"href":"https:\/\/ecole.ac-nice.fr\/nice2\/index.php?rest_route=\/wp\/v2\/pages\/619\/revisions\/1581"}],"wp:attachment":[{"href":"https:\/\/ecole.ac-nice.fr\/nice2\/index.php?rest_route=%2Fwp%2Fv2%2Fmedia&parent=619"}],"curies":[{"name":"wp","href":"https:\/\/api.w.org\/{rel}","templated":true}]}}