{"id":614,"date":"2017-10-04T14:36:53","date_gmt":"2017-10-04T12:36:53","guid":{"rendered":"http:\/\/ecole.ac-nice.fr\/nice2\/?page_id=614"},"modified":"2025-09-09T10:59:57","modified_gmt":"2025-09-09T08:59:57","slug":"comment-joindre-ou-aller-a-la-circonscription","status":"publish","type":"page","link":"https:\/\/ecole.ac-nice.fr\/nice2\/?page_id=614","title":{"rendered":"Coordonn\u00e9es et membres de l&rsquo;\u00e9quipe"},"content":{"rendered":"<table style=\"border-collapse: collapse;width: 124.06463570985741%;height: 158px\" border=\"1\">\n<tbody>\n<tr>\n<td style=\"width: 50%;text-align: center;vertical-align: middle\"><img loading=\"lazy\" decoding=\"async\" class=\"alignnone size-medium wp-image-711\" src=\"https:\/\/ecole.ac-nice.fr\/nice2\/wp-content\/uploads\/2018\/11\/Californie-300x252.png\" alt=\"\" width=\"300\" height=\"252\" srcset=\"https:\/\/ecole.ac-nice.fr\/nice2\/wp-content\/uploads\/2018\/11\/Californie-300x252.png 300w, https:\/\/ecole.ac-nice.fr\/nice2\/wp-content\/uploads\/2018\/11\/Californie.png 634w\" sizes=\"auto, (max-width: 300px) 100vw, 300px\" \/><\/td>\n<td style=\"width: 66.66666666666666%;text-align: center\"><span style=\"font-size: 14pt\"><strong><span class=\"texte\">Inspection de l&rsquo;Education Nationale <\/span><\/strong><\/span><\/p>\n<p><span style=\"font-size: 14pt\"><strong><span class=\"texte\">Circonscription de Nice 2<br \/>\n266 avenue de la Californie<br \/>\n4\u00e8me \u00e9tage<\/span><span class=\"texte\"><br \/>\n<\/span>06200 NICE\u00a0<\/strong><\/span><\/p>\n<p><span style=\"font-size: 14pt\"><strong>04 92 07 54 21<\/strong><\/span><\/td>\n<\/tr>\n<\/tbody>\n<\/table>\n<p>&nbsp;<\/p>\n<p>&nbsp;<\/p>\n<p>&nbsp;<\/p>\n<table style=\"height: 319px;width: 165.085%\" width=\"534\">\n<tbody>\n<tr style=\"height: 56px\">\n<td style=\"width: 42.5303%;vertical-align: middle;text-align: center;height: 56px\"><strong>Inspectrice de l&rsquo;Education Nationale<\/strong><\/td>\n<td style=\"text-align: center;vertical-align: middle;width: 22.006%;height: 56px\"><strong>Karine SADRAN<\/strong><\/td>\n<td style=\"text-align: center;vertical-align: middle;width: 76.9154%;height: 56px\"><a href=\"mailto:ien-06.nice2@ac-nice.fr\">ien-06.nice2@ac-nice.fr<\/a><br \/>\n04 92 07 54 21<\/td>\n<\/tr>\n<tr style=\"height: 104px\">\n<td style=\"width: 42.5303%;height: 51px\">\n<p style=\"text-align: center\">\nSecr\u00e9taire de circonscription<\/p>\n<\/td>\n<td style=\"text-align: center;vertical-align: middle;width: 22.006%;height: 51px\">Nissaf ZIOUD<\/td>\n<td style=\"text-align: center;vertical-align: middle;width: 76.9154%;height: 51px\"><a href=\"mailto:ien-06.nice2@ac-nice.fr\">ien-06.nice2@ac-nice.fr<\/a><br \/>\n04 92 07 54 21<\/td>\n<\/tr>\n<tr style=\"height: 122px\">\n<td style=\"width: 42.5303%;height: 34px\">\n<p style=\"text-align: center\">\nConseill\u00e8re P\u00e9dagogique de Circonscription<\/p>\n<\/td>\n<td style=\"text-align: center;vertical-align: middle;width: 22.006%;height: 34px\">Sandrine ROBIN<\/td>\n<td style=\"text-align: center;vertical-align: middle;width: 76.9154%;height: 34px\">\n<a href=\"mailto:CPCG.Nice-2@ac-nice.fr\">CPCG.Nice-2@ac-nice.fr<\/a><\/td>\n<\/tr>\n<tr style=\"height: 56px\">\n<td style=\"width: 42.5303%;text-align: center;height: 56px\">Conseill\u00e8re P\u00e9dagogique de Circonscription<\/td>\n<td style=\"text-align: center;vertical-align: middle;width: 22.006%;height: 56px\">St\u00e9phanie PERLA<\/td>\n<td style=\"text-align: center;vertical-align: middle;width: 76.9154%;height: 56px\"><a href=\"mailto:CPEPS.Nice-2@ac-nice.fr\">CPEPS.Nice-2@ac-nice.fr<\/a><\/td>\n<\/tr>\n<tr style=\"height: 56px\">\n<td style=\"width: 42.5303%;text-align: center;height: 56px\">\nConseill\u00e8re P\u00e9dagogique de Circonscription<\/td>\n<td style=\"text-align: center;vertical-align: middle;width: 22.006%;height: 56px\">Cathy PAYAN<\/td>\n<td style=\"text-align: center;vertical-align: middle;width: 76.9154%;height: 56px\"><a href=\"mailto:cathy.payan@ac-nice.fr\">cathy.payan@ac-nice.fr<\/a><\/td>\n<\/tr>\n<tr style=\"height: 56px\">\n<td style=\"width: 42.5303%;vertical-align: middle;text-align: center;height: 56px\">Conseiller P\u00e9dagogique de Circonscription<\/td>\n<td style=\"text-align: center;vertical-align: middle;width: 22.006%;height: 56px\">Zouhir BEN LARBI<\/td>\n<td style=\"text-align: center;vertical-align: middle;width: 76.9154%;height: 56px\"><a href=\"mailto:cpc-val-num.nice@ac-nice.fr\">cpc-val-num.nice2@ac-nice.fr<\/a><\/td>\n<\/tr>\n<tr style=\"height: 10px\">\n<td style=\"width: 42.5303%;height: 10px;text-align: center\">\nCoordonnatrice R\u00e9seau Rep+ Ariane\/Jaubert<\/td>\n<td style=\"width: 22.006%;height: 10px;text-align: center\">\nManuela DA SILVA<\/td>\n<td style=\"width: 76.9154%;height: 10px;text-align: center\">\n<a href=\"mailto:Coordonnateur-zep-ariane@ac-nice.fr\">Coordonnateur-zep-ariane@ac-nice.fr<\/a><\/td>\n<\/tr>\n<\/tbody>\n<\/table>\n<p>&nbsp;<\/p>\n<p>&nbsp;<\/p>\n<p>&nbsp;<\/p>\n<p>&nbsp;<\/p>\n<p><span style=\"font-size: 14pt\"><a href=\"http:\/\/ecole.ac-nice.fr\/nice2\/\">Retour \u00e0 l&rsquo;accueil<\/a><\/span><\/p>\n","protected":false},"excerpt":{"rendered":"<p>Inspection de l&rsquo;Education Nationale Circonscription de Nice 2 266 avenue de la Californie 4\u00e8me \u00e9tage 06200 NICE\u00a0 04 92 07 54 21 &nbsp; &nbsp; &nbsp; Inspectrice de l&rsquo;Education Nationale Karine SADRAN ien-06.nice2@ac-nice.fr 04 92 07 54 21 Secr\u00e9taire de circonscription Nissaf ZIOUD ien-06.nice2@ac-nice.fr 04 92 07 54 21 Conseill\u00e8re P\u00e9dagogique de Circonscription Sandrine ROBIN CPCG.Nice-2@ac-nice.fr &hellip; <a href=\"https:\/\/ecole.ac-nice.fr\/nice2\/?page_id=614\" class=\"more-link\">Continuer la lecture de <span class=\"screen-reader-text\">Coordonn\u00e9es et membres de l&rsquo;\u00e9quipe<\/span>  <span class=\"meta-nav\">&rarr;<\/span><\/a><\/p>\n","protected":false},"author":2,"featured_media":0,"parent":0,"menu_order":0,"comment_status":"closed","ping_status":"closed","template":"","meta":{"footnotes":""},"class_list":["post-614","page","type-page","status-publish","hentry"],"_links":{"self":[{"href":"https:\/\/ecole.ac-nice.fr\/nice2\/index.php?rest_route=\/wp\/v2\/pages\/614","targetHints":{"allow":["GET"]}}],"collection":[{"href":"https:\/\/ecole.ac-nice.fr\/nice2\/index.php?rest_route=\/wp\/v2\/pages"}],"about":[{"href":"https:\/\/ecole.ac-nice.fr\/nice2\/index.php?rest_route=\/wp\/v2\/types\/page"}],"author":[{"embeddable":true,"href":"https:\/\/ecole.ac-nice.fr\/nice2\/index.php?rest_route=\/wp\/v2\/users\/2"}],"replies":[{"embeddable":true,"href":"https:\/\/ecole.ac-nice.fr\/nice2\/index.php?rest_route=%2Fwp%2Fv2%2Fcomments&post=614"}],"version-history":[{"count":40,"href":"https:\/\/ecole.ac-nice.fr\/nice2\/index.php?rest_route=\/wp\/v2\/pages\/614\/revisions"}],"predecessor-version":[{"id":1618,"href":"https:\/\/ecole.ac-nice.fr\/nice2\/index.php?rest_route=\/wp\/v2\/pages\/614\/revisions\/1618"}],"wp:attachment":[{"href":"https:\/\/ecole.ac-nice.fr\/nice2\/index.php?rest_route=%2Fwp%2Fv2%2Fmedia&parent=614"}],"curies":[{"name":"wp","href":"https:\/\/api.w.org\/{rel}","templated":true}]}}