{"id":1080,"date":"2019-07-29T16:51:44","date_gmt":"2019-07-29T14:51:44","guid":{"rendered":"http:\/\/ecole.ac-nice.fr\/nice2\/?page_id=1080"},"modified":"2020-11-06T20:05:00","modified_gmt":"2020-11-06T19:05:00","slug":"direction-decole","status":"publish","type":"page","link":"https:\/\/ecole.ac-nice.fr\/nice2\/?page_id=1080","title":{"rendered":"Direction d&rsquo;\u00e9cole"},"content":{"rendered":"<p>Pour acc\u00e9der \u00e0 cette rubrique, merci d&rsquo;utiliser le menu d\u00e9roulant \u00e0 votre disposition.<\/p>\n<p>Bonne visite.<\/p>\n","protected":false},"excerpt":{"rendered":"<p>Pour acc\u00e9der \u00e0 cette rubrique, merci d&rsquo;utiliser le menu d\u00e9roulant \u00e0 votre disposition. Bonne visite.<\/p>\n","protected":false},"author":20,"featured_media":0,"parent":0,"menu_order":0,"comment_status":"closed","ping_status":"closed","template":"","meta":{"footnotes":""},"class_list":["post-1080","page","type-page","status-publish","hentry"],"_links":{"self":[{"href":"https:\/\/ecole.ac-nice.fr\/nice2\/index.php?rest_route=\/wp\/v2\/pages\/1080","targetHints":{"allow":["GET"]}}],"collection":[{"href":"https:\/\/ecole.ac-nice.fr\/nice2\/index.php?rest_route=\/wp\/v2\/pages"}],"about":[{"href":"https:\/\/ecole.ac-nice.fr\/nice2\/index.php?rest_route=\/wp\/v2\/types\/page"}],"author":[{"embeddable":true,"href":"https:\/\/ecole.ac-nice.fr\/nice2\/index.php?rest_route=\/wp\/v2\/users\/20"}],"replies":[{"embeddable":true,"href":"https:\/\/ecole.ac-nice.fr\/nice2\/index.php?rest_route=%2Fwp%2Fv2%2Fcomments&post=1080"}],"version-history":[{"count":3,"href":"https:\/\/ecole.ac-nice.fr\/nice2\/index.php?rest_route=\/wp\/v2\/pages\/1080\/revisions"}],"predecessor-version":[{"id":1513,"href":"https:\/\/ecole.ac-nice.fr\/nice2\/index.php?rest_route=\/wp\/v2\/pages\/1080\/revisions\/1513"}],"wp:attachment":[{"href":"https:\/\/ecole.ac-nice.fr\/nice2\/index.php?rest_route=%2Fwp%2Fv2%2Fmedia&parent=1080"}],"curies":[{"name":"wp","href":"https:\/\/api.w.org\/{rel}","templated":true}]}}