{"id":61,"date":"2017-05-30T15:05:07","date_gmt":"2017-05-30T13:05:07","guid":{"rendered":"http:\/\/ecole.ac-nice.fr\/nice2\/test\/?page_id=61"},"modified":"2020-03-15T15:29:51","modified_gmt":"2020-03-15T14:29:51","slug":"bienvenue-sur-le-site-test-de-nice-2","status":"publish","type":"page","link":"https:\/\/ecole.ac-nice.fr\/nice2\/gravedepeilleprimaire\/","title":{"rendered":"Bienvenue notre site d&rsquo;\u00e9cole"},"content":{"rendered":"<p>Vous \u00eates sur le site de l&rsquo;\u00e9cole : <span style=\"color: #f70ac4\"><b>Grave de Peille Primaire<\/b><\/span><\/p>\n<p style=\"text-align: center\"><strong><img loading=\"lazy\" decoding=\"async\" class=\"aligncenter size-full wp-image-161\" src=\"https:\/\/ecole.ac-nice.fr\/nice2\/gravedepeilleprimaire\/wp-content\/uploads\/sites\/39\/2018\/11\/photo-\u00e9cole-grave-de-peille.png\" alt=\"\" width=\"185\" height=\"184\" srcset=\"https:\/\/ecole.ac-nice.fr\/nice2\/gravedepeilleprimaire\/wp-content\/uploads\/sites\/39\/2018\/11\/photo-\u00e9cole-grave-de-peille.png 185w, https:\/\/ecole.ac-nice.fr\/nice2\/gravedepeilleprimaire\/wp-content\/uploads\/sites\/39\/2018\/11\/photo-\u00e9cole-grave-de-peille-150x150.png 150w\" sizes=\"auto, (max-width: 185px) 100vw, 185px\" \/><\/strong><\/p>\n<p style=\"text-align: center\"><strong><span style=\"color: #ff0000\">CORONAVIRUS<\/span>\u00a0<span style=\"color: #ff0000\">COVID 19<\/span><\/strong><\/p>\n<p><span style=\"color: #0000ff\">Dimanche 15 \u00a0mars 2020<\/span><\/p>\n<div class=\"\">L\u2019annonce du Pr\u00e9sident de la R\u00e9publique sur la fermeture des \u00e9coles est une mesure qui prendra effet \u00e0 compter du\u00a0<a>lundi 16 mars<\/a>.<\/div>\n<div class=\"\">A cette m\u00eame date, il nous appartiendra d\u2019organiser la continuit\u00e9 p\u00e9dagogique ainsi que l\u2019accueil des enfants des personnels de sant\u00e9 concern\u00e9s par la gestion de crise sanitaire : se r\u00e9f\u00e9rer \u00e0 l\u2019infographie en pi\u00e8ce jointe (<a href=\"https:\/\/ecole.ac-nice.fr\/nice2\/gravedepeilleprimaire\/wp-content\/uploads\/sites\/39\/2020\/03\/FICHE-COVID-Garde-denfants.pdf\">FICHE COVID Garde d&rsquo;enfants<\/a>).<\/div>\n<div><\/div>\n<div>Ainsi je vous demande de vous manifester <span style=\"color: #ff0000\">sans d\u00e9lai <\/span>par mail (ecole.0060488Y@ac-nice.fr) si vous \u00eates concern\u00e9s par cette mesure et que vous n&rsquo;avez <span style=\"color: #ff0000\">aucun autre mode de garde.<\/span><\/div>\n<div><\/div>\n<div>Les enfants seront accueillis par groupe de 10 \u00e9l\u00e8ves maximum aux horaires de l&rsquo;\u00e9cole soit :<\/div>\n<div>8h20-11h30 et 12h50-16h<\/div>\n<div><\/div>\n<div>\n<div>\n<blockquote class=\"\">\n<div class=\"\">\n<div class=\"\">\n<div class=\"\">\n<div class=\"\">Il n\u2019y aura pas de service de cantine mais la commune mettra \u00e0 disposition du personnel pour la prise des repas entre 11h30 et 12h50. Les enfants doivent donc amener leur repas dans une glaci\u00e8re munie de pain de glace si le repas n\u00e9cessite d&rsquo;\u00eatre gard\u00e9 au frais.<\/div>\n<\/div>\n<\/div>\n<\/div>\n<\/blockquote>\n<\/div>\n<\/div>\n<div>Avec toute ma consid\u00e9ration,<\/div>\n<div><\/div>\n<p>Mme ROBIN<\/p>\n<p>&nbsp;<\/p>\n<p style=\"text-align: center\"><strong>CONTACT<\/strong> :<br \/>\nEcole primaire de la Grave de Peille<br \/>\n758 Route des Clues<br \/>\n06440 PEILLE<\/p>\n<p style=\"text-align: center\">T\u00e9l : 04 93 87 19 47<br \/>\nM\u00e8l : ecole.0060488Y@ac-nice.fr<br \/>\nDirectrice : Mme Sandrine ROBIN<\/p>\n","protected":false},"excerpt":{"rendered":"<p>Vous \u00eates sur le site de l&rsquo;\u00e9cole : Grave de Peille Primaire CORONAVIRUS\u00a0COVID 19 Dimanche 15 \u00a0mars 2020 L\u2019annonce du Pr\u00e9sident de la R\u00e9publique sur la fermeture des \u00e9coles est une mesure qui prendra effet \u00e0 compter du\u00a0lundi 16 mars. A cette m\u00eame date, il nous appartiendra d\u2019organiser la continuit\u00e9 p\u00e9dagogique ainsi que l\u2019accueil des &hellip; <a href=\"https:\/\/ecole.ac-nice.fr\/nice2\/gravedepeilleprimaire\/\" class=\"more-link\">Continuer la lecture de <span class=\"screen-reader-text\">Bienvenue notre site d&rsquo;\u00e9cole<\/span>  <span class=\"meta-nav\">&rarr;<\/span><\/a><\/p>\n","protected":false},"author":2,"featured_media":0,"parent":0,"menu_order":0,"comment_status":"closed","ping_status":"closed","template":"","meta":{"footnotes":""},"class_list":["post-61","page","type-page","status-publish","hentry"],"_links":{"self":[{"href":"https:\/\/ecole.ac-nice.fr\/nice2\/gravedepeilleprimaire\/wp-json\/wp\/v2\/pages\/61","targetHints":{"allow":["GET"]}}],"collection":[{"href":"https:\/\/ecole.ac-nice.fr\/nice2\/gravedepeilleprimaire\/wp-json\/wp\/v2\/pages"}],"about":[{"href":"https:\/\/ecole.ac-nice.fr\/nice2\/gravedepeilleprimaire\/wp-json\/wp\/v2\/types\/page"}],"author":[{"embeddable":true,"href":"https:\/\/ecole.ac-nice.fr\/nice2\/gravedepeilleprimaire\/wp-json\/wp\/v2\/users\/2"}],"replies":[{"embeddable":true,"href":"https:\/\/ecole.ac-nice.fr\/nice2\/gravedepeilleprimaire\/wp-json\/wp\/v2\/comments?post=61"}],"version-history":[{"count":25,"href":"https:\/\/ecole.ac-nice.fr\/nice2\/gravedepeilleprimaire\/wp-json\/wp\/v2\/pages\/61\/revisions"}],"predecessor-version":[{"id":246,"href":"https:\/\/ecole.ac-nice.fr\/nice2\/gravedepeilleprimaire\/wp-json\/wp\/v2\/pages\/61\/revisions\/246"}],"wp:attachment":[{"href":"https:\/\/ecole.ac-nice.fr\/nice2\/gravedepeilleprimaire\/wp-json\/wp\/v2\/media?parent=61"}],"curies":[{"name":"wp","href":"https:\/\/api.w.org\/{rel}","templated":true}]}}