{"id":83,"date":"2018-11-25T11:32:47","date_gmt":"2018-11-25T10:32:47","guid":{"rendered":"http:\/\/ecole.ac-nice.fr\/nice2\/test\/?page_id=83"},"modified":"2019-03-06T14:27:20","modified_gmt":"2019-03-06T13:27:20","slug":"reglement-interieur","status":"publish","type":"page","link":"https:\/\/ecole.ac-nice.fr\/nice2\/ecole-bacasable\/reglement-interieur\/","title":{"rendered":"R\u00e8glement int\u00e9rieur"},"content":{"rendered":"<p><strong>Que trouve-t-on dans le r\u00e8glement int\u00e9rieur de l&rsquo;\u00e9cole\u00a0?<\/strong><\/p>\n<p><strong>Les r\u00e8gles de vie<\/strong><\/p>\n<p>Le r\u00e8glement int\u00e9rieur<strong>\u00a0rassemble et fixe dans un seul document l&rsquo;ensemble des r\u00e8gles et des principes de vie dans l&rsquo;\u00e9cole.<\/strong><\/p>\n<p>Il d\u00e9termine notamment les conditions dans lesquelles sont mis en \u0153uvre\u00a0:<\/p>\n<ul>\n<li>le<strong>respect de l\u2019obligation d\u2019assiduit\u00e9<\/strong><\/li>\n<li>le\u00a0<strong>droit des parents \u00e0 l\u2019information<\/strong>sur les acquis et le comportement scolaire de leurs enfants<\/li>\n<li>le\u00a0<strong>respect des principes du vivre-ensemble, de la\u00efcit\u00e9 et de pluralisme<\/strong>et le devoir qui en d\u00e9coule de tol\u00e9rance et de respect d&rsquo;autrui dans sa personnalit\u00e9 et dans ses convictions<\/li>\n<li>les<strong>garanties de protection de l\u2019enfant et de sa dignit\u00e9<\/strong>, l\u2019interdiction des ch\u00e2timents corporels et traitements humiliants<\/li>\n<\/ul>\n<p>Il fixe, par ailleurs,<strong>\u00a0les mesures d&rsquo;organisation de l&rsquo;\u00e9tablissement<\/strong>\u00a0:<\/p>\n<ul>\n<li>les\u00a0<strong>heures d&rsquo;entr\u00e9e et de sortie<\/strong>des \u00e9l\u00e8ves<\/li>\n<li>les modalit\u00e9s d\u2019information des parents et l\u2019<strong>organisation du dialogue entre les familles et l\u2019\u00e9quipe p\u00e9dagogique<\/strong><\/li>\n<li>les\u00a0<strong>r\u00e8gles d\u2019hygi\u00e8ne et de s\u00e9curit\u00e9<\/strong><\/li>\n<li>les\u00a0<strong>mesures de pr\u00e9vention contre le harc\u00e8lement<\/strong><\/li>\n<li>l&rsquo;<strong>usage ou l&rsquo;interdiction de certains objets personnels<\/strong>(objets dangereux, objets fragiles ou on\u00e9reux, \u00e9charpes, etc.)<\/li>\n<\/ul>\n","protected":false},"excerpt":{"rendered":"<p>Que trouve-t-on dans le r\u00e8glement int\u00e9rieur de l&rsquo;\u00e9cole\u00a0? Les r\u00e8gles de vie Le r\u00e8glement int\u00e9rieur\u00a0rassemble et fixe dans un seul document l&rsquo;ensemble des r\u00e8gles et des principes de vie dans l&rsquo;\u00e9cole. Il d\u00e9termine notamment les conditions dans lesquelles sont mis en \u0153uvre\u00a0: lerespect de l\u2019obligation d\u2019assiduit\u00e9 le\u00a0droit des parents \u00e0 l\u2019informationsur les acquis et le &hellip; Continuer la lecture de R\u00e8glement int\u00e9rieur  &rarr;<\/p>\n","protected":false},"author":20,"featured_media":0,"parent":0,"menu_order":0,"comment_status":"closed","ping_status":"closed","template":"","meta":{"footnotes":""},"class_list":["post-83","page","type-page","status-publish","hentry"],"_links":{"self":[{"href":"https:\/\/ecole.ac-nice.fr\/nice2\/ecole-bacasable\/wp-json\/wp\/v2\/pages\/83","targetHints":{"allow":["GET"]}}],"collection":[{"href":"https:\/\/ecole.ac-nice.fr\/nice2\/ecole-bacasable\/wp-json\/wp\/v2\/pages"}],"about":[{"href":"https:\/\/ecole.ac-nice.fr\/nice2\/ecole-bacasable\/wp-json\/wp\/v2\/types\/page"}],"author":[{"embeddable":true,"href":"https:\/\/ecole.ac-nice.fr\/nice2\/ecole-bacasable\/wp-json\/wp\/v2\/users\/20"}],"replies":[{"embeddable":true,"href":"https:\/\/ecole.ac-nice.fr\/nice2\/ecole-bacasable\/wp-json\/wp\/v2\/comments?post=83"}],"version-history":[{"count":3,"href":"https:\/\/ecole.ac-nice.fr\/nice2\/ecole-bacasable\/wp-json\/wp\/v2\/pages\/83\/revisions"}],"predecessor-version":[{"id":315,"href":"https:\/\/ecole.ac-nice.fr\/nice2\/ecole-bacasable\/wp-json\/wp\/v2\/pages\/83\/revisions\/315"}],"wp:attachment":[{"href":"https:\/\/ecole.ac-nice.fr\/nice2\/ecole-bacasable\/wp-json\/wp\/v2\/media?parent=83"}],"curies":[{"name":"wp","href":"https:\/\/api.w.org\/{rel}","templated":true}]}}