{"id":47,"date":"2017-05-25T11:25:33","date_gmt":"2017-05-25T09:25:33","guid":{"rendered":"http:\/\/ecole.ac-nice.fr\/nice2\/test\/?page_id=47"},"modified":"2019-08-27T10:55:36","modified_gmt":"2019-08-27T08:55:36","slug":"informations-legales","status":"publish","type":"page","link":"https:\/\/ecole.ac-nice.fr\/nice2\/ecole-bacasable\/informations-legales\/","title":{"rendered":"Informations l\u00e9gales"},"content":{"rendered":"<p>Webmestre :<\/p>\n<p>Monsieur MARTIN<\/p>\n<p>Directeur de publication :<\/p>\n<p>Monsieur MARTIN<\/p>\n<div>Adresse mail \u00e9cole :<\/div>\n<p><a href=\"mailto:ecole.0060856Y@ac-nice.fr\">ecole.0060@ac-paris.fr<\/a><\/p>\n<p>Adresse \u00e9cole :<\/p>\n<p>12 Rue du Monde<br \/>\n75015 PARIS<br \/>\nt\u00e9l : 01 89 99 99 90<\/p>\n","protected":false},"excerpt":{"rendered":"<p>Webmestre : Monsieur MARTIN Directeur de publication : Monsieur MARTIN Adresse mail \u00e9cole : ecole.0060@ac-paris.fr Adresse \u00e9cole : 12 Rue du Monde 75015 PARIS t\u00e9l : 01 89 99 99 90<\/p>\n","protected":false},"author":2,"featured_media":0,"parent":0,"menu_order":0,"comment_status":"closed","ping_status":"closed","template":"","meta":{"footnotes":""},"class_list":["post-47","page","type-page","status-publish","hentry"],"_links":{"self":[{"href":"https:\/\/ecole.ac-nice.fr\/nice2\/ecole-bacasable\/wp-json\/wp\/v2\/pages\/47","targetHints":{"allow":["GET"]}}],"collection":[{"href":"https:\/\/ecole.ac-nice.fr\/nice2\/ecole-bacasable\/wp-json\/wp\/v2\/pages"}],"about":[{"href":"https:\/\/ecole.ac-nice.fr\/nice2\/ecole-bacasable\/wp-json\/wp\/v2\/types\/page"}],"author":[{"embeddable":true,"href":"https:\/\/ecole.ac-nice.fr\/nice2\/ecole-bacasable\/wp-json\/wp\/v2\/users\/2"}],"replies":[{"embeddable":true,"href":"https:\/\/ecole.ac-nice.fr\/nice2\/ecole-bacasable\/wp-json\/wp\/v2\/comments?post=47"}],"version-history":[{"count":6,"href":"https:\/\/ecole.ac-nice.fr\/nice2\/ecole-bacasable\/wp-json\/wp\/v2\/pages\/47\/revisions"}],"predecessor-version":[{"id":292,"href":"https:\/\/ecole.ac-nice.fr\/nice2\/ecole-bacasable\/wp-json\/wp\/v2\/pages\/47\/revisions\/292"}],"wp:attachment":[{"href":"https:\/\/ecole.ac-nice.fr\/nice2\/ecole-bacasable\/wp-json\/wp\/v2\/media?parent=47"}],"curies":[{"name":"wp","href":"https:\/\/api.w.org\/{rel}","templated":true}]}}