{"id":286,"date":"2017-05-19T14:56:17","date_gmt":"2017-05-19T12:56:17","guid":{"rendered":"http:\/\/ecole.ac-nice.fr\/nice2\/cimiez-essling\/?page_id=286"},"modified":"2017-05-19T14:56:17","modified_gmt":"2017-05-19T12:56:17","slug":"liens","status":"publish","type":"page","link":"https:\/\/ecole.ac-nice.fr\/nice2\/cimiez-essling\/liens\/","title":{"rendered":"Liens"},"content":{"rendered":"<p><a href=\"http:\/\/www.education.gouv.fr\/cid85267\/-mise-a-jour-du-26-janvier-consignes-de-securite-applicables-dans-les-etablissements-relevant-du-ministere.html\">Consignes vigipirates<br \/>\nInformations minist\u00e8re de l&rsquo;\u00e9ducation nationale<br \/>\n<\/a><a href=\"http:\/\/www2.ac-nice.fr\/DSDEN06\/cid97997\/inscription-en-classe-a-horaires-amenages-musique-cham.html\">Inscription en classe CHAM<\/a><a href=\"http:\/\/www.education.gouv.fr\/cid85267\/-mise-a-jour-du-26-janvier-consignes-de-securite-applicables-dans-les-etablissements-relevant-du-ministere.html\"><br \/>\n<\/a><a href=\"http:\/\/www.logicieleducatif.fr\/maternelle\/eveil\/manipulation-souris-noel.php\">Jeux site Internet<br \/>\n<\/a><a href=\"https:\/\/www.educlasse.fr\/\">Les livres scolaires num\u00e9riques<br \/>\n<\/a><a href=\"https:\/\/www.vinzetlou.net\/\">Parcours citoyen : instruction civique<br \/>\n<\/a><a href=\"http:\/\/literacycenter.net\/play_learn\/writing_fr\/pen_fr_uc.php\">Pour les maternelles \u00a0pour \u00e9crire l&rsquo;alphabet<\/a><\/p>\n<p>&nbsp;<\/p>\n<p>&nbsp;<\/p>\n","protected":false},"excerpt":{"rendered":"<p>Consignes vigipirates Informations minist\u00e8re de l&rsquo;\u00e9ducation nationale Inscription en classe CHAM Jeux site Internet Les livres scolaires num\u00e9riques Parcours citoyen : instruction civique Pour les maternelles \u00a0pour \u00e9crire l&rsquo;alphabet &nbsp; &nbsp;<\/p>\n","protected":false},"author":2,"featured_media":0,"parent":0,"menu_order":0,"comment_status":"closed","ping_status":"closed","template":"","meta":{"footnotes":""},"class_list":["post-286","page","type-page","status-publish","hentry"],"_links":{"self":[{"href":"https:\/\/ecole.ac-nice.fr\/nice2\/cimiez-essling\/wp-json\/wp\/v2\/pages\/286","targetHints":{"allow":["GET"]}}],"collection":[{"href":"https:\/\/ecole.ac-nice.fr\/nice2\/cimiez-essling\/wp-json\/wp\/v2\/pages"}],"about":[{"href":"https:\/\/ecole.ac-nice.fr\/nice2\/cimiez-essling\/wp-json\/wp\/v2\/types\/page"}],"author":[{"embeddable":true,"href":"https:\/\/ecole.ac-nice.fr\/nice2\/cimiez-essling\/wp-json\/wp\/v2\/users\/2"}],"replies":[{"embeddable":true,"href":"https:\/\/ecole.ac-nice.fr\/nice2\/cimiez-essling\/wp-json\/wp\/v2\/comments?post=286"}],"version-history":[{"count":1,"href":"https:\/\/ecole.ac-nice.fr\/nice2\/cimiez-essling\/wp-json\/wp\/v2\/pages\/286\/revisions"}],"predecessor-version":[{"id":287,"href":"https:\/\/ecole.ac-nice.fr\/nice2\/cimiez-essling\/wp-json\/wp\/v2\/pages\/286\/revisions\/287"}],"wp:attachment":[{"href":"https:\/\/ecole.ac-nice.fr\/nice2\/cimiez-essling\/wp-json\/wp\/v2\/media?parent=286"}],"curies":[{"name":"wp","href":"https:\/\/api.w.org\/{rel}","templated":true}]}}